{"id":4387,"date":"2025-04-08T19:00:38","date_gmt":"2025-04-08T19:00:38","guid":{"rendered":"https:\/\/prathaminternational.org\/treinamento-de-jovens\/"},"modified":"2025-08-20T14:52:22","modified_gmt":"2025-08-20T14:52:22","slug":"treinamento-de-jovens","status":"publish","type":"page","link":"https:\/\/prathaminternational.org\/pt-br\/treinamento-de-jovens\/","title":{"rendered":"Treinamento de jovens"},"content":{"rendered":"\t\t<div data-elementor-type=\"wp-page\" data-elementor-id=\"4387\" class=\"elementor elementor-4387 elementor-4384\" data-elementor-post-type=\"page\">\n\t\t\t\t<div class=\"elementor-element elementor-element-dd3962d e-con-full e-flex e-con e-parent\" data-id=\"dd3962d\" data-element_type=\"container\" data-e-type=\"container\" data-settings=\"{&quot;background_background&quot;:&quot;classic&quot;}\">\n\t\t\t\t<div class=\"elementor-element elementor-element-9706e2a elementor-widget__width-initial elementor-absolute elementor-widget elementor-widget-text-editor\" data-id=\"9706e2a\" data-element_type=\"widget\" data-e-type=\"widget\" data-settings=\"{&quot;_position&quot;:&quot;absolute&quot;}\" data-widget_type=\"text-editor.default\">\n\t\t\t\t<div class=\"elementor-widget-container\">\n\t\t\t\t\t\t\t\t\t<h1><strong>Treinamento de jovens  <\/strong><\/h1><p><span style=\"font-weight: 400;\">O programa de capacita\u00e7\u00e3o de jovens tem como objetivo capacitar jovens adultos com habilidades relevantes para o setor, melhorando sua empregabilidade e garantindo que o treinamento vocacional atenda \u00e0s necessidades do setor em constante evolu\u00e7\u00e3o.<\/span><\/p>\t\t\t\t\t\t\t\t<\/div>\n\t\t\t\t<\/div>\n\t\t\t\t<\/div>\n\t\t<div class=\"elementor-element elementor-element-4856f45 e-flex e-con-boxed e-con e-parent\" data-id=\"4856f45\" data-element_type=\"container\" data-e-type=\"container\" data-settings=\"{&quot;background_background&quot;:&quot;classic&quot;}\">\n\t\t\t\t\t<div class=\"e-con-inner\">\n\t\t\t\t<div class=\"elementor-element elementor-element-2635d0f elementor-widget-mobile__width-initial elementor-widget__width-initial elementor-widget elementor-widget-heading\" data-id=\"2635d0f\" data-element_type=\"widget\" data-e-type=\"widget\" data-widget_type=\"heading.default\">\n\t\t\t\t<div class=\"elementor-widget-container\">\n\t\t\t\t\t<h3 class=\"elementor-heading-title elementor-size-default\">Introdu\u00e7\u00e3o<\/h3>\t\t\t\t<\/div>\n\t\t\t\t<\/div>\n\t\t\t\t\t<\/div>\n\t\t\t\t<\/div>\n\t\t<div class=\"elementor-element elementor-element-f51b8a7 e-flex e-con-boxed e-con e-parent\" data-id=\"f51b8a7\" data-element_type=\"container\" data-e-type=\"container\" data-settings=\"{&quot;background_background&quot;:&quot;classic&quot;}\">\n\t\t\t\t\t<div class=\"e-con-inner\">\n\t\t<div class=\"elementor-element elementor-element-6a12fee e-con-full e-flex e-con e-child\" data-id=\"6a12fee\" data-element_type=\"container\" data-e-type=\"container\" data-settings=\"{&quot;background_background&quot;:&quot;classic&quot;}\">\n\t\t\t\t<div class=\"elementor-element elementor-element-fb2822c elementor-widget elementor-widget-text-editor\" data-id=\"fb2822c\" data-element_type=\"widget\" data-e-type=\"widget\" data-widget_type=\"text-editor.default\">\n\t\t\t\t<div class=\"elementor-widget-container\">\n\t\t\t\t\t\t\t\t\t<p>Na \u00c1frica, 1 em cada 5 jovens n\u00e3o tem acesso a emprego ou educa\u00e7\u00e3o, com altas taxas de jovens que n\u00e3o est\u00e3o em educa\u00e7\u00e3o, emprego ou treinamento (NEET). O desemprego e o subemprego dos jovens continuam sendo desafios persistentes, com muitos envolvidos em empregos de baixa qualidade ou vulner\u00e1veis, principalmente no setor informal. Em pa\u00edses como o Qu\u00eania, as institui\u00e7\u00f5es de Educa\u00e7\u00e3o e Treinamento T\u00e9cnico e Vocacional (TVET) desempenham um papel fundamental para equipar os jovens com habilidades relevantes para o setor, produzindo aproximadamente 300.000 graduados anualmente. Entretanto, as habilidades t\u00e9cnicas por si s\u00f3 n\u00e3o s\u00e3o suficientes para um emprego significativo. Os jovens tamb\u00e9m precisam de habilidades interpessoais, orienta\u00e7\u00e3o profissional e mentoria para navegar com efici\u00eancia no mercado de trabalho atual.    <\/p>\t\t\t\t\t\t\t\t<\/div>\n\t\t\t\t<\/div>\n\t\t\t\t<\/div>\n\t\t<div class=\"elementor-element elementor-element-304b534 e-con-full e-flex e-con e-child\" data-id=\"304b534\" data-element_type=\"container\" data-e-type=\"container\">\n\t\t\t\t<div class=\"elementor-element elementor-element-01da2d9 elementor-widget__width-inherit elementor-widget elementor-widget-image\" data-id=\"01da2d9\" data-element_type=\"widget\" data-e-type=\"widget\" data-widget_type=\"image.default\">\n\t\t\t\t<div class=\"elementor-widget-container\">\n\t\t\t\t\t\t\t\t\t\t\t\t<figure class=\"wp-caption\">\n\t\t\t\t\t\t\t\t\t\t<img fetchpriority=\"high\" decoding=\"async\" width=\"640\" height=\"853\" src=\"https:\/\/prathaminternational.org\/wp-content\/uploads\/2025\/08\/e0b9a5b5-a5a7-4ec5-a884-29c715cf2729-768x1024.jpg\" class=\"attachment-large size-large wp-image-4696\" alt=\"\" srcset=\"https:\/\/prathaminternational.org\/wp-content\/uploads\/2025\/08\/e0b9a5b5-a5a7-4ec5-a884-29c715cf2729-768x1024.jpg 768w, https:\/\/prathaminternational.org\/wp-content\/uploads\/2025\/08\/e0b9a5b5-a5a7-4ec5-a884-29c715cf2729-225x300.jpg 225w, https:\/\/prathaminternational.org\/wp-content\/uploads\/2025\/08\/e0b9a5b5-a5a7-4ec5-a884-29c715cf2729.jpg 960w\" sizes=\"(max-width: 640px) 100vw, 640px\" \/>\t\t\t\t\t\t\t\t\t\t\t<figcaption class=\"widget-image-caption wp-caption-text\"><\/figcaption>\n\t\t\t\t\t\t\t\t\t\t<\/figure>\n\t\t\t\t\t\t\t\t\t<\/div>\n\t\t\t\t<\/div>\n\t\t\t\t<\/div>\n\t\t\t\t\t<\/div>\n\t\t\t\t<\/div>\n\t\t<div class=\"elementor-element elementor-element-7980d6d e-flex e-con-boxed e-con e-parent\" data-id=\"7980d6d\" data-element_type=\"container\" data-e-type=\"container\" data-settings=\"{&quot;background_background&quot;:&quot;classic&quot;}\">\n\t\t\t\t\t<div class=\"e-con-inner\">\n\t\t\t\t<div class=\"elementor-element elementor-element-a8c4e1b elementor-widget-mobile__width-initial elementor-widget__width-initial elementor-widget elementor-widget-heading\" data-id=\"a8c4e1b\" data-element_type=\"widget\" data-e-type=\"widget\" data-widget_type=\"heading.default\">\n\t\t\t\t<div class=\"elementor-widget-container\">\n\t\t\t\t\t<h3 class=\"elementor-heading-title elementor-size-default\">Solu\u00e7\u00e3o<\/h3>\t\t\t\t<\/div>\n\t\t\t\t<\/div>\n\t\t\t\t\t<\/div>\n\t\t\t\t<\/div>\n\t\t<div class=\"elementor-element elementor-element-80bc4f6 e-con-full e-flex e-con e-parent\" data-id=\"80bc4f6\" data-element_type=\"container\" data-e-type=\"container\" data-settings=\"{&quot;background_background&quot;:&quot;classic&quot;}\">\n\t\t<div class=\"elementor-element elementor-element-b9b1a34 e-con-full e-flex e-con e-child\" data-id=\"b9b1a34\" data-element_type=\"container\" data-e-type=\"container\" data-settings=\"{&quot;background_background&quot;:&quot;classic&quot;}\">\n\t\t\t\t<div class=\"elementor-element elementor-element-663a30b elementor-widget elementor-widget-text-editor\" data-id=\"663a30b\" data-element_type=\"widget\" data-e-type=\"widget\" data-widget_type=\"text-editor.default\">\n\t\t\t\t<div class=\"elementor-widget-container\">\n\t\t\t\t\t\t\t\t\t<p>Com base em sua experi\u00eancia na amplia\u00e7\u00e3o de programas vocacionais na \u00cdndia, a Pratham pretende compartilhar suas interven\u00e7\u00f5es de treinamento de jovens com as partes interessadas em todo o Sul Global, fortalecendo os esfor\u00e7os para aumentar a empregabilidade e as oportunidades econ\u00f4micas para os jovens.<\/p><p>A Pratham busca fortalecer de forma colaborativa o ecossistema de treinamento vocacional em um contexto, compartilhando metodologias pr\u00e1ticas, equipando os instrutores com m\u00e9todos de ensino digitalmente habilitados e conectando os jovens a oportunidades de emprego. Para preencher a lacuna entre o treinamento e o emprego, promovemos parcerias com o setor para vincular os alunos e as institui\u00e7\u00f5es de TVET a oportunidades de est\u00e1gios e empregos, al\u00e9m de incentivar o envolvimento do setor no fornecimento de feedback e conhecimento especializado. Nosso objetivo \u00e9 construir relacionamentos s\u00f3lidos com o governo, o setor e a sociedade civil para viabilizar programas sustent\u00e1veis.  <\/p>\t\t\t\t\t\t\t\t<\/div>\n\t\t\t\t<\/div>\n\t\t\t\t<div class=\"elementor-element elementor-element-b9ca20c elementor-widget elementor-widget-heading\" data-id=\"b9ca20c\" data-element_type=\"widget\" data-e-type=\"widget\" data-widget_type=\"heading.default\">\n\t\t\t\t<div class=\"elementor-widget-container\">\n\t\t\t\t\t<h3 class=\"elementor-heading-title elementor-size-default\">Componentes principais da abordagem<\/h3>\t\t\t\t<\/div>\n\t\t\t\t<\/div>\n\t\t<div class=\"elementor-element elementor-element-9893580 e-grid e-con-full e-con e-child\" data-id=\"9893580\" data-element_type=\"container\" data-e-type=\"container\">\n\t\t<div class=\"elementor-element elementor-element-6a9c676 e-con-full e-flex e-con e-child\" data-id=\"6a9c676\" data-element_type=\"container\" data-e-type=\"container\" data-settings=\"{&quot;background_background&quot;:&quot;classic&quot;}\">\n\t\t\t\t<div class=\"elementor-element elementor-element-ca8ef75 elementor-position-top elementor-position-top elementor-widget elementor-widget-image-box\" data-id=\"ca8ef75\" data-element_type=\"widget\" data-e-type=\"widget\" data-widget_type=\"image-box.default\">\n\t\t\t\t<div class=\"elementor-widget-container\">\n\t\t\t\t\t<div class=\"elementor-image-box-wrapper\"><figure class=\"elementor-image-box-img\"><img decoding=\"async\" width=\"128\" height=\"128\" src=\"https:\/\/prathaminternational.org\/wp-content\/uploads\/2025\/04\/training.png\" class=\"attachment-full size-full wp-image-4443\" alt=\"training\" \/><\/figure><div class=\"elementor-image-box-content\"><h4 class=\"elementor-image-box-title\">Treinamento de instrutores<\/h4><p class=\"elementor-image-box-description\">A iniciativa de Treinamento de Instrutores visa aprimorar a capacidade dos educadores vocacionais, equipando-os com metodologias de ensino eficazes e compartilhando recursos de aprendizagem digital. Os instrutores especializados realizam workshops aprofundados, on-line e pr\u00e1ticos, com foco em t\u00e9cnicas interativas, aprendizagem entre pares e aplica\u00e7\u00e3o pr\u00e1tica. Projetado como um modelo escal\u00e1vel, o treinamento capacita os instrutores a criar ambientes de aprendizagem envolventes. Para garantir um impacto duradouro, eles recebem suporte cont\u00ednuo para integrar novos m\u00e9todos e participar de treinamentos on-line e presenciais de habilidades sociais para aumentar a empregabilidade dos jovens.   <\/p><\/div><\/div>\t\t\t\t<\/div>\n\t\t\t\t<\/div>\n\t\t\t\t<\/div>\n\t\t<div class=\"elementor-element elementor-element-997141f e-con-full e-flex e-con e-child\" data-id=\"997141f\" data-element_type=\"container\" data-e-type=\"container\" data-settings=\"{&quot;background_background&quot;:&quot;classic&quot;}\">\n\t\t\t\t<div class=\"elementor-element elementor-element-e00f2a4 elementor-position-top elementor-position-top elementor-widget elementor-widget-image-box\" data-id=\"e00f2a4\" data-element_type=\"widget\" data-e-type=\"widget\" data-widget_type=\"image-box.default\">\n\t\t\t\t<div class=\"elementor-widget-container\">\n\t\t\t\t\t<div class=\"elementor-image-box-wrapper\"><figure class=\"elementor-image-box-img\"><img decoding=\"async\" width=\"128\" height=\"128\" src=\"https:\/\/prathaminternational.org\/wp-content\/uploads\/2025\/04\/bridging-gap.png\" class=\"attachment-full size-full wp-image-4453\" alt=\"\" \/><\/figure><div class=\"elementor-image-box-content\"><h4 class=\"elementor-image-box-title\">Preenchendo lacunas de equipamentos<\/h4><p class=\"elementor-image-box-description\">Um desafio cr\u00edtico identificado durante nossa avalia\u00e7\u00e3o foi a falta de ferramentas essenciais para o aprendizado pr\u00e1tico. Com o piloto de um laborat\u00f3rio modelo, pretendemos criar uma estrutura replic\u00e1vel que, com o apoio do setor, possa ser expandida para outros centros. Essa iniciativa garante que os trainees adquiram experi\u00eancia pr\u00e1tica em ambientes bem equipados, preenchendo a lacuna entre o aprendizado em sala de aula e os requisitos do setor.  <\/p><\/div><\/div>\t\t\t\t<\/div>\n\t\t\t\t<\/div>\n\t\t\t\t<\/div>\n\t\t<div class=\"elementor-element elementor-element-e3af542 e-con-full e-flex e-con e-child\" data-id=\"e3af542\" data-element_type=\"container\" data-e-type=\"container\" data-settings=\"{&quot;background_background&quot;:&quot;classic&quot;}\">\n\t\t\t\t<div class=\"elementor-element elementor-element-9fb6a83 elementor-position-top elementor-position-top elementor-widget elementor-widget-image-box\" data-id=\"9fb6a83\" data-element_type=\"widget\" data-e-type=\"widget\" data-widget_type=\"image-box.default\">\n\t\t\t\t<div class=\"elementor-widget-container\">\n\t\t\t\t\t<div class=\"elementor-image-box-wrapper\"><figure class=\"elementor-image-box-img\"><img loading=\"lazy\" decoding=\"async\" width=\"128\" height=\"128\" src=\"https:\/\/prathaminternational.org\/wp-content\/uploads\/2025\/04\/partner.png\" class=\"attachment-full size-full wp-image-4460\" alt=\"\" \/><\/figure><div class=\"elementor-image-box-content\"><h4 class=\"elementor-image-box-title\">Parcerias com o setor e v\u00ednculos empregat\u00edcios<\/h4><p class=\"elementor-image-box-description\">Para preencher a lacuna entre o treinamento vocacional e as necessidades do setor, colaboramos ativamente com ind\u00fastrias de v\u00e1rios setores para alinhar o treinamento com as necessidades do setor. Por meio de parcerias com o setor, nosso objetivo \u00e9 facilitar a fixa\u00e7\u00e3o dos jovens e as oportunidades de emprego, garantindo exposi\u00e7\u00e3o pr\u00e1tica e avan\u00e7o na carreira. Com base nesse impulso, agora estamos nos concentrando em garantir empregos sustent\u00e1veis e de longo prazo para os jovens. Al\u00e9m disso, estamos lan\u00e7ando uma plataforma de coloca\u00e7\u00e3o digital para conectar jovens treinados com empregadores em potencial, criando um sistema cont\u00ednuo de correspond\u00eancia de empregos.  \n<\/p><\/div><\/div>\t\t\t\t<\/div>\n\t\t\t\t<\/div>\n\t\t\t\t<\/div>\n\t\t\t\t<\/div>\n\t\t\t\t<\/div>\n\t\t\t\t<\/div>\n\t\t<div class=\"elementor-element elementor-element-d34351f e-con-full e-flex e-con e-parent\" data-id=\"d34351f\" data-element_type=\"container\" data-e-type=\"container\" data-settings=\"{&quot;background_background&quot;:&quot;classic&quot;}\">\n\t\t\t\t<div class=\"elementor-element elementor-element-a4cd54b elementor-widget elementor-widget-heading\" data-id=\"a4cd54b\" data-element_type=\"widget\" data-e-type=\"widget\" data-widget_type=\"heading.default\">\n\t\t\t\t<div class=\"elementor-widget-container\">\n\t\t\t\t\t<h2 class=\"elementor-heading-title elementor-size-default\">Parcerias<\/h2>\t\t\t\t<\/div>\n\t\t\t\t<\/div>\n\t\t\t\t<div class=\"elementor-element elementor-element-2b4890b elementor-widget elementor-widget-text-editor\" data-id=\"2b4890b\" data-element_type=\"widget\" data-e-type=\"widget\" data-widget_type=\"text-editor.default\">\n\t\t\t\t<div class=\"elementor-widget-container\">\n\t\t\t\t\t\t\t\t\t<p>Na Pratham International, acreditamos no poder da colabora\u00e7\u00e3o para criar mudan\u00e7as significativas. Nossas parcerias em todo o Qu\u00eania s\u00e3o um testemunho dessa cren\u00e7a, pois nos unimos a governos e organiza\u00e7\u00f5es locais para aprimorar o treinamento vocacional, as oportunidades de emprego e o servi\u00e7o comunit\u00e1rio. <\/p><p>Em nossos programas de treinamento de jovens, procuramos fazer parcerias com organiza\u00e7\u00f5es multilaterais, institui\u00e7\u00f5es p\u00fablicas e governos, sempre que poss\u00edvel, sob a perspectiva de fundos e subs\u00eddios. Al\u00e9m disso, promovemos parcerias locais para garantir a execu\u00e7\u00e3o eficaz do programa. <\/p><p><span style=\"text-decoration: underline;\"><strong><a href=\"https:\/\/prathaminternational.org\/collaborations\/kenya\/\">Saiba mais sobre nossas parcerias aqui.<\/a><\/strong><\/span><\/p>\t\t\t\t\t\t\t\t<\/div>\n\t\t\t\t<\/div>\n\t\t\t\t<\/div>\n\t\t<div class=\"elementor-element elementor-element-6d41b99 e-flex e-con-boxed e-con e-parent\" data-id=\"6d41b99\" data-element_type=\"container\" data-e-type=\"container\" data-settings=\"{&quot;background_background&quot;:&quot;classic&quot;}\">\n\t\t\t\t\t<div class=\"e-con-inner\">\n\t\t<div class=\"elementor-element elementor-element-ebf4a4a e-con-full e-flex e-con e-child\" data-id=\"ebf4a4a\" data-element_type=\"container\" data-e-type=\"container\" data-settings=\"{&quot;background_background&quot;:&quot;classic&quot;}\">\n\t\t\t\t<div class=\"elementor-element elementor-element-2e4647c elementor-widget elementor-widget-heading\" data-id=\"2e4647c\" data-element_type=\"widget\" data-e-type=\"widget\" data-widget_type=\"heading.default\">\n\t\t\t\t<div class=\"elementor-widget-container\">\n\t\t\t\t\t<h2 class=\"elementor-heading-title elementor-size-default\">Voc\u00ea tem interesse em saber mais?  <\/h2>\t\t\t\t<\/div>\n\t\t\t\t<\/div>\n\t\t\t\t<div class=\"elementor-element elementor-element-031f638 elementor-align-center elementor-widget elementor-widget-button\" data-id=\"031f638\" data-element_type=\"widget\" data-e-type=\"widget\" data-widget_type=\"button.default\">\n\t\t\t\t<div class=\"elementor-widget-container\">\n\t\t\t\t\t\t\t\t\t<div class=\"elementor-button-wrapper\">\n\t\t\t\t\t<a class=\"elementor-button elementor-button-link elementor-size-sm\" href=\"https:\/\/www.google.com\/url?q=https:\/\/www.youtube.com\/@PrathamInternationalSkilling&#038;sa=D&#038;source=docs&#038;ust=1744142069187924&#038;usg=AOvVaw33vOCRtXa14uW1P0jGwk0T\" target=\"_blank\">\n\t\t\t\t\t\t<span class=\"elementor-button-content-wrapper\">\n\t\t\t\t\t\t\t\t\t<span class=\"elementor-button-text\">Acesse aqui os recursos sobre treinamento vocacional  <\/span>\n\t\t\t\t\t<\/span>\n\t\t\t\t\t<\/a>\n\t\t\t\t<\/div>\n\t\t\t\t\t\t\t\t<\/div>\n\t\t\t\t<\/div>\n\t\t\t\t<\/div>\n\t\t\t\t\t<\/div>\n\t\t\t\t<\/div>\n\t\t\t\t<\/div>\n\t\t","protected":false},"excerpt":{"rendered":"<p>Treinamento de jovens O programa de capacita\u00e7\u00e3o de jovens tem como objetivo capacitar jovens adultos com habilidades relevantes para o setor, melhorando sua empregabilidade e garantindo que o treinamento vocacional atenda \u00e0s necessidades do setor em constante evolu\u00e7\u00e3o. Introdu\u00e7\u00e3o Na \u00c1frica, 1 em cada 5 jovens n\u00e3o tem acesso a emprego ou educa\u00e7\u00e3o, com altas [&hellip;]<\/p>\n","protected":false},"author":3,"featured_media":0,"parent":0,"menu_order":0,"comment_status":"closed","ping_status":"closed","template":"elementor_header_footer","meta":{"_acf_changed":false,"inline_featured_image":false,"footnotes":""},"class_list":["post-4387","page","type-page","status-publish","hentry"],"acf":[],"_links":{"self":[{"href":"https:\/\/prathaminternational.org\/pt-br\/wp-json\/wp\/v2\/pages\/4387","targetHints":{"allow":["GET"]}}],"collection":[{"href":"https:\/\/prathaminternational.org\/pt-br\/wp-json\/wp\/v2\/pages"}],"about":[{"href":"https:\/\/prathaminternational.org\/pt-br\/wp-json\/wp\/v2\/types\/page"}],"author":[{"embeddable":true,"href":"https:\/\/prathaminternational.org\/pt-br\/wp-json\/wp\/v2\/users\/3"}],"replies":[{"embeddable":true,"href":"https:\/\/prathaminternational.org\/pt-br\/wp-json\/wp\/v2\/comments?post=4387"}],"version-history":[{"count":6,"href":"https:\/\/prathaminternational.org\/pt-br\/wp-json\/wp\/v2\/pages\/4387\/revisions"}],"predecessor-version":[{"id":4907,"href":"https:\/\/prathaminternational.org\/pt-br\/wp-json\/wp\/v2\/pages\/4387\/revisions\/4907"}],"wp:attachment":[{"href":"https:\/\/prathaminternational.org\/pt-br\/wp-json\/wp\/v2\/media?parent=4387"}],"curies":[{"name":"wp","href":"https:\/\/api.w.org\/{rel}","templated":true}]}}