{"id":4378,"date":"2025-04-08T17:53:05","date_gmt":"2025-04-08T17:53:05","guid":{"rendered":"https:\/\/prathaminternational.org\/financas\/"},"modified":"2025-04-09T12:41:14","modified_gmt":"2025-04-09T12:41:14","slug":"financas","status":"publish","type":"page","link":"https:\/\/prathaminternational.org\/pt-br\/financas\/","title":{"rendered":"Finan\u00e7as"},"content":{"rendered":"<div id=\"pl-4378\"  class=\"panel-layout\" ><div id=\"pg-4378-0\"  class=\"panel-grid panel-has-style\" ><div class=\"banner_section joinus_banner panel-row-style panel-row-style-for-4378-0\" ><div id=\"pgc-4378-0-0\"  class=\"panel-grid-cell\" ><div id=\"panel-4378-0-0-0\" class=\"so-panel widget widget_siteorigin-panels-builder panel-first-child panel-last-child\" data-index=\"0\" ><div class=\"container panel-widget-style panel-widget-style-for-4378-0-0-0\" ><div id=\"pl-w67f66ae40cbe1\"  class=\"panel-layout\" ><div id=\"pg-w67f66ae40cbe1-0\"  class=\"panel-grid panel-no-style\" ><div id=\"pgc-w67f66ae40cbe1-0-0\"  class=\"panel-grid-cell\" ><div id=\"panel-w67f66ae40cbe1-0-0-0\" class=\"so-panel widget widget_sow-editor panel-first-child panel-last-child\" data-index=\"0\" ><div class=\"banner_details panel-widget-style panel-widget-style-for-w67f66ae40cbe1-0-0-0\" ><div\n\t\t\t\n\t\t\tclass=\"so-widget-sow-editor so-widget-sow-editor-base\"\n\t\t\t\n\t\t>\n<div class=\"siteorigin-widget-tinymce textwidget\">\n\t<h1>Financeiro<\/h1>\n<p>Temos o compromisso de garantir a transpar\u00eancia, compartilhando declara\u00e7\u00f5es financeiras auditadas e relat\u00f3rios sobre nossas opera\u00e7\u00f5es<\/p>\n<\/div>\n<\/div><\/div><\/div><\/div><\/div><\/div><\/div><\/div><\/div><\/div><\/div><\/div>","protected":false},"excerpt":{"rendered":"<p>Financeiro Temos o compromisso de garantir a transpar\u00eancia, compartilhando declara\u00e7\u00f5es financeiras auditadas e relat\u00f3rios sobre nossas opera\u00e7\u00f5es<\/p>\n","protected":false},"author":1,"featured_media":0,"parent":0,"menu_order":0,"comment_status":"closed","ping_status":"closed","template":"financial-page.php","meta":{"_acf_changed":false,"inline_featured_image":false,"footnotes":""},"class_list":["post-4378","page","type-page","status-publish","hentry"],"acf":[],"_links":{"self":[{"href":"https:\/\/prathaminternational.org\/pt-br\/wp-json\/wp\/v2\/pages\/4378","targetHints":{"allow":["GET"]}}],"collection":[{"href":"https:\/\/prathaminternational.org\/pt-br\/wp-json\/wp\/v2\/pages"}],"about":[{"href":"https:\/\/prathaminternational.org\/pt-br\/wp-json\/wp\/v2\/types\/page"}],"author":[{"embeddable":true,"href":"https:\/\/prathaminternational.org\/pt-br\/wp-json\/wp\/v2\/users\/1"}],"replies":[{"embeddable":true,"href":"https:\/\/prathaminternational.org\/pt-br\/wp-json\/wp\/v2\/comments?post=4378"}],"version-history":[{"count":1,"href":"https:\/\/prathaminternational.org\/pt-br\/wp-json\/wp\/v2\/pages\/4378\/revisions"}],"predecessor-version":[{"id":4492,"href":"https:\/\/prathaminternational.org\/pt-br\/wp-json\/wp\/v2\/pages\/4378\/revisions\/4492"}],"wp:attachment":[{"href":"https:\/\/prathaminternational.org\/pt-br\/wp-json\/wp\/v2\/media?parent=4378"}],"curies":[{"name":"wp","href":"https:\/\/api.w.org\/{rel}","templated":true}]}}