{"id":3363,"date":"2024-03-21T06:43:55","date_gmt":"2024-03-21T06:43:55","guid":{"rendered":"https:\/\/prathaminternational.org\/finalidade\/"},"modified":"2024-09-03T08:36:28","modified_gmt":"2024-09-03T08:36:28","slug":"finalidade","status":"publish","type":"page","link":"https:\/\/prathaminternational.org\/pt-br\/finalidade\/","title":{"rendered":"Finalidade"},"content":{"rendered":"\t\t<div data-elementor-type=\"wp-page\" data-elementor-id=\"3363\" class=\"elementor elementor-3363 elementor-1368\" data-elementor-post-type=\"page\">\n\t\t\t\t<div class=\"elementor-element elementor-element-8420909 e-flex e-con-boxed e-con e-parent\" data-id=\"8420909\" data-element_type=\"container\" data-e-type=\"container\" data-settings=\"{&quot;background_background&quot;:&quot;classic&quot;}\">\n\t\t\t\t\t<div class=\"e-con-inner\">\n\t\t\t\t<div class=\"elementor-element elementor-element-ef5050c elementor-widget__width-initial elementor-absolute elementor-widget elementor-widget-text-editor\" data-id=\"ef5050c\" data-element_type=\"widget\" data-e-type=\"widget\" data-settings=\"{&quot;_position&quot;:&quot;absolute&quot;}\" data-widget_type=\"text-editor.default\">\n\t\t\t\t<div class=\"elementor-widget-container\">\n\t\t\t\t\t\t\t\t\t<h1>Finalidade<\/h1>\n<p>Nascido com a miss\u00e3o &#8220;Toda crian\u00e7a na escola e aprendendo bem&#8221;, o escopo do trabalho da Pratham se expandiu em \u00e1reas de programas e segmentos et\u00e1rios em educa\u00e7\u00e3o e meios de subsist\u00eancia.<\/p>\n\t\t\t\t\t\t\t\t<\/div>\n\t\t\t\t<\/div>\n\t\t\t\t\t<\/div>\n\t\t\t\t<\/div>\n\t\t<div class=\"elementor-element elementor-element-cd0de57 e-flex e-con-boxed e-con e-parent\" data-id=\"cd0de57\" data-element_type=\"container\" data-e-type=\"container\" data-settings=\"{&quot;background_background&quot;:&quot;classic&quot;}\">\n\t\t\t\t\t<div class=\"e-con-inner\">\n\t\t<div class=\"elementor-element elementor-element-b25ecf3 e-con-full e-flex e-con e-child\" data-id=\"b25ecf3\" data-element_type=\"container\" data-e-type=\"container\" data-settings=\"{&quot;background_background&quot;:&quot;classic&quot;}\">\n\t\t\t\t<div class=\"elementor-element elementor-element-5162282 elementor-widget elementor-widget-heading\" data-id=\"5162282\" data-element_type=\"widget\" data-e-type=\"widget\" data-widget_type=\"heading.default\">\n\t\t\t\t<div class=\"elementor-widget-container\">\n\t\t\t\t\t<h3 class=\"elementor-heading-title elementor-size-default\">Sobre a Pratham International<\/h3>\t\t\t\t<\/div>\n\t\t\t\t<\/div>\n\t\t\t\t<div class=\"elementor-element elementor-element-2c7c11a elementor-widget elementor-widget-text-editor\" data-id=\"2c7c11a\" data-element_type=\"widget\" data-e-type=\"widget\" data-widget_type=\"text-editor.default\">\n\t\t\t\t<div class=\"elementor-widget-container\">\n\t\t\t\t\t\t\t\t\t<p>A Pratham International foi criada para apoiar os esfor\u00e7os de educa\u00e7\u00e3o e treinamento de crian\u00e7as e jovens em contextos de todo o mundo. Nossa miss\u00e3o \u00e9 impulsionada pela dura realidade de que muitas sociedades enfrentam uma crise de aprendizado, fazendo com que 7 em cada 10 crian\u00e7as em pa\u00edses de baixa e m\u00e9dia renda n\u00e3o consigam ler um texto simples at\u00e9 os 10 anos de idade.<\/p>\n\t\t\t\t\t\t\t\t<\/div>\n\t\t\t\t<\/div>\n\t\t\t\t<div class=\"elementor-element elementor-element-9916d4f elementor-widget elementor-widget-text-editor\" data-id=\"9916d4f\" data-element_type=\"widget\" data-e-type=\"widget\" data-widget_type=\"text-editor.default\">\n\t\t\t\t<div class=\"elementor-widget-container\">\n\t\t\t\t\t\t\t\t\t<p>Esse n\u00e3o \u00e9 o problema completo da educa\u00e7\u00e3o, mas mostra que o <strong>sistema n\u00e3o est\u00e1 funcionando para pelo menos 7 em cada 10 crian\u00e7as<\/strong>. Entendemos que, sem habilidades b\u00e1sicas, \u00e9 improv\u00e1vel que essas crian\u00e7as prosperem em sociedades complexas e, sem interven\u00e7\u00f5es contextualizadas, os jovens que ficaram para tr\u00e1s podem n\u00e3o atingir todo o seu potencial ao entrarem no mercado de trabalho.<\/p>\n\t\t\t\t\t\t\t\t<\/div>\n\t\t\t\t<\/div>\n\t\t\t\t<div class=\"elementor-element elementor-element-5dce063 elementor-widget elementor-widget-text-editor\" data-id=\"5dce063\" data-element_type=\"widget\" data-e-type=\"widget\" data-widget_type=\"text-editor.default\">\n\t\t\t\t<div class=\"elementor-widget-container\">\n\t\t\t\t\t\t\t\t\t<p>Para enfrentar esses desafios globais, a Pratham International permite a adapta\u00e7\u00e3o e a dissemina\u00e7\u00e3o de solu\u00e7\u00f5es comprovadas e escalon\u00e1veis, pioneiras da Pratham Education Foundation na \u00cdndia, em mais de 20 pa\u00edses de baixa e m\u00e9dia renda em todo o mundo. Fazemos isso por meio de programas personalizados e assist\u00eancia t\u00e9cnica alinhados aos contextos locais. As inova\u00e7\u00f5es defendidas por nossa equipe incluem o Teaching at the Right Level (TaRL), baseado em evid\u00eancias, e o Annual Status of Education Report (ASER). Tamb\u00e9m estamos explorando adapta\u00e7\u00f5es de interven\u00e7\u00f5es na educa\u00e7\u00e3o infantil, iniciativas digitais, treinamento de jovens e outras para apoiar o aprendizado em contextos fora da \u00cdndia.<\/p>\n\t\t\t\t\t\t\t\t<\/div>\n\t\t\t\t<\/div>\n\t\t\t\t<\/div>\n\t\t<div class=\"elementor-element elementor-element-056814f e-con-full e-flex e-con e-child\" data-id=\"056814f\" data-element_type=\"container\" data-e-type=\"container\">\n\t\t\t\t<div class=\"elementor-element elementor-element-ae279b3 elementor-widget__width-inherit elementor-widget elementor-widget-image\" data-id=\"ae279b3\" data-element_type=\"widget\" data-e-type=\"widget\" data-widget_type=\"image.default\">\n\t\t\t\t<div class=\"elementor-widget-container\">\n\t\t\t\t\t\t\t\t\t\t\t\t<figure class=\"wp-caption\">\n\t\t\t\t\t\t\t\t\t\t<img fetchpriority=\"high\" decoding=\"async\" width=\"640\" height=\"759\" src=\"https:\/\/prathaminternational.org\/wp-content\/uploads\/2024\/03\/2-1.png\" class=\"attachment-large size-large wp-image-2905\" alt=\"\" srcset=\"https:\/\/prathaminternational.org\/wp-content\/uploads\/2024\/03\/2-1.png 857w, https:\/\/prathaminternational.org\/wp-content\/uploads\/2024\/03\/2-1-253x300.png 253w, https:\/\/prathaminternational.org\/wp-content\/uploads\/2024\/03\/2-1-768x911.png 768w\" sizes=\"(max-width: 640px) 100vw, 640px\" \/>\t\t\t\t\t\t\t\t\t\t\t<figcaption class=\"widget-image-caption wp-caption-text\">Credits : TaRL Africa<\/figcaption>\n\t\t\t\t\t\t\t\t\t\t<\/figure>\n\t\t\t\t\t\t\t\t\t<\/div>\n\t\t\t\t<\/div>\n\t\t\t\t<\/div>\n\t\t\t\t\t<\/div>\n\t\t\t\t<\/div>\n\t\t<div class=\"elementor-element elementor-element-0fae60d e-flex e-con-boxed e-con e-parent\" data-id=\"0fae60d\" data-element_type=\"container\" data-e-type=\"container\" data-settings=\"{&quot;background_background&quot;:&quot;classic&quot;}\">\n\t\t\t\t\t<div class=\"e-con-inner\">\n\t\t\t\t<div class=\"elementor-element elementor-element-0bd7bae elementor-widget-mobile__width-initial elementor-widget__width-initial elementor-widget elementor-widget-heading\" data-id=\"0bd7bae\" data-element_type=\"widget\" data-e-type=\"widget\" data-widget_type=\"heading.default\">\n\t\t\t\t<div class=\"elementor-widget-container\">\n\t\t\t\t\t<h3 class=\"elementor-heading-title elementor-size-default\">Rede Pratham<\/h3>\t\t\t\t<\/div>\n\t\t\t\t<\/div>\n\t\t\t\t\t<\/div>\n\t\t\t\t<\/div>\n\t\t<div class=\"elementor-element elementor-element-4e90bb8 e-flex e-con-boxed e-con e-parent\" data-id=\"4e90bb8\" data-element_type=\"container\" data-e-type=\"container\" data-settings=\"{&quot;background_background&quot;:&quot;classic&quot;}\">\n\t\t\t\t\t<div class=\"e-con-inner\">\n\t\t<div class=\"elementor-element elementor-element-cb6b0a7 e-con-full e-flex e-con e-child\" data-id=\"cb6b0a7\" data-element_type=\"container\" data-e-type=\"container\" data-settings=\"{&quot;background_background&quot;:&quot;classic&quot;}\">\n\t\t\t\t<div class=\"elementor-element elementor-element-2d2ea1f elementor-widget elementor-widget-heading\" data-id=\"2d2ea1f\" data-element_type=\"widget\" data-e-type=\"widget\" data-widget_type=\"heading.default\">\n\t\t\t\t<div class=\"elementor-widget-container\">\n\t\t\t\t\t<h2 class=\"elementor-heading-title elementor-size-default\">A Rede Pratham  <\/h2>\t\t\t\t<\/div>\n\t\t\t\t<\/div>\n\t\t\t\t<div class=\"elementor-element elementor-element-2a0b820 elementor-widget elementor-widget-text-editor\" data-id=\"2a0b820\" data-element_type=\"widget\" data-e-type=\"widget\" data-widget_type=\"text-editor.default\">\n\t\t\t\t<div class=\"elementor-widget-container\">\n\t\t\t\t\t\t\t\t\t<p>H\u00e1 mais de 25 anos, as diferentes entidades da rede Pratham est\u00e3o unidas por um prop\u00f3sito comum: promover mudan\u00e7as positivas e causar um impacto duradouro por meio da educa\u00e7\u00e3o.<\/p>\n<p>Cada entidade de nossa rede traz experi\u00eancias e profissionais que ajudam a enfrentar os desafios globais relacionados ao aprendizado e \u00e0 eleva\u00e7\u00e3o das comunidades carentes. Com a Pratham Education Foundation e a Pratham International como nossas principais organiza\u00e7\u00f5es de entrega, nossa rede tamb\u00e9m inclui nossas afiliadas de capta\u00e7\u00e3o de recursos nos EUA, Reino Unido, Su\u00e9cia e Austr\u00e1lia.<\/p>\t\t\t\t\t\t\t\t<\/div>\n\t\t\t\t<\/div>\n\t\t\t\t<\/div>\n\t\t<div class=\"elementor-element elementor-element-56a998b e-con-full e-flex e-con e-child\" data-id=\"56a998b\" data-element_type=\"container\" data-e-type=\"container\" data-settings=\"{&quot;background_background&quot;:&quot;classic&quot;}\">\n\t\t\t\t<div class=\"elementor-element elementor-element-e71757b elementor-widget elementor-widget-image\" data-id=\"e71757b\" data-element_type=\"widget\" data-e-type=\"widget\" data-widget_type=\"image.default\">\n\t\t\t\t<div class=\"elementor-widget-container\">\n\t\t\t\t\t\t\t\t\t\t\t\t\t\t\t<img decoding=\"async\" width=\"575\" height=\"575\" src=\"https:\/\/prathaminternational.org\/wp-content\/uploads\/2024\/02\/Copy-of-Pratham-Education-Foundation-1-copy.png\" class=\"attachment-full size-full wp-image-2839\" alt=\"\" srcset=\"https:\/\/prathaminternational.org\/wp-content\/uploads\/2024\/02\/Copy-of-Pratham-Education-Foundation-1-copy.png 575w, https:\/\/prathaminternational.org\/wp-content\/uploads\/2024\/02\/Copy-of-Pratham-Education-Foundation-1-copy-300x300.png 300w, https:\/\/prathaminternational.org\/wp-content\/uploads\/2024\/02\/Copy-of-Pratham-Education-Foundation-1-copy-150x150.png 150w\" sizes=\"(max-width: 575px) 100vw, 575px\" \/>\t\t\t\t\t\t\t\t\t\t\t\t\t\t\t<\/div>\n\t\t\t\t<\/div>\n\t\t\t\t<\/div>\n\t\t\t\t\t<\/div>\n\t\t\t\t<\/div>\n\t\t<div class=\"elementor-element elementor-element-96e800d e-flex e-con-boxed e-con e-parent\" data-id=\"96e800d\" data-element_type=\"container\" data-e-type=\"container\" data-settings=\"{&quot;background_background&quot;:&quot;classic&quot;}\">\n\t\t\t\t\t<div class=\"e-con-inner\">\n\t\t<div class=\"elementor-element elementor-element-a62d7aa bg_image e-flex e-con-boxed e-con e-child\" data-id=\"a62d7aa\" data-element_type=\"container\" data-e-type=\"container\" data-settings=\"{&quot;background_background&quot;:&quot;classic&quot;}\">\n\t\t\t\t\t<div class=\"e-con-inner\">\n\t\t\t\t<div class=\"elementor-element elementor-element-56dee6c elementor-widget__width-inherit about-join elementor-widget elementor-widget-text-editor\" data-id=\"56dee6c\" data-element_type=\"widget\" data-e-type=\"widget\" data-widget_type=\"text-editor.default\">\n\t\t\t\t<div class=\"elementor-widget-container\">\n\t\t\t\t\t\t\t\t\t<h2>Conhe\u00e7a a jornada da Rede Pratham<\/h2><div><br><\/div>\n<ul>\n<li><a href=\"https:\/\/prathaminternational.org\/pt-br\/nossa-jornada\/\">Saiba mais<\/a><\/li>\n<\/ul>\t\t\t\t\t\t\t\t<\/div>\n\t\t\t\t<\/div>\n\t\t\t\t\t<\/div>\n\t\t\t\t<\/div>\n\t\t\t\t\t<\/div>\n\t\t\t\t<\/div>\n\t\t\t\t<\/div>\n\t\t","protected":false},"excerpt":{"rendered":"<p>Finalidade Nascido com a miss\u00e3o &#8220;Toda crian\u00e7a na escola e aprendendo bem&#8221;, o escopo do trabalho da Pratham se expandiu em \u00e1reas de programas e segmentos et\u00e1rios em educa\u00e7\u00e3o e meios de subsist\u00eancia. Sobre a Pratham International A Pratham International foi criada para apoiar os esfor\u00e7os de educa\u00e7\u00e3o e treinamento de crian\u00e7as e jovens em [&hellip;]<\/p>\n","protected":false},"author":1,"featured_media":0,"parent":0,"menu_order":0,"comment_status":"closed","ping_status":"closed","template":"builder-page.php","meta":{"_acf_changed":false,"inline_featured_image":false,"footnotes":""},"class_list":["post-3363","page","type-page","status-publish","hentry"],"acf":[],"_links":{"self":[{"href":"https:\/\/prathaminternational.org\/pt-br\/wp-json\/wp\/v2\/pages\/3363","targetHints":{"allow":["GET"]}}],"collection":[{"href":"https:\/\/prathaminternational.org\/pt-br\/wp-json\/wp\/v2\/pages"}],"about":[{"href":"https:\/\/prathaminternational.org\/pt-br\/wp-json\/wp\/v2\/types\/page"}],"author":[{"embeddable":true,"href":"https:\/\/prathaminternational.org\/pt-br\/wp-json\/wp\/v2\/users\/1"}],"replies":[{"embeddable":true,"href":"https:\/\/prathaminternational.org\/pt-br\/wp-json\/wp\/v2\/comments?post=3363"}],"version-history":[{"count":4,"href":"https:\/\/prathaminternational.org\/pt-br\/wp-json\/wp\/v2\/pages\/3363\/revisions"}],"predecessor-version":[{"id":3945,"href":"https:\/\/prathaminternational.org\/pt-br\/wp-json\/wp\/v2\/pages\/3363\/revisions\/3945"}],"wp:attachment":[{"href":"https:\/\/prathaminternational.org\/pt-br\/wp-json\/wp\/v2\/media?parent=3363"}],"curies":[{"name":"wp","href":"https:\/\/api.w.org\/{rel}","templated":true}]}}