{"id":3360,"date":"2024-03-28T05:52:54","date_gmt":"2024-03-28T05:52:54","guid":{"rendered":"https:\/\/prathaminternational.org\/historias\/"},"modified":"2024-07-30T07:12:47","modified_gmt":"2024-07-30T07:12:47","slug":"historias","status":"publish","type":"page","link":"https:\/\/prathaminternational.org\/pt-br\/historias\/","title":{"rendered":"Hist\u00f3rias"},"content":{"rendered":"<div id=\"pl-3360\"  class=\"panel-layout\" ><div id=\"pg-3360-0\"  class=\"panel-grid panel-has-style\" ><div class=\"banner_section joinus_banner panel-row-style panel-row-style-for-3360-0\" ><div id=\"pgc-3360-0-0\"  class=\"panel-grid-cell\" ><div id=\"panel-3360-0-0-0\" class=\"so-panel widget widget_siteorigin-panels-builder panel-first-child panel-last-child\" data-index=\"0\" ><div class=\"container panel-widget-style panel-widget-style-for-3360-0-0-0\" ><div id=\"pl-w6628e3d0c0654\"  class=\"panel-layout\" ><div id=\"pg-w6628e3d0c0654-0\"  class=\"panel-grid panel-no-style\" ><div id=\"pgc-w6628e3d0c0654-0-0\"  class=\"panel-grid-cell\" ><div id=\"panel-w6628e3d0c0654-0-0-0\" class=\"so-panel widget widget_sow-editor panel-first-child panel-last-child\" data-index=\"0\" ><div class=\"banner_details panel-widget-style panel-widget-style-for-w6628e3d0c0654-0-0-0\" ><div\n\t\t\t\n\t\t\tclass=\"so-widget-sow-editor so-widget-sow-editor-base\"\n\t\t\t\n\t\t>\n<div class=\"siteorigin-widget-tinymce textwidget\">\n\t<h1>Hist\u00f3rias<\/h1>\n<p>  Blogs, reflex\u00f5es e atualiza\u00e7\u00f5es sobre a Pratham International, seus programas e outros t\u00f3picos diversos.<\/p>\n<\/div>\n<\/div><\/div><\/div><\/div><\/div><\/div><\/div><\/div><\/div><\/div><\/div><\/div>","protected":false},"excerpt":{"rendered":"<p>Hist\u00f3rias Blogs, reflex\u00f5es e atualiza\u00e7\u00f5es sobre a Pratham International, seus programas e outros t\u00f3picos diversos.<\/p>\n","protected":false},"author":1,"featured_media":0,"parent":0,"menu_order":0,"comment_status":"closed","ping_status":"closed","template":"blog-page.php","meta":{"_acf_changed":false,"inline_featured_image":false,"footnotes":""},"class_list":["post-3360","page","type-page","status-publish","hentry"],"acf":[],"_links":{"self":[{"href":"https:\/\/prathaminternational.org\/pt-br\/wp-json\/wp\/v2\/pages\/3360","targetHints":{"allow":["GET"]}}],"collection":[{"href":"https:\/\/prathaminternational.org\/pt-br\/wp-json\/wp\/v2\/pages"}],"about":[{"href":"https:\/\/prathaminternational.org\/pt-br\/wp-json\/wp\/v2\/types\/page"}],"author":[{"embeddable":true,"href":"https:\/\/prathaminternational.org\/pt-br\/wp-json\/wp\/v2\/users\/1"}],"replies":[{"embeddable":true,"href":"https:\/\/prathaminternational.org\/pt-br\/wp-json\/wp\/v2\/comments?post=3360"}],"version-history":[{"count":1,"href":"https:\/\/prathaminternational.org\/pt-br\/wp-json\/wp\/v2\/pages\/3360\/revisions"}],"predecessor-version":[{"id":3361,"href":"https:\/\/prathaminternational.org\/pt-br\/wp-json\/wp\/v2\/pages\/3360\/revisions\/3361"}],"wp:attachment":[{"href":"https:\/\/prathaminternational.org\/pt-br\/wp-json\/wp\/v2\/media?parent=3360"}],"curies":[{"name":"wp","href":"https:\/\/api.w.org\/{rel}","templated":true}]}}