{"id":3324,"date":"2024-04-06T10:40:04","date_gmt":"2024-04-06T10:40:04","guid":{"rendered":"https:\/\/prathaminternational.org\/relatorios-e-publicacoes\/"},"modified":"2024-07-30T07:12:38","modified_gmt":"2024-07-30T07:12:38","slug":"relatorios-e-publicacoes","status":"publish","type":"page","link":"https:\/\/prathaminternational.org\/pt-br\/relatorios-e-publicacoes\/","title":{"rendered":"Relat\u00f3rios e publica\u00e7\u00f5es"},"content":{"rendered":"<div id=\"pl-3324\"  class=\"panel-layout\" ><div id=\"pg-3324-0\"  class=\"panel-grid panel-has-style\" ><div class=\"banner_section joinus_banner panel-row-style panel-row-style-for-3324-0\" ><div id=\"pgc-3324-0-0\"  class=\"panel-grid-cell\" ><div id=\"panel-3324-0-0-0\" class=\"so-panel widget widget_siteorigin-panels-builder panel-first-child panel-last-child\" data-index=\"0\" ><div class=\"container panel-widget-style panel-widget-style-for-3324-0-0-0\" ><div id=\"pl-w664b37aadd464\"  class=\"panel-layout\" ><div id=\"pg-w664b37aadd464-0\"  class=\"panel-grid panel-no-style\" ><div id=\"pgc-w664b37aadd464-0-0\"  class=\"panel-grid-cell\" ><div id=\"panel-w664b37aadd464-0-0-0\" class=\"so-panel widget widget_sow-editor panel-first-child panel-last-child\" data-index=\"0\" ><div class=\"banner_details panel-widget-style panel-widget-style-for-w664b37aadd464-0-0-0\" ><div\n\t\t\t\n\t\t\tclass=\"so-widget-sow-editor so-widget-sow-editor-base\"\n\t\t\t\n\t\t>\n<div class=\"siteorigin-widget-tinymce textwidget\">\n\t<h1>Relat\u00f3rios e publica\u00e7\u00f5es<\/h1>\n<p>  Saiba mais sobre pesquisas e pr\u00e1ticas recomendadas relacionadas \u00e0s inova\u00e7\u00f5es apoiadas pela Pratham Network.<\/p>\n<\/div>\n<\/div><\/div><\/div><\/div><\/div><\/div><\/div><\/div><\/div><\/div><\/div><\/div>","protected":false},"excerpt":{"rendered":"<p>Relat\u00f3rios e publica\u00e7\u00f5es Saiba mais sobre pesquisas e pr\u00e1ticas recomendadas relacionadas \u00e0s inova\u00e7\u00f5es apoiadas pela Pratham Network.<\/p>\n","protected":false},"author":1,"featured_media":0,"parent":0,"menu_order":0,"comment_status":"closed","ping_status":"closed","template":"reports_publications-page.php","meta":{"_acf_changed":false,"inline_featured_image":false,"footnotes":""},"class_list":["post-3324","page","type-page","status-publish","hentry"],"acf":[],"_links":{"self":[{"href":"https:\/\/prathaminternational.org\/pt-br\/wp-json\/wp\/v2\/pages\/3324","targetHints":{"allow":["GET"]}}],"collection":[{"href":"https:\/\/prathaminternational.org\/pt-br\/wp-json\/wp\/v2\/pages"}],"about":[{"href":"https:\/\/prathaminternational.org\/pt-br\/wp-json\/wp\/v2\/types\/page"}],"author":[{"embeddable":true,"href":"https:\/\/prathaminternational.org\/pt-br\/wp-json\/wp\/v2\/users\/1"}],"replies":[{"embeddable":true,"href":"https:\/\/prathaminternational.org\/pt-br\/wp-json\/wp\/v2\/comments?post=3324"}],"version-history":[{"count":1,"href":"https:\/\/prathaminternational.org\/pt-br\/wp-json\/wp\/v2\/pages\/3324\/revisions"}],"predecessor-version":[{"id":3325,"href":"https:\/\/prathaminternational.org\/pt-br\/wp-json\/wp\/v2\/pages\/3324\/revisions\/3325"}],"wp:attachment":[{"href":"https:\/\/prathaminternational.org\/pt-br\/wp-json\/wp\/v2\/media?parent=3324"}],"curies":[{"name":"wp","href":"https:\/\/api.w.org\/{rel}","templated":true}]}}