{"id":3308,"date":"2024-04-16T06:32:27","date_gmt":"2024-04-16T06:32:27","guid":{"rendered":"https:\/\/prathaminternational.org\/vislumbres\/"},"modified":"2024-08-31T08:02:34","modified_gmt":"2024-08-31T08:02:34","slug":"vislumbres","status":"publish","type":"page","link":"https:\/\/prathaminternational.org\/pt-br\/vislumbres\/","title":{"rendered":"Vislumbres"},"content":{"rendered":"\t\t<div data-elementor-type=\"wp-page\" data-elementor-id=\"3308\" class=\"elementor elementor-3308 elementor-1733\" data-elementor-post-type=\"page\">\n\t\t\t\t<div class=\"elementor-element elementor-element-cc2f35c e-con-full e-flex e-con e-parent\" data-id=\"cc2f35c\" data-element_type=\"container\" data-e-type=\"container\" data-settings=\"{&quot;background_background&quot;:&quot;classic&quot;}\">\n\t\t\t\t<div class=\"elementor-element elementor-element-78411c9 elementor-widget__width-initial elementor-absolute elementor-widget elementor-widget-text-editor\" data-id=\"78411c9\" data-element_type=\"widget\" data-e-type=\"widget\" data-settings=\"{&quot;_position&quot;:&quot;absolute&quot;}\" data-widget_type=\"text-editor.default\">\n\t\t\t\t<div class=\"elementor-widget-container\">\n\t\t\t\t\t\t\t\t\t<h1><strong>Vislumbres<\/strong><\/h1>\n<p><span style=\"font-weight: 400;\">Explore as \u00faltimas atualiza\u00e7\u00f5es dos programas da Pratham International por meio de blogs, estudos de caso, publica\u00e7\u00f5es e muito mais<\/span><\/p>\n\t\t\t\t\t\t\t\t<\/div>\n\t\t\t\t<\/div>\n\t\t\t\t<\/div>\n\t\t<div class=\"elementor-element elementor-element-18c271c e-con-full e-flex e-con e-parent\" data-id=\"18c271c\" data-element_type=\"container\" data-e-type=\"container\">\n\t\t\t\t<div class=\"elementor-element elementor-element-5c821ee elementor-widget elementor-widget-text-editor\" data-id=\"5c821ee\" data-element_type=\"widget\" data-e-type=\"widget\" data-widget_type=\"text-editor.default\">\n\t\t\t\t<div class=\"elementor-widget-container\">\n\t\t\t\t\t\t\t\t\t<p><span style=\"font-weight: 400;\">Interaja com conte\u00fado diversificado, com hist\u00f3rias envolventes, blogs perspicazes e atualiza\u00e7\u00f5es oportunas que esclarecem os programas da Pratham International e um espectro de t\u00f3picos relevantes.<\/span><\/p>\n\t\t\t\t\t\t\t\t<\/div>\n\t\t\t\t<\/div>\n\t\t\t\t<\/div>\n\t\t<div class=\"elementor-element elementor-element-0d98818 e-con-full e-flex e-con e-parent\" data-id=\"0d98818\" data-element_type=\"container\" data-e-type=\"container\">\n\t\t<div class=\"elementor-element elementor-element-a5e7855 e-con-full e-flex e-con e-child\" data-id=\"a5e7855\" data-element_type=\"container\" data-e-type=\"container\">\n\t\t\t\t<div class=\"elementor-element elementor-element-6bbf302 elementor-widget elementor-widget-image\" data-id=\"6bbf302\" data-element_type=\"widget\" data-e-type=\"widget\" data-widget_type=\"image.default\">\n\t\t\t\t<div class=\"elementor-widget-container\">\n\t\t\t\t\t\t\t\t\t\t\t\t\t\t\t<img fetchpriority=\"high\" decoding=\"async\" width=\"803\" height=\"410\" src=\"https:\/\/prathaminternational.org\/wp-content\/uploads\/2024\/04\/stories.png\" class=\"attachment-full size-full wp-image-3010\" alt=\"\" srcset=\"https:\/\/prathaminternational.org\/wp-content\/uploads\/2024\/04\/stories.png 803w, https:\/\/prathaminternational.org\/wp-content\/uploads\/2024\/04\/stories-300x153.png 300w, https:\/\/prathaminternational.org\/wp-content\/uploads\/2024\/04\/stories-768x392.png 768w\" sizes=\"(max-width: 803px) 100vw, 803px\" \/>\t\t\t\t\t\t\t\t\t\t\t\t\t\t\t<\/div>\n\t\t\t\t<\/div>\n\t\t\t\t<div class=\"elementor-element elementor-element-743c3d5 elementor-widget__width-initial elementor-absolute elementor-widget elementor-widget-heading\" data-id=\"743c3d5\" data-element_type=\"widget\" data-e-type=\"widget\" data-settings=\"{&quot;_position&quot;:&quot;absolute&quot;}\" data-widget_type=\"heading.default\">\n\t\t\t\t<div class=\"elementor-widget-container\">\n\t\t\t\t\t<h3 class=\"elementor-heading-title elementor-size-default\">Hist\u00f3rias<\/h3>\t\t\t\t<\/div>\n\t\t\t\t<\/div>\n\t\t\t\t<div class=\"elementor-element elementor-element-ae9ae4a sc-read elementor-widget elementor-widget-text-editor\" data-id=\"ae9ae4a\" data-element_type=\"widget\" data-e-type=\"widget\" data-widget_type=\"text-editor.default\">\n\t\t\t\t<div class=\"elementor-widget-container\">\n\t\t\t\t\t\t\t\t\t<p><span style=\"font-weight: 400;\">Nossas hist\u00f3rias, escritas em blogs, reflex\u00f5es e muito mais, oferecem uma vis\u00e3o \u00fanica do impacto transformador de nossas inova\u00e7\u00f5es em v\u00e1rios contextos.<\/span><\/p>\n<p><strong><a href=\"https:\/\/prathaminternational.org\/pt-br\/historias\/\">Leia mais<\/a><\/strong><\/p>\n\t\t\t\t\t\t\t\t<\/div>\n\t\t\t\t<\/div>\n\t\t\t\t<\/div>\n\t\t<div class=\"elementor-element elementor-element-feac9ea e-con-full e-flex e-con e-child\" data-id=\"feac9ea\" data-element_type=\"container\" data-e-type=\"container\">\n\t\t\t\t<div class=\"elementor-element elementor-element-b46f6b1 elementor-widget elementor-widget-image\" data-id=\"b46f6b1\" data-element_type=\"widget\" data-e-type=\"widget\" data-widget_type=\"image.default\">\n\t\t\t\t<div class=\"elementor-widget-container\">\n\t\t\t\t\t\t\t\t\t\t\t\t\t\t\t<img decoding=\"async\" width=\"803\" height=\"410\" src=\"https:\/\/prathaminternational.org\/wp-content\/uploads\/2024\/05\/collab.jpg\" class=\"attachment-full size-full wp-image-3082\" alt=\"\" srcset=\"https:\/\/prathaminternational.org\/wp-content\/uploads\/2024\/05\/collab.jpg 803w, https:\/\/prathaminternational.org\/wp-content\/uploads\/2024\/05\/collab-300x153.jpg 300w, https:\/\/prathaminternational.org\/wp-content\/uploads\/2024\/05\/collab-768x392.jpg 768w\" sizes=\"(max-width: 803px) 100vw, 803px\" \/>\t\t\t\t\t\t\t\t\t\t\t\t\t\t\t<\/div>\n\t\t\t\t<\/div>\n\t\t\t\t<div class=\"elementor-element elementor-element-67bd393 elementor-widget__width-initial elementor-absolute elementor-widget elementor-widget-heading\" data-id=\"67bd393\" data-element_type=\"widget\" data-e-type=\"widget\" data-settings=\"{&quot;_position&quot;:&quot;absolute&quot;}\" data-widget_type=\"heading.default\">\n\t\t\t\t<div class=\"elementor-widget-container\">\n\t\t\t\t\t<h3 class=\"elementor-heading-title elementor-size-default\">Colabora\u00e7\u00f5es<\/h3>\t\t\t\t<\/div>\n\t\t\t\t<\/div>\n\t\t\t\t<div class=\"elementor-element elementor-element-0766777 sc-read elementor-widget elementor-widget-text-editor\" data-id=\"0766777\" data-element_type=\"widget\" data-e-type=\"widget\" data-widget_type=\"text-editor.default\">\n\t\t\t\t<div class=\"elementor-widget-container\">\n\t\t\t\t\t\t\t\t\t<p><span style=\"font-weight: 400;\">Nossos estudos de caso de pa\u00edses ajudam voc\u00ea a descobrir como nossas inova\u00e7\u00f5es apoiam crian\u00e7as e jovens no Sul Global.<\/span><\/p>\n<p><strong><a href=\"https:\/\/prathaminternational.org\/pt-br\/colaboracoes\/\">Leia mais<\/a><\/strong><\/p>\n\t\t\t\t\t\t\t\t<\/div>\n\t\t\t\t<\/div>\n\t\t\t\t<\/div>\n\t\t\t\t<\/div>\n\t\t<div class=\"elementor-element elementor-element-160c0fc e-con-full e-flex e-con e-parent\" data-id=\"160c0fc\" data-element_type=\"container\" data-e-type=\"container\">\n\t\t<div class=\"elementor-element elementor-element-de9b49d e-con-full e-flex e-con e-child\" data-id=\"de9b49d\" data-element_type=\"container\" data-e-type=\"container\">\n\t\t\t\t<div class=\"elementor-element elementor-element-6c8dd34 elementor-widget elementor-widget-image\" data-id=\"6c8dd34\" data-element_type=\"widget\" data-e-type=\"widget\" data-widget_type=\"image.default\">\n\t\t\t\t<div class=\"elementor-widget-container\">\n\t\t\t\t\t\t\t\t\t\t\t\t\t\t\t<img decoding=\"async\" width=\"803\" height=\"410\" src=\"https:\/\/prathaminternational.org\/wp-content\/uploads\/2024\/05\/rp.jpg\" class=\"attachment-full size-full wp-image-3079\" alt=\"\" srcset=\"https:\/\/prathaminternational.org\/wp-content\/uploads\/2024\/05\/rp.jpg 803w, https:\/\/prathaminternational.org\/wp-content\/uploads\/2024\/05\/rp-300x153.jpg 300w, https:\/\/prathaminternational.org\/wp-content\/uploads\/2024\/05\/rp-768x392.jpg 768w\" sizes=\"(max-width: 803px) 100vw, 803px\" \/>\t\t\t\t\t\t\t\t\t\t\t\t\t\t\t<\/div>\n\t\t\t\t<\/div>\n\t\t\t\t<div class=\"elementor-element elementor-element-bde70a1 elementor-widget__width-initial elementor-absolute elementor-widget elementor-widget-heading\" data-id=\"bde70a1\" data-element_type=\"widget\" data-e-type=\"widget\" data-settings=\"{&quot;_position&quot;:&quot;absolute&quot;}\" data-widget_type=\"heading.default\">\n\t\t\t\t<div class=\"elementor-widget-container\">\n\t\t\t\t\t<h3 class=\"elementor-heading-title elementor-size-default\">Relat\u00f3rios e publica\u00e7\u00f5es<\/h3>\t\t\t\t<\/div>\n\t\t\t\t<\/div>\n\t\t\t\t<div class=\"elementor-element elementor-element-71389b4 sc-read elementor-widget elementor-widget-text-editor\" data-id=\"71389b4\" data-element_type=\"widget\" data-e-type=\"widget\" data-widget_type=\"text-editor.default\">\n\t\t\t\t<div class=\"elementor-widget-container\">\n\t\t\t\t\t\t\t\t\t<p><span style=\"font-weight: 400;\">Mantenha-se informado sobre pesquisas e pr\u00e1ticas recomendadas relacionadas \u00e0s inova\u00e7\u00f5es apoiadas pela Rede Pratham.<br \/>\nPara acessar nossos relat\u00f3rios e publica\u00e7\u00f5es <\/span><\/p>\n<p><strong><a href=\"https:\/\/prathaminternational.org\/pt-br\/relatorios-e-publicacoes\/\">Clique aqui<\/a><\/strong><\/p>\n\t\t\t\t\t\t\t\t<\/div>\n\t\t\t\t<\/div>\n\t\t\t\t<\/div>\n\t\t<div class=\"elementor-element elementor-element-fbfa4c6 e-con-full e-flex e-con e-child\" data-id=\"fbfa4c6\" data-element_type=\"container\" data-e-type=\"container\">\n\t\t\t\t<\/div>\n\t\t\t\t<\/div>\n\t\t\t\t<\/div>\n\t\t","protected":false},"excerpt":{"rendered":"<p>Vislumbres Explore as \u00faltimas atualiza\u00e7\u00f5es dos programas da Pratham International por meio de blogs, estudos de caso, publica\u00e7\u00f5es e muito mais Interaja com conte\u00fado diversificado, com hist\u00f3rias envolventes, blogs perspicazes e atualiza\u00e7\u00f5es oportunas que esclarecem os programas da Pratham International e um espectro de t\u00f3picos relevantes. Hist\u00f3rias Nossas hist\u00f3rias, escritas em blogs, reflex\u00f5es e muito [&hellip;]<\/p>\n","protected":false},"author":1,"featured_media":0,"parent":0,"menu_order":0,"comment_status":"closed","ping_status":"closed","template":"builder-page.php","meta":{"_acf_changed":false,"inline_featured_image":false,"footnotes":""},"class_list":["post-3308","page","type-page","status-publish","hentry"],"acf":[],"_links":{"self":[{"href":"https:\/\/prathaminternational.org\/pt-br\/wp-json\/wp\/v2\/pages\/3308","targetHints":{"allow":["GET"]}}],"collection":[{"href":"https:\/\/prathaminternational.org\/pt-br\/wp-json\/wp\/v2\/pages"}],"about":[{"href":"https:\/\/prathaminternational.org\/pt-br\/wp-json\/wp\/v2\/types\/page"}],"author":[{"embeddable":true,"href":"https:\/\/prathaminternational.org\/pt-br\/wp-json\/wp\/v2\/users\/1"}],"replies":[{"embeddable":true,"href":"https:\/\/prathaminternational.org\/pt-br\/wp-json\/wp\/v2\/comments?post=3308"}],"version-history":[{"count":5,"href":"https:\/\/prathaminternational.org\/pt-br\/wp-json\/wp\/v2\/pages\/3308\/revisions"}],"predecessor-version":[{"id":3844,"href":"https:\/\/prathaminternational.org\/pt-br\/wp-json\/wp\/v2\/pages\/3308\/revisions\/3844"}],"wp:attachment":[{"href":"https:\/\/prathaminternational.org\/pt-br\/wp-json\/wp\/v2\/media?parent=3308"}],"curies":[{"name":"wp","href":"https:\/\/api.w.org\/{rel}","templated":true}]}}