{"id":3291,"date":"2024-05-14T10:59:14","date_gmt":"2024-05-14T10:59:14","guid":{"rendered":"https:\/\/prathaminternational.org\/politica-de-privacidade\/"},"modified":"2024-07-30T07:12:34","modified_gmt":"2024-07-30T07:12:34","slug":"politica-de-privacidade","status":"publish","type":"page","link":"https:\/\/prathaminternational.org\/pt-br\/politica-de-privacidade\/","title":{"rendered":"Pol\u00edtica de privacidade"},"content":{"rendered":"\t\t<div data-elementor-type=\"wp-page\" data-elementor-id=\"3291\" class=\"elementor elementor-3291 elementor-1994\" data-elementor-post-type=\"page\">\n\t\t\t\t<div class=\"elementor-element elementor-element-c6d2ca7 e-flex e-con-boxed e-con e-parent\" data-id=\"c6d2ca7\" data-element_type=\"container\" data-e-type=\"container\" data-settings=\"{&quot;background_background&quot;:&quot;classic&quot;}\">\n\t\t\t\t\t<div class=\"e-con-inner\">\n\t\t\t\t<div class=\"elementor-element elementor-element-a86b36b elementor-widget__width-initial elementor-absolute elementor-widget elementor-widget-text-editor\" data-id=\"a86b36b\" data-element_type=\"widget\" data-e-type=\"widget\" data-settings=\"{&quot;_position&quot;:&quot;absolute&quot;}\" data-widget_type=\"text-editor.default\">\n\t\t\t\t<div class=\"elementor-widget-container\">\n\t\t\t\t\t\t\t\t\t<h1><b>Pol\u00edtica de privacidade<\/b><\/h1>\n<p><span style=\"font-weight: 400;\">A seguir, voc\u00ea encontrar\u00e1 nossas pr\u00e1ticas de coleta e divulga\u00e7\u00e3o de informa\u00e7\u00f5es na Pratham International.<\/span><\/p>\n\t\t\t\t\t\t\t\t<\/div>\n\t\t\t\t<\/div>\n\t\t\t\t\t<\/div>\n\t\t\t\t<\/div>\n\t\t<div class=\"elementor-element elementor-element-4c8278c e-con-full .container e-flex e-con e-parent\" data-id=\"4c8278c\" data-element_type=\"container\" data-e-type=\"container\">\n\t\t\t\t<div class=\"elementor-element elementor-element-fb0b125 elementor-widget elementor-widget-text-editor\" data-id=\"fb0b125\" data-element_type=\"widget\" data-e-type=\"widget\" data-widget_type=\"text-editor.default\">\n\t\t\t\t<div class=\"elementor-widget-container\">\n\t\t\t\t\t\t\t\t\t<p><b>Prote\u00e7\u00e3o de suas informa\u00e7\u00f5es pessoais<\/b><\/p>\n<p><span style=\"font-weight: 400;\">A Pratham International criou esta Pol\u00edtica de Privacidade para explicar por que coletamos determinadas informa\u00e7\u00f5es e como protegeremos sua privacidade pessoal quando voc\u00ea visitar nosso site ou fizer uma doa\u00e7\u00e3o on-line ou off-line.<\/span><\/p>\n<p><span style=\"font-weight: 400;\">A seguir, voc\u00ea encontrar\u00e1 nossas pr\u00e1ticas de coleta e divulga\u00e7\u00e3o de informa\u00e7\u00f5es na Pratham International.<\/span><\/p>\n<p><span style=\"font-weight: 400;\">A Pratham International se reserva o direito de, a qualquer momento e sem aviso pr\u00e9vio, alterar esta Pol\u00edtica de Privacidade simplesmente publicando tais altera\u00e7\u00f5es no site Prathaminternational.org (o Site).<br \/>\nQualquer altera\u00e7\u00e3o entrar\u00e1 em vigor imediatamente ap\u00f3s a publica\u00e7\u00e3o. <\/span><\/p>\n<p><span style=\"font-weight: 400;\">Como queremos demonstrar nosso compromisso com a sua privacidade, esta Pol\u00edtica de Privacidade informa voc\u00ea sobre:<\/span><\/p>\n<ol>\n<li style=\"font-weight: 400;\" aria-level=\"1\"><span style=\"font-weight: 400;\">Quais informa\u00e7\u00f5es pessoais identific\u00e1veis suas s\u00e3o coletadas por meio do Site e quando as doa\u00e7\u00f5es s\u00e3o coletadas on-line e off-line.<\/span><\/li>\n<li style=\"font-weight: 400;\" aria-level=\"1\"><span style=\"font-weight: 400;\">Quem coleta essas informa\u00e7\u00f5es.<\/span><\/li>\n<li style=\"font-weight: 400;\" aria-level=\"1\"><span style=\"font-weight: 400;\">Como essas informa\u00e7\u00f5es s\u00e3o usadas.<\/span><\/li>\n<li style=\"font-weight: 400;\" aria-level=\"1\"><span style=\"font-weight: 400;\">Com quem suas informa\u00e7\u00f5es podem ser compartilhadas.<\/span><\/li>\n<li style=\"font-weight: 400;\" aria-level=\"1\"><span style=\"font-weight: 400;\">Quais op\u00e7\u00f5es voc\u00ea tem em rela\u00e7\u00e3o \u00e0 coleta, ao uso e \u00e0 distribui\u00e7\u00e3o de suas informa\u00e7\u00f5es.<\/span><\/li>\n<li style=\"font-weight: 400;\" aria-level=\"1\"><span style=\"font-weight: 400;\">Que tipo de procedimentos de seguran\u00e7a est\u00e3o em vigor para proteger a perda, o uso indevido ou a altera\u00e7\u00e3o das informa\u00e7\u00f5es sob nosso controle.<\/span><\/li>\n<li style=\"font-weight: 400;\" aria-level=\"1\"><span style=\"font-weight: 400;\">Como voc\u00ea pode corrigir quaisquer imprecis\u00f5es em suas informa\u00e7\u00f5es.<\/span><\/li>\n<\/ol>\n<p><span style=\"font-weight: 400;\"> <\/span><\/p>\n<p><b>QUAIS INFORMA\u00c7\u00d5ES COLETAMOS E COMO USAMOS ESSAS INFORMA\u00c7\u00d5ES<\/b><\/p>\n<p><span style=\"font-weight: 400;\">Nossos formul\u00e1rios de registro e doa\u00e7\u00e3o on-line e off-line exigem que os usu\u00e1rios nos forne\u00e7am informa\u00e7\u00f5es de contato que podem incluir nome, endere\u00e7o de e-mail, prefer\u00eancia de formato (HTML vs. Texto), endere\u00e7o, n\u00famero de telefone, interesses e informa\u00e7\u00f5es semelhantes.<br \/>\nN\u00e3o venderemos, trocaremos, alugaremos ou revelaremos de outra forma essas informa\u00e7\u00f5es a terceiros nem enviaremos a voc\u00ea correspond\u00eancias em nome de outras organiza\u00e7\u00f5es.<br \/>\nAs informa\u00e7\u00f5es de identifica\u00e7\u00e3o pessoal s\u00e3o armazenadas em nosso banco de dados protegido por senha e n\u00e3o podem ser acessadas publicamente.<br \/>\nAl\u00e9m disso, as informa\u00e7\u00f5es de identifica\u00e7\u00e3o pessoal s\u00e3o acessadas apenas por funcion\u00e1rios com base na &#8220;necessidade de conhecimento&#8221;.<br \/>\nA Pratham International n\u00e3o solicita nem armazena informa\u00e7\u00f5es confidenciais, como n\u00fameros de cart\u00e3o de cr\u00e9dito ou de previd\u00eancia social.    <\/span><\/p>\n<p><b>ENDERE\u00c7O DE PROTOCOLO DE INTERNET<\/b><\/p>\n<p><span style=\"font-weight: 400;\">Coletamos um endere\u00e7o IP de todos os visitantes do nosso site.<br \/>\nUm endere\u00e7o IP \u00e9 um n\u00famero atribu\u00eddo automaticamente ao seu computador quando voc\u00ea usa a Internet.<br \/>\nUsamos os endere\u00e7os IP para ajudar a diagnosticar problemas com nosso servidor, administrar nosso Site, analisar tend\u00eancias, rastrear o movimento dos usu\u00e1rios, coletar informa\u00e7\u00f5es demogr\u00e1ficas amplas para uso agregado a fim de melhorar o site e fornecer conte\u00fado personalizado.<br \/>\nOs endere\u00e7os IP n\u00e3o est\u00e3o vinculados a informa\u00e7\u00f5es de identifica\u00e7\u00e3o pessoal.   <\/span><\/p>\n<p><b>USO DE &#8220;COOKIES&#8221;<\/b><\/p>\n<p><span style=\"font-weight: 400;\">Nosso Site pode usar cookies para aprimorar sua experi\u00eancia ao us\u00e1-lo.<br \/>\nCookies s\u00e3o informa\u00e7\u00f5es que alguns sites transferem para o computador que est\u00e1 navegando no site e s\u00e3o usados para fins de manuten\u00e7\u00e3o de registros.<br \/>\nO uso de cookies facilita a navega\u00e7\u00e3o na Web ao executar determinadas fun\u00e7\u00f5es, como salvar suas senhas e suas prefer\u00eancias pessoais em rela\u00e7\u00e3o ao uso de um determinado site para garantir que voc\u00ea n\u00e3o veja o mesmo an\u00fancio repetidamente.<br \/>\nMuitos consideram o uso de cookies como um padr\u00e3o do setor.   <\/span><\/p>\n<p><span style=\"font-weight: 400;\">Provavelmente, seu navegador est\u00e1 configurado para aceitar cookies.<br \/>\nEntretanto, se preferir n\u00e3o receber cookies, voc\u00ea pode alterar a configura\u00e7\u00e3o do seu navegador para recus\u00e1-los.<br \/>\nSe voc\u00ea optar por recusar cookies no seu navegador, \u00e9 poss\u00edvel que algumas \u00e1reas do nosso Site n\u00e3o funcionem adequadamente quando voc\u00ea as visualizar.  <\/span><\/p>\n<p><b>SEGURAN\u00c7A<\/b><\/p>\n<p><span style=\"font-weight: 400;\">Todas as informa\u00e7\u00f5es fornecidas \u00e0 Pratham International s\u00e3o transmitidas usando criptografia SSL (Secure Socket Layer).<br \/>\nO SSL \u00e9 um sistema de codifica\u00e7\u00e3o comprovado que permite que seu navegador criptografe ou embaralhe automaticamente os dados antes que voc\u00ea os envie para n\u00f3s.<br \/>\nTamb\u00e9m protegemos as informa\u00e7\u00f5es da conta colocando-as em uma parte segura do nosso Site que s\u00f3 pode ser acessada por determinados funcion\u00e1rios qualificados da Pratham International.<br \/>\nEntretanto, nenhuma transmiss\u00e3o de dados pela Internet \u00e9 100% segura.<br \/>\nEmbora nos esforcemos para proteger suas informa\u00e7\u00f5es, n\u00e3o podemos assegurar ou garantir a seguran\u00e7a de tais informa\u00e7\u00f5es.    <\/span><\/p>\n<p><b>DOA\u00c7\u00d5ES ON-LINE\/OFF-LINE<\/b><\/p>\n<p><span style=\"font-weight: 400;\">Quando voc\u00ea fornece \u00e0 Pratham informa\u00e7\u00f5es sobre voc\u00ea e\/ou sua organiza\u00e7\u00e3o ao se inscrever em um evento, fazer uma doa\u00e7\u00e3o (on-line e off-line) ou se candidatar a um emprego, essas informa\u00e7\u00f5es n\u00e3o s\u00e3o usadas para nenhum outro fim que n\u00e3o seja atender \u00e0 sua solicita\u00e7\u00e3o e n\u00e3o s\u00e3o compartilhadas com terceiros.<br \/>\nNo entanto, os doadores e visitantes devem estar cientes de que as informa\u00e7\u00f5es coletadas on-line ou off-line podem estar sujeitas a exame e inspe\u00e7\u00e3o se essas informa\u00e7\u00f5es forem um registro p\u00fablico ou n\u00e3o estiverem protegidas contra divulga\u00e7\u00e3o. <\/span><\/p>\n<p><b>DIGA A UM AMIGO<\/b><\/p>\n<p><span style=\"font-weight: 400;\">Se um usu\u00e1rio optar por usar nosso servi\u00e7o de indica\u00e7\u00e3o para informar um amigo sobre nossa organiza\u00e7\u00e3o, pediremos o nome e o endere\u00e7o de e-mail do amigo.<br \/>\nA Pratham International enviar\u00e1 automaticamente ao amigo um e-mail \u00fanico convidando-o a visitar o site.<br \/>\nA Pratham International armazena essas informa\u00e7\u00f5es com o \u00fanico prop\u00f3sito de enviar esse e-mail \u00fanico.  <\/span><\/p>\n<p><b>OUTROS WEBSITES<\/b><\/p>\n<p><span style=\"font-weight: 400;\">Nosso Site cont\u00e9m links para outros sites.<br \/>\nObserve que, ao clicar em um desses links, voc\u00ea estar\u00e1 entrando em outro site pelo qual a Pratham International n\u00e3o \u00e9 respons\u00e1vel.<br \/>\nRecomendamos que voc\u00ea leia as declara\u00e7\u00f5es de privacidade de todos esses sites, pois suas pol\u00edticas podem ser diferentes das nossas.  <\/span><\/p>\n<p><b>OPT-OUT<\/b><\/p>\n<p><span style=\"font-weight: 400;\">Se voc\u00ea se registrou para receber nossas comunica\u00e7\u00f5es e depois mudou de ideia, pode entrar em contato conosco para que seu nome e informa\u00e7\u00f5es de contato sejam removidos de nossas listas de distribui\u00e7\u00e3o.<br \/>\nVoc\u00ea pode enviar um e-mail ou uma correspond\u00eancia para o endere\u00e7o de contato listado abaixo. <\/span><\/p>\n<p><b>COMO ENTRAR EM CONTATO CONOSCO<\/b><\/p>\n<p><span style=\"font-weight: 400;\">Se tiver alguma d\u00favida sobre esta Pol\u00edtica de Privacidade, voc\u00ea pode entrar em contato conosco pelo e-mail:<\/span><\/p>\n<p><span style=\"font-weight: 400;\">Pratham International<\/span><span style=\"font-weight: 400;\"><br \/><\/span><span style=\"font-weight: 400;\">1150 Walnut Street, 2\u00ba andar<\/span><span style=\"font-weight: 400;\"><br \/><\/span><span style=\"font-weight: 400;\">Newton, MA 02461 <\/span> <\/p>\n<p><a href=\"mailto:info@prathaminternational.org\"><b>info@prathaminternational.org<\/b><\/a><\/p>\n\t\t\t\t\t\t\t\t<\/div>\n\t\t\t\t<\/div>\n\t\t\t\t<\/div>\n\t\t\t\t<\/div>\n\t\t","protected":false},"excerpt":{"rendered":"<p>Pol\u00edtica de privacidade A seguir, voc\u00ea encontrar\u00e1 nossas pr\u00e1ticas de coleta e divulga\u00e7\u00e3o de informa\u00e7\u00f5es na Pratham International. Prote\u00e7\u00e3o de suas informa\u00e7\u00f5es pessoais A Pratham International criou esta Pol\u00edtica de Privacidade para explicar por que coletamos determinadas informa\u00e7\u00f5es e como protegeremos sua privacidade pessoal quando voc\u00ea visitar nosso site ou fizer uma doa\u00e7\u00e3o on-line ou [&hellip;]<\/p>\n","protected":false},"author":1,"featured_media":0,"parent":0,"menu_order":0,"comment_status":"closed","ping_status":"closed","template":"elementor_header_footer","meta":{"_acf_changed":false,"inline_featured_image":false,"footnotes":""},"class_list":["post-3291","page","type-page","status-publish","hentry"],"acf":[],"_links":{"self":[{"href":"https:\/\/prathaminternational.org\/pt-br\/wp-json\/wp\/v2\/pages\/3291","targetHints":{"allow":["GET"]}}],"collection":[{"href":"https:\/\/prathaminternational.org\/pt-br\/wp-json\/wp\/v2\/pages"}],"about":[{"href":"https:\/\/prathaminternational.org\/pt-br\/wp-json\/wp\/v2\/types\/page"}],"author":[{"embeddable":true,"href":"https:\/\/prathaminternational.org\/pt-br\/wp-json\/wp\/v2\/users\/1"}],"replies":[{"embeddable":true,"href":"https:\/\/prathaminternational.org\/pt-br\/wp-json\/wp\/v2\/comments?post=3291"}],"version-history":[{"count":2,"href":"https:\/\/prathaminternational.org\/pt-br\/wp-json\/wp\/v2\/pages\/3291\/revisions"}],"predecessor-version":[{"id":3295,"href":"https:\/\/prathaminternational.org\/pt-br\/wp-json\/wp\/v2\/pages\/3291\/revisions\/3295"}],"wp:attachment":[{"href":"https:\/\/prathaminternational.org\/pt-br\/wp-json\/wp\/v2\/media?parent=3291"}],"curies":[{"name":"wp","href":"https:\/\/api.w.org\/{rel}","templated":true}]}}