{"id":3186,"date":"2023-11-27T06:51:45","date_gmt":"2023-11-27T06:51:45","guid":{"rendered":"https:\/\/prathaminternational.org\/junte-se-a-nos\/"},"modified":"2024-07-30T07:09:29","modified_gmt":"2024-07-30T07:09:29","slug":"junte-se-a-nos","status":"publish","type":"page","link":"https:\/\/prathaminternational.org\/pt-br\/junte-se-a-nos\/","title":{"rendered":"Junte-se a n\u00f3s"},"content":{"rendered":"<div id=\"pl-3186\"  class=\"panel-layout\" ><div id=\"pg-3186-0\"  class=\"panel-grid panel-has-style\" ><div class=\"banner_section joinus_banner panel-row-style panel-row-style-for-3186-0\" ><div id=\"pgc-3186-0-0\"  class=\"panel-grid-cell\" ><div id=\"panel-3186-0-0-0\" class=\"so-panel widget widget_siteorigin-panels-builder panel-first-child panel-last-child\" data-index=\"0\" ><div class=\"container panel-widget-style panel-widget-style-for-3186-0-0-0\" ><div id=\"pl-w65adddd4a1557\"  class=\"panel-layout\" ><div id=\"pg-w65adddd4a1557-0\"  class=\"panel-grid panel-no-style\" ><div id=\"pgc-w65adddd4a1557-0-0\"  class=\"panel-grid-cell\" ><div id=\"panel-w65adddd4a1557-0-0-0\" class=\"so-panel widget widget_sow-editor panel-first-child panel-last-child\" data-index=\"0\" ><div class=\"banner_details panel-widget-style panel-widget-style-for-w65adddd4a1557-0-0-0\" ><div\n\t\t\t\n\t\t\tclass=\"so-widget-sow-editor so-widget-sow-editor-base\"\n\t\t\t\n\t\t>\n<div class=\"siteorigin-widget-tinymce textwidget\">\n\t<h1>Junte-se a n\u00f3s<\/h1>\n<p>  Junte-se \u00e0 nossa equipe de apaixonados por mudan\u00e7as e fa\u00e7a parte de um movimento global para transformar vidas por meio da educa\u00e7\u00e3o.<\/p>\n<\/div>\n<\/div><\/div><\/div><\/div><\/div><\/div><\/div><\/div><\/div><\/div><\/div><\/div>","protected":false},"excerpt":{"rendered":"<p>Junte-se a n\u00f3s Junte-se \u00e0 nossa equipe de apaixonados por mudan\u00e7as e fa\u00e7a parte de um movimento global para transformar vidas por meio da educa\u00e7\u00e3o.<\/p>\n","protected":false},"author":1,"featured_media":0,"parent":0,"menu_order":0,"comment_status":"closed","ping_status":"closed","template":"innovation-page.php","meta":{"_acf_changed":false,"inline_featured_image":false,"footnotes":""},"class_list":["post-3186","page","type-page","status-publish","hentry"],"acf":[],"_links":{"self":[{"href":"https:\/\/prathaminternational.org\/pt-br\/wp-json\/wp\/v2\/pages\/3186","targetHints":{"allow":["GET"]}}],"collection":[{"href":"https:\/\/prathaminternational.org\/pt-br\/wp-json\/wp\/v2\/pages"}],"about":[{"href":"https:\/\/prathaminternational.org\/pt-br\/wp-json\/wp\/v2\/types\/page"}],"author":[{"embeddable":true,"href":"https:\/\/prathaminternational.org\/pt-br\/wp-json\/wp\/v2\/users\/1"}],"replies":[{"embeddable":true,"href":"https:\/\/prathaminternational.org\/pt-br\/wp-json\/wp\/v2\/comments?post=3186"}],"version-history":[{"count":1,"href":"https:\/\/prathaminternational.org\/pt-br\/wp-json\/wp\/v2\/pages\/3186\/revisions"}],"predecessor-version":[{"id":3189,"href":"https:\/\/prathaminternational.org\/pt-br\/wp-json\/wp\/v2\/pages\/3186\/revisions\/3189"}],"wp:attachment":[{"href":"https:\/\/prathaminternational.org\/pt-br\/wp-json\/wp\/v2\/media?parent=3186"}],"curies":[{"name":"wp","href":"https:\/\/api.w.org\/{rel}","templated":true}]}}