{"id":4386,"date":"2025-04-08T19:00:38","date_gmt":"2025-04-08T19:00:38","guid":{"rendered":"https:\/\/prathaminternational.org\/formation-des-jeunes\/"},"modified":"2025-08-20T14:52:22","modified_gmt":"2025-08-20T14:52:22","slug":"formation-des-jeunes","status":"publish","type":"page","link":"https:\/\/prathaminternational.org\/fr\/formation-des-jeunes\/","title":{"rendered":"Formation des jeunes"},"content":{"rendered":"\t\t<div data-elementor-type=\"wp-page\" data-elementor-id=\"4386\" class=\"elementor elementor-4386 elementor-4384\" data-elementor-post-type=\"page\">\n\t\t\t\t<div class=\"elementor-element elementor-element-dd3962d e-con-full e-flex e-con e-parent\" data-id=\"dd3962d\" data-element_type=\"container\" data-e-type=\"container\" data-settings=\"{&quot;background_background&quot;:&quot;classic&quot;}\">\n\t\t\t\t<div class=\"elementor-element elementor-element-9706e2a elementor-widget__width-initial elementor-absolute elementor-widget elementor-widget-text-editor\" data-id=\"9706e2a\" data-element_type=\"widget\" data-e-type=\"widget\" data-settings=\"{&quot;_position&quot;:&quot;absolute&quot;}\" data-widget_type=\"text-editor.default\">\n\t\t\t\t<div class=\"elementor-widget-container\">\n\t\t\t\t\t\t\t\t\t<h1><strong>Formation des jeunes  <\/strong><\/h1><p><span style=\"font-weight: 400;\">Le programme de qualification des jeunes vise \u00e0 doter les jeunes adultes de comp\u00e9tences utiles \u00e0 l&rsquo;industrie, \u00e0 am\u00e9liorer leur employabilit\u00e9 et \u00e0 faire en sorte que la formation professionnelle r\u00e9ponde \u00e0 l&rsquo;\u00e9volution des besoins de l&rsquo;industrie.<\/span><\/p>\t\t\t\t\t\t\t\t<\/div>\n\t\t\t\t<\/div>\n\t\t\t\t<\/div>\n\t\t<div class=\"elementor-element elementor-element-4856f45 e-flex e-con-boxed e-con e-parent\" data-id=\"4856f45\" data-element_type=\"container\" data-e-type=\"container\" data-settings=\"{&quot;background_background&quot;:&quot;classic&quot;}\">\n\t\t\t\t\t<div class=\"e-con-inner\">\n\t\t\t\t<div class=\"elementor-element elementor-element-2635d0f elementor-widget-mobile__width-initial elementor-widget__width-initial elementor-widget elementor-widget-heading\" data-id=\"2635d0f\" data-element_type=\"widget\" data-e-type=\"widget\" data-widget_type=\"heading.default\">\n\t\t\t\t<div class=\"elementor-widget-container\">\n\t\t\t\t\t<h3 class=\"elementor-heading-title elementor-size-default\">Introduction<\/h3>\t\t\t\t<\/div>\n\t\t\t\t<\/div>\n\t\t\t\t\t<\/div>\n\t\t\t\t<\/div>\n\t\t<div class=\"elementor-element elementor-element-f51b8a7 e-flex e-con-boxed e-con e-parent\" data-id=\"f51b8a7\" data-element_type=\"container\" data-e-type=\"container\" data-settings=\"{&quot;background_background&quot;:&quot;classic&quot;}\">\n\t\t\t\t\t<div class=\"e-con-inner\">\n\t\t<div class=\"elementor-element elementor-element-6a12fee e-con-full e-flex e-con e-child\" data-id=\"6a12fee\" data-element_type=\"container\" data-e-type=\"container\" data-settings=\"{&quot;background_background&quot;:&quot;classic&quot;}\">\n\t\t\t\t<div class=\"elementor-element elementor-element-fb2822c elementor-widget elementor-widget-text-editor\" data-id=\"fb2822c\" data-element_type=\"widget\" data-e-type=\"widget\" data-widget_type=\"text-editor.default\">\n\t\t\t\t<div class=\"elementor-widget-container\">\n\t\t\t\t\t\t\t\t\t<p>En Afrique, un jeune sur cinq n&rsquo;a pas acc\u00e8s \u00e0 l&#8217;emploi ou \u00e0 l&rsquo;\u00e9ducation, avec des taux \u00e9lev\u00e9s de jeunes qui ne sont pas dans l&rsquo;\u00e9ducation, l&#8217;emploi ou la formation (NEET). Le ch\u00f4mage et le sous-emploi des jeunes restent des probl\u00e8mes persistants, beaucoup d&rsquo;entre eux occupant des emplois de qualit\u00e9 m\u00e9diocre ou vuln\u00e9rables, principalement dans le secteur informel. Dans des pays comme le Kenya, les \u00e9tablissements d&rsquo;enseignement et de formation techniques et professionnels (EFTP) jouent un r\u00f4le crucial en dotant les jeunes de comp\u00e9tences pertinentes pour l&rsquo;industrie, produisant environ 300 000 dipl\u00f4m\u00e9s par an. Toutefois, les comp\u00e9tences techniques ne suffisent pas \u00e0 elles seules pour obtenir un emploi int\u00e9ressant. Les jeunes ont \u00e9galement besoin de comp\u00e9tences non techniques, d&rsquo;une orientation professionnelle et d&rsquo;un mentorat pour s&rsquo;orienter efficacement sur le march\u00e9 du travail actuel.    <\/p>\t\t\t\t\t\t\t\t<\/div>\n\t\t\t\t<\/div>\n\t\t\t\t<\/div>\n\t\t<div class=\"elementor-element elementor-element-304b534 e-con-full e-flex e-con e-child\" data-id=\"304b534\" data-element_type=\"container\" data-e-type=\"container\">\n\t\t\t\t<div class=\"elementor-element elementor-element-01da2d9 elementor-widget__width-inherit elementor-widget elementor-widget-image\" data-id=\"01da2d9\" data-element_type=\"widget\" data-e-type=\"widget\" data-widget_type=\"image.default\">\n\t\t\t\t<div class=\"elementor-widget-container\">\n\t\t\t\t\t\t\t\t\t\t\t\t<figure class=\"wp-caption\">\n\t\t\t\t\t\t\t\t\t\t<img fetchpriority=\"high\" decoding=\"async\" width=\"640\" height=\"853\" src=\"https:\/\/prathaminternational.org\/wp-content\/uploads\/2025\/08\/e0b9a5b5-a5a7-4ec5-a884-29c715cf2729-768x1024.jpg\" class=\"attachment-large size-large wp-image-4695\" alt=\"\" srcset=\"https:\/\/prathaminternational.org\/wp-content\/uploads\/2025\/08\/e0b9a5b5-a5a7-4ec5-a884-29c715cf2729-768x1024.jpg 768w, https:\/\/prathaminternational.org\/wp-content\/uploads\/2025\/08\/e0b9a5b5-a5a7-4ec5-a884-29c715cf2729-225x300.jpg 225w, https:\/\/prathaminternational.org\/wp-content\/uploads\/2025\/08\/e0b9a5b5-a5a7-4ec5-a884-29c715cf2729.jpg 960w\" sizes=\"(max-width: 640px) 100vw, 640px\" \/>\t\t\t\t\t\t\t\t\t\t\t<figcaption class=\"widget-image-caption wp-caption-text\"><\/figcaption>\n\t\t\t\t\t\t\t\t\t\t<\/figure>\n\t\t\t\t\t\t\t\t\t<\/div>\n\t\t\t\t<\/div>\n\t\t\t\t<\/div>\n\t\t\t\t\t<\/div>\n\t\t\t\t<\/div>\n\t\t<div class=\"elementor-element elementor-element-7980d6d e-flex e-con-boxed e-con e-parent\" data-id=\"7980d6d\" data-element_type=\"container\" data-e-type=\"container\" data-settings=\"{&quot;background_background&quot;:&quot;classic&quot;}\">\n\t\t\t\t\t<div class=\"e-con-inner\">\n\t\t\t\t<div class=\"elementor-element elementor-element-a8c4e1b elementor-widget-mobile__width-initial elementor-widget__width-initial elementor-widget elementor-widget-heading\" data-id=\"a8c4e1b\" data-element_type=\"widget\" data-e-type=\"widget\" data-widget_type=\"heading.default\">\n\t\t\t\t<div class=\"elementor-widget-container\">\n\t\t\t\t\t<h3 class=\"elementor-heading-title elementor-size-default\">Solution<\/h3>\t\t\t\t<\/div>\n\t\t\t\t<\/div>\n\t\t\t\t\t<\/div>\n\t\t\t\t<\/div>\n\t\t<div class=\"elementor-element elementor-element-80bc4f6 e-con-full e-flex e-con e-parent\" data-id=\"80bc4f6\" data-element_type=\"container\" data-e-type=\"container\" data-settings=\"{&quot;background_background&quot;:&quot;classic&quot;}\">\n\t\t<div class=\"elementor-element elementor-element-b9b1a34 e-con-full e-flex e-con e-child\" data-id=\"b9b1a34\" data-element_type=\"container\" data-e-type=\"container\" data-settings=\"{&quot;background_background&quot;:&quot;classic&quot;}\">\n\t\t\t\t<div class=\"elementor-element elementor-element-663a30b elementor-widget elementor-widget-text-editor\" data-id=\"663a30b\" data-element_type=\"widget\" data-e-type=\"widget\" data-widget_type=\"text-editor.default\">\n\t\t\t\t<div class=\"elementor-widget-container\">\n\t\t\t\t\t\t\t\t\t<p>S&rsquo;appuyant sur son exp\u00e9rience en mati\u00e8re d&rsquo;extension des programmes professionnels en Inde, Pratham vise \u00e0 partager ses interventions en mati\u00e8re de formation des jeunes avec les parties prenantes de l&rsquo;ensemble du Sud, en renfor\u00e7ant les efforts visant \u00e0 am\u00e9liorer l&#8217;employabilit\u00e9 et les opportunit\u00e9s \u00e9conomiques pour les jeunes.<\/p><p>Pratham cherche \u00e0 renforcer de mani\u00e8re collaborative l&rsquo;\u00e9cosyst\u00e8me de la formation professionnelle dans un contexte donn\u00e9 en partageant des m\u00e9thodologies pratiques, en \u00e9quipant les formateurs de m\u00e9thodes d&rsquo;enseignement num\u00e9riques et en mettant les jeunes en contact avec des opportunit\u00e9s d&#8217;emploi. Pour combler le foss\u00e9 entre la formation et l&#8217;emploi, nous favorisons les partenariats industriels afin de mettre en relation les \u00e9tudiants et les \u00e9tablissements d&rsquo;EFTP avec des possibilit\u00e9s de stages et d&#8217;emplois, tout en encourageant l&rsquo;implication de l&rsquo;industrie en fournissant un retour d&rsquo;information et de l&rsquo;expertise. Nous visons \u00e0 \u00e9tablir des relations solides avec le gouvernement, l&rsquo;industrie et la soci\u00e9t\u00e9 civile afin de mettre en place des programmes durables.  <\/p>\t\t\t\t\t\t\t\t<\/div>\n\t\t\t\t<\/div>\n\t\t\t\t<div class=\"elementor-element elementor-element-b9ca20c elementor-widget elementor-widget-heading\" data-id=\"b9ca20c\" data-element_type=\"widget\" data-e-type=\"widget\" data-widget_type=\"heading.default\">\n\t\t\t\t<div class=\"elementor-widget-container\">\n\t\t\t\t\t<h3 class=\"elementor-heading-title elementor-size-default\">Principaux \u00e9l\u00e9ments de l'approche<\/h3>\t\t\t\t<\/div>\n\t\t\t\t<\/div>\n\t\t<div class=\"elementor-element elementor-element-9893580 e-grid e-con-full e-con e-child\" data-id=\"9893580\" data-element_type=\"container\" data-e-type=\"container\">\n\t\t<div class=\"elementor-element elementor-element-6a9c676 e-con-full e-flex e-con e-child\" data-id=\"6a9c676\" data-element_type=\"container\" data-e-type=\"container\" data-settings=\"{&quot;background_background&quot;:&quot;classic&quot;}\">\n\t\t\t\t<div class=\"elementor-element elementor-element-ca8ef75 elementor-position-top elementor-position-top elementor-widget elementor-widget-image-box\" data-id=\"ca8ef75\" data-element_type=\"widget\" data-e-type=\"widget\" data-widget_type=\"image-box.default\">\n\t\t\t\t<div class=\"elementor-widget-container\">\n\t\t\t\t\t<div class=\"elementor-image-box-wrapper\"><figure class=\"elementor-image-box-img\"><img decoding=\"async\" width=\"128\" height=\"128\" src=\"https:\/\/prathaminternational.org\/wp-content\/uploads\/2025\/04\/training.png\" class=\"attachment-full size-full wp-image-4443\" alt=\"training\" \/><\/figure><div class=\"elementor-image-box-content\"><h4 class=\"elementor-image-box-title\">Formation des formateurs<\/h4><p class=\"elementor-image-box-description\">L'initiative de formation des formateurs vise \u00e0 am\u00e9liorer la capacit\u00e9 des \u00e9ducateurs professionnels en les dotant de m\u00e9thodologies d'enseignement efficaces et en partageant des ressources d'apprentissage num\u00e9riques. Des formateurs experts animent des ateliers approfondis, en ligne et pratiques, ax\u00e9s sur les techniques interactives, l'apprentissage par les pairs et l'application pratique. Con\u00e7ue comme un mod\u00e8le \u00e9volutif, la formation permet aux formateurs de cr\u00e9er des environnements d'apprentissage attrayants. Pour garantir un impact durable, ils re\u00e7oivent un soutien continu pour int\u00e9grer de nouvelles m\u00e9thodes et participent \u00e0 des formations en ligne et en personne sur les comp\u00e9tences non techniques afin d'am\u00e9liorer l'employabilit\u00e9 des jeunes.   <\/p><\/div><\/div>\t\t\t\t<\/div>\n\t\t\t\t<\/div>\n\t\t\t\t<\/div>\n\t\t<div class=\"elementor-element elementor-element-997141f e-con-full e-flex e-con e-child\" data-id=\"997141f\" data-element_type=\"container\" data-e-type=\"container\" data-settings=\"{&quot;background_background&quot;:&quot;classic&quot;}\">\n\t\t\t\t<div class=\"elementor-element elementor-element-e00f2a4 elementor-position-top elementor-position-top elementor-widget elementor-widget-image-box\" data-id=\"e00f2a4\" data-element_type=\"widget\" data-e-type=\"widget\" data-widget_type=\"image-box.default\">\n\t\t\t\t<div class=\"elementor-widget-container\">\n\t\t\t\t\t<div class=\"elementor-image-box-wrapper\"><figure class=\"elementor-image-box-img\"><img decoding=\"async\" width=\"128\" height=\"128\" src=\"https:\/\/prathaminternational.org\/wp-content\/uploads\/2025\/04\/bridging-gap.png\" class=\"attachment-full size-full wp-image-4453\" alt=\"\" \/><\/figure><div class=\"elementor-image-box-content\"><h4 class=\"elementor-image-box-title\">Combler les lacunes en mati\u00e8re d'\u00e9quipement<\/h4><p class=\"elementor-image-box-description\">L'un des d\u00e9fis majeurs identifi\u00e9s lors de notre \u00e9valuation \u00e9tait le manque d'outils essentiels pour l'apprentissage pratique. En pilotant un laboratoire mod\u00e8le, nous visons \u00e0 cr\u00e9er un cadre reproductible qui, avec le soutien de l'industrie, peut \u00eatre \u00e9tendu \u00e0 d'autres centres. Cette initiative garantit que les stagiaires acqui\u00e8rent une exp\u00e9rience pratique dans des environnements bien \u00e9quip\u00e9s, comblant ainsi le foss\u00e9 entre l'apprentissage en classe et les exigences de l'industrie.  <\/p><\/div><\/div>\t\t\t\t<\/div>\n\t\t\t\t<\/div>\n\t\t\t\t<\/div>\n\t\t<div class=\"elementor-element elementor-element-e3af542 e-con-full e-flex e-con e-child\" data-id=\"e3af542\" data-element_type=\"container\" data-e-type=\"container\" data-settings=\"{&quot;background_background&quot;:&quot;classic&quot;}\">\n\t\t\t\t<div class=\"elementor-element elementor-element-9fb6a83 elementor-position-top elementor-position-top elementor-widget elementor-widget-image-box\" data-id=\"9fb6a83\" data-element_type=\"widget\" data-e-type=\"widget\" data-widget_type=\"image-box.default\">\n\t\t\t\t<div class=\"elementor-widget-container\">\n\t\t\t\t\t<div class=\"elementor-image-box-wrapper\"><figure class=\"elementor-image-box-img\"><img loading=\"lazy\" decoding=\"async\" width=\"128\" height=\"128\" src=\"https:\/\/prathaminternational.org\/wp-content\/uploads\/2025\/04\/partner.png\" class=\"attachment-full size-full wp-image-4460\" alt=\"\" \/><\/figure><div class=\"elementor-image-box-content\"><h4 class=\"elementor-image-box-title\">Partenariats industriels et liens avec l'emploi<\/h4><p class=\"elementor-image-box-description\">Pour combler le foss\u00e9 entre la formation professionnelle et les besoins de l'industrie, nous collaborons activement avec les industries de divers secteurs afin d'aligner la formation sur les besoins de l'industrie. Gr\u00e2ce aux partenariats avec l'industrie, nous visons \u00e0 faciliter les affectations et les opportunit\u00e9s d'emploi pour les jeunes, en leur garantissant une exposition pratique et une progression de carri\u00e8re. Forts de cette dynamique, nous nous attachons d\u00e9sormais \u00e0 garantir aux jeunes des emplois durables et \u00e0 long terme. En outre, nous lan\u00e7ons une plateforme de placement num\u00e9rique pour mettre en relation les jeunes form\u00e9s et les employeurs potentiels, cr\u00e9ant ainsi un syst\u00e8me transparent de mise en relation avec l'emploi.  \n<\/p><\/div><\/div>\t\t\t\t<\/div>\n\t\t\t\t<\/div>\n\t\t\t\t<\/div>\n\t\t\t\t<\/div>\n\t\t\t\t<\/div>\n\t\t\t\t<\/div>\n\t\t<div class=\"elementor-element elementor-element-d34351f e-con-full e-flex e-con e-parent\" data-id=\"d34351f\" data-element_type=\"container\" data-e-type=\"container\" data-settings=\"{&quot;background_background&quot;:&quot;classic&quot;}\">\n\t\t\t\t<div class=\"elementor-element elementor-element-a4cd54b elementor-widget elementor-widget-heading\" data-id=\"a4cd54b\" data-element_type=\"widget\" data-e-type=\"widget\" data-widget_type=\"heading.default\">\n\t\t\t\t<div class=\"elementor-widget-container\">\n\t\t\t\t\t<h2 class=\"elementor-heading-title elementor-size-default\">Partenariats<\/h2>\t\t\t\t<\/div>\n\t\t\t\t<\/div>\n\t\t\t\t<div class=\"elementor-element elementor-element-2b4890b elementor-widget elementor-widget-text-editor\" data-id=\"2b4890b\" data-element_type=\"widget\" data-e-type=\"widget\" data-widget_type=\"text-editor.default\">\n\t\t\t\t<div class=\"elementor-widget-container\">\n\t\t\t\t\t\t\t\t\t<p>Chez Pratham International, nous croyons au pouvoir de la collaboration pour cr\u00e9er des changements significatifs. Nos partenariats \u00e0 travers le Kenya t\u00e9moignent de cette conviction, car nous nous associons aux gouvernements et aux organisations locales pour am\u00e9liorer la formation professionnelle, les possibilit\u00e9s d&#8217;emploi et le service \u00e0 la communaut\u00e9. <\/p><p>Pour nos programmes de formation des jeunes, nous cherchons \u00e0 \u00e9tablir des partenariats avec des organisations multilat\u00e9rales, des institutions publiques et des gouvernements, dans la mesure du possible, pour obtenir des fonds et des subventions. En outre, nous encourageons les partenariats locaux afin de garantir une mise en \u0153uvre efficace des programmes. <\/p><p><span style=\"text-decoration: underline;\"><strong><a href=\"https:\/\/prathaminternational.org\/collaborations\/kenya\/\">Pour en savoir plus sur nos partenariats, cliquez ici.<\/a><\/strong><\/span><\/p>\t\t\t\t\t\t\t\t<\/div>\n\t\t\t\t<\/div>\n\t\t\t\t<\/div>\n\t\t<div class=\"elementor-element elementor-element-6d41b99 e-flex e-con-boxed e-con e-parent\" data-id=\"6d41b99\" data-element_type=\"container\" data-e-type=\"container\" data-settings=\"{&quot;background_background&quot;:&quot;classic&quot;}\">\n\t\t\t\t\t<div class=\"e-con-inner\">\n\t\t<div class=\"elementor-element elementor-element-ebf4a4a e-con-full e-flex e-con e-child\" data-id=\"ebf4a4a\" data-element_type=\"container\" data-e-type=\"container\" data-settings=\"{&quot;background_background&quot;:&quot;classic&quot;}\">\n\t\t\t\t<div class=\"elementor-element elementor-element-2e4647c elementor-widget elementor-widget-heading\" data-id=\"2e4647c\" data-element_type=\"widget\" data-e-type=\"widget\" data-widget_type=\"heading.default\">\n\t\t\t\t<div class=\"elementor-widget-container\">\n\t\t\t\t\t<h2 class=\"elementor-heading-title elementor-size-default\">Vous souhaitez en savoir plus ?  <\/h2>\t\t\t\t<\/div>\n\t\t\t\t<\/div>\n\t\t\t\t<div class=\"elementor-element elementor-element-031f638 elementor-align-center elementor-widget elementor-widget-button\" data-id=\"031f638\" data-element_type=\"widget\" data-e-type=\"widget\" data-widget_type=\"button.default\">\n\t\t\t\t<div class=\"elementor-widget-container\">\n\t\t\t\t\t\t\t\t\t<div class=\"elementor-button-wrapper\">\n\t\t\t\t\t<a class=\"elementor-button elementor-button-link elementor-size-sm\" href=\"https:\/\/www.google.com\/url?q=https:\/\/www.youtube.com\/@PrathamInternationalSkilling&#038;sa=D&#038;source=docs&#038;ust=1744142069187924&#038;usg=AOvVaw33vOCRtXa14uW1P0jGwk0T\" target=\"_blank\">\n\t\t\t\t\t\t<span class=\"elementor-button-content-wrapper\">\n\t\t\t\t\t\t\t\t\t<span class=\"elementor-button-text\">Acc\u00e9dez aux ressources sur la formation professionnelle ici  <\/span>\n\t\t\t\t\t<\/span>\n\t\t\t\t\t<\/a>\n\t\t\t\t<\/div>\n\t\t\t\t\t\t\t\t<\/div>\n\t\t\t\t<\/div>\n\t\t\t\t<\/div>\n\t\t\t\t\t<\/div>\n\t\t\t\t<\/div>\n\t\t\t\t<\/div>\n\t\t","protected":false},"excerpt":{"rendered":"<p>Formation des jeunes Le programme de qualification des jeunes vise \u00e0 doter les jeunes adultes de comp\u00e9tences utiles \u00e0 l&rsquo;industrie, \u00e0 am\u00e9liorer leur employabilit\u00e9 et \u00e0 faire en sorte que la formation professionnelle r\u00e9ponde \u00e0 l&rsquo;\u00e9volution des besoins de l&rsquo;industrie. Introduction En Afrique, un jeune sur cinq n&rsquo;a pas acc\u00e8s \u00e0 l&#8217;emploi ou \u00e0 l&rsquo;\u00e9ducation, [&hellip;]<\/p>\n","protected":false},"author":3,"featured_media":0,"parent":0,"menu_order":0,"comment_status":"closed","ping_status":"closed","template":"elementor_header_footer","meta":{"_acf_changed":false,"inline_featured_image":false,"footnotes":""},"class_list":["post-4386","page","type-page","status-publish","hentry"],"acf":[],"_links":{"self":[{"href":"https:\/\/prathaminternational.org\/fr\/wp-json\/wp\/v2\/pages\/4386","targetHints":{"allow":["GET"]}}],"collection":[{"href":"https:\/\/prathaminternational.org\/fr\/wp-json\/wp\/v2\/pages"}],"about":[{"href":"https:\/\/prathaminternational.org\/fr\/wp-json\/wp\/v2\/types\/page"}],"author":[{"embeddable":true,"href":"https:\/\/prathaminternational.org\/fr\/wp-json\/wp\/v2\/users\/3"}],"replies":[{"embeddable":true,"href":"https:\/\/prathaminternational.org\/fr\/wp-json\/wp\/v2\/comments?post=4386"}],"version-history":[{"count":6,"href":"https:\/\/prathaminternational.org\/fr\/wp-json\/wp\/v2\/pages\/4386\/revisions"}],"predecessor-version":[{"id":4906,"href":"https:\/\/prathaminternational.org\/fr\/wp-json\/wp\/v2\/pages\/4386\/revisions\/4906"}],"wp:attachment":[{"href":"https:\/\/prathaminternational.org\/fr\/wp-json\/wp\/v2\/media?parent=4386"}],"curies":[{"name":"wp","href":"https:\/\/api.w.org\/{rel}","templated":true}]}}