{"id":3368,"date":"2024-03-21T06:43:55","date_gmt":"2024-03-21T06:43:55","guid":{"rendered":"https:\/\/prathaminternational.org\/objectif\/"},"modified":"2024-09-03T08:36:28","modified_gmt":"2024-09-03T08:36:28","slug":"objectif","status":"publish","type":"page","link":"https:\/\/prathaminternational.org\/fr\/objectif\/","title":{"rendered":"Objectif"},"content":{"rendered":"\t\t<div data-elementor-type=\"wp-page\" data-elementor-id=\"3368\" class=\"elementor elementor-3368 elementor-1368\" data-elementor-post-type=\"page\">\n\t\t\t\t<div class=\"elementor-element elementor-element-8420909 e-flex e-con-boxed e-con e-parent\" data-id=\"8420909\" data-element_type=\"container\" data-e-type=\"container\" data-settings=\"{&quot;background_background&quot;:&quot;classic&quot;}\">\n\t\t\t\t\t<div class=\"e-con-inner\">\n\t\t\t\t<div class=\"elementor-element elementor-element-ef5050c elementor-widget__width-initial elementor-absolute elementor-widget elementor-widget-text-editor\" data-id=\"ef5050c\" data-element_type=\"widget\" data-e-type=\"widget\" data-settings=\"{&quot;_position&quot;:&quot;absolute&quot;}\" data-widget_type=\"text-editor.default\">\n\t\t\t\t<div class=\"elementor-widget-container\">\n\t\t\t\t\t\t\t\t\t<h1>Objectif<\/h1>\n<p>N\u00e9e avec la mission \u00ab\u00a0Chaque enfant \u00e0 l&rsquo;\u00e9cole et apprenant bien\u00a0\u00bb, la port\u00e9e du travail de Pratham s&rsquo;est \u00e9largie \u00e0 travers les domaines de programme et les segments d&rsquo;\u00e2ge dans l&rsquo;\u00e9ducation et les moyens de subsistance.<\/p>\n\t\t\t\t\t\t\t\t<\/div>\n\t\t\t\t<\/div>\n\t\t\t\t\t<\/div>\n\t\t\t\t<\/div>\n\t\t<div class=\"elementor-element elementor-element-cd0de57 e-flex e-con-boxed e-con e-parent\" data-id=\"cd0de57\" data-element_type=\"container\" data-e-type=\"container\" data-settings=\"{&quot;background_background&quot;:&quot;classic&quot;}\">\n\t\t\t\t\t<div class=\"e-con-inner\">\n\t\t<div class=\"elementor-element elementor-element-b25ecf3 e-con-full e-flex e-con e-child\" data-id=\"b25ecf3\" data-element_type=\"container\" data-e-type=\"container\" data-settings=\"{&quot;background_background&quot;:&quot;classic&quot;}\">\n\t\t\t\t<div class=\"elementor-element elementor-element-5162282 elementor-widget elementor-widget-heading\" data-id=\"5162282\" data-element_type=\"widget\" data-e-type=\"widget\" data-widget_type=\"heading.default\">\n\t\t\t\t<div class=\"elementor-widget-container\">\n\t\t\t\t\t<h3 class=\"elementor-heading-title elementor-size-default\">\u00c0 propos de Pratham International<\/h3>\t\t\t\t<\/div>\n\t\t\t\t<\/div>\n\t\t\t\t<div class=\"elementor-element elementor-element-2c7c11a elementor-widget elementor-widget-text-editor\" data-id=\"2c7c11a\" data-element_type=\"widget\" data-e-type=\"widget\" data-widget_type=\"text-editor.default\">\n\t\t\t\t<div class=\"elementor-widget-container\">\n\t\t\t\t\t\t\t\t\t<p>Pratham International a \u00e9t\u00e9 cr\u00e9\u00e9 pour soutenir les efforts en faveur de l&rsquo;\u00e9ducation et de la formation des enfants et des jeunes dans le monde entier. Notre mission est aliment\u00e9e par la dure r\u00e9alit\u00e9 que de nombreuses soci\u00e9t\u00e9s sont aux prises avec une crise de l&rsquo;apprentissage, laissant 7 enfants sur 10 dans les pays \u00e0 revenu faible et moyen incapables de lire un texte simple \u00e0 l&rsquo;\u00e2ge de 10 ans.<\/p>\n\t\t\t\t\t\t\t\t<\/div>\n\t\t\t\t<\/div>\n\t\t\t\t<div class=\"elementor-element elementor-element-9916d4f elementor-widget elementor-widget-text-editor\" data-id=\"9916d4f\" data-element_type=\"widget\" data-e-type=\"widget\" data-widget_type=\"text-editor.default\">\n\t\t\t\t<div class=\"elementor-widget-container\">\n\t\t\t\t\t\t\t\t\t<p>Ce n&rsquo;est pas l\u00e0 tout le probl\u00e8me de l&rsquo;\u00e9ducation, mais cela montre que le <strong>syst\u00e8me ne fonctionne pas pour au moins 7 enfants sur 10<\/strong>. Nous comprenons que sans comp\u00e9tences fondamentales, ces enfants ont peu de chances de s&rsquo;\u00e9panouir dans des soci\u00e9t\u00e9s complexes et que sans interventions contextualis\u00e9es, les jeunes laiss\u00e9s pour compte risquent de ne pas atteindre leur plein potentiel lorsqu&rsquo;ils entreront sur le march\u00e9 du travail.<\/p>\n\t\t\t\t\t\t\t\t<\/div>\n\t\t\t\t<\/div>\n\t\t\t\t<div class=\"elementor-element elementor-element-5dce063 elementor-widget elementor-widget-text-editor\" data-id=\"5dce063\" data-element_type=\"widget\" data-e-type=\"widget\" data-widget_type=\"text-editor.default\">\n\t\t\t\t<div class=\"elementor-widget-container\">\n\t\t\t\t\t\t\t\t\t<p>Pour relever ces d\u00e9fis mondiaux, Pratham International permet l&rsquo;adaptation et la diffusion de solutions \u00e9prouv\u00e9es et \u00e9volutives mises au point par la Fondation Pratham pour l&rsquo;\u00e9ducation en Inde, dans plus de 20 pays \u00e0 revenu faible ou interm\u00e9diaire \u00e0 travers le monde. Nous le faisons par le biais d&rsquo;une programmation et d&rsquo;une assistance technique adapt\u00e9es aux contextes locaux. Les innovations d\u00e9fendues par notre \u00e9quipe comprennent l&rsquo;enseignement au bon niveau (TaRL), fond\u00e9 sur des donn\u00e9es probantes, et le rapport annuel sur l&rsquo;\u00e9tat de l&rsquo;\u00e9ducation (ASER). Nous explorons \u00e9galement les adaptations des interventions dans l&rsquo;\u00e9ducation pr\u00e9coce, les initiatives num\u00e9riques, la formation des jeunes et autres pour soutenir l&rsquo;apprentissage dans des contextes en dehors de l&rsquo;Inde.<\/p>\n\t\t\t\t\t\t\t\t<\/div>\n\t\t\t\t<\/div>\n\t\t\t\t<\/div>\n\t\t<div class=\"elementor-element elementor-element-056814f e-con-full e-flex e-con e-child\" data-id=\"056814f\" data-element_type=\"container\" data-e-type=\"container\">\n\t\t\t\t<div class=\"elementor-element elementor-element-ae279b3 elementor-widget__width-inherit elementor-widget elementor-widget-image\" data-id=\"ae279b3\" data-element_type=\"widget\" data-e-type=\"widget\" data-widget_type=\"image.default\">\n\t\t\t\t<div class=\"elementor-widget-container\">\n\t\t\t\t\t\t\t\t\t\t\t\t<figure class=\"wp-caption\">\n\t\t\t\t\t\t\t\t\t\t<img fetchpriority=\"high\" decoding=\"async\" width=\"640\" height=\"759\" src=\"https:\/\/prathaminternational.org\/wp-content\/uploads\/2024\/03\/2-1.png\" class=\"attachment-large size-large wp-image-2904\" alt=\"\" srcset=\"https:\/\/prathaminternational.org\/wp-content\/uploads\/2024\/03\/2-1.png 857w, https:\/\/prathaminternational.org\/wp-content\/uploads\/2024\/03\/2-1-253x300.png 253w, https:\/\/prathaminternational.org\/wp-content\/uploads\/2024\/03\/2-1-768x911.png 768w\" sizes=\"(max-width: 640px) 100vw, 640px\" \/>\t\t\t\t\t\t\t\t\t\t\t<figcaption class=\"widget-image-caption wp-caption-text\">Credits : TaRL Africa<\/figcaption>\n\t\t\t\t\t\t\t\t\t\t<\/figure>\n\t\t\t\t\t\t\t\t\t<\/div>\n\t\t\t\t<\/div>\n\t\t\t\t<\/div>\n\t\t\t\t\t<\/div>\n\t\t\t\t<\/div>\n\t\t<div class=\"elementor-element elementor-element-0fae60d e-flex e-con-boxed e-con e-parent\" data-id=\"0fae60d\" data-element_type=\"container\" data-e-type=\"container\" data-settings=\"{&quot;background_background&quot;:&quot;classic&quot;}\">\n\t\t\t\t\t<div class=\"e-con-inner\">\n\t\t\t\t<div class=\"elementor-element elementor-element-0bd7bae elementor-widget-mobile__width-initial elementor-widget__width-initial elementor-widget elementor-widget-heading\" data-id=\"0bd7bae\" data-element_type=\"widget\" data-e-type=\"widget\" data-widget_type=\"heading.default\">\n\t\t\t\t<div class=\"elementor-widget-container\">\n\t\t\t\t\t<h3 class=\"elementor-heading-title elementor-size-default\">R\u00e9seau Pratham<\/h3>\t\t\t\t<\/div>\n\t\t\t\t<\/div>\n\t\t\t\t\t<\/div>\n\t\t\t\t<\/div>\n\t\t<div class=\"elementor-element elementor-element-4e90bb8 e-flex e-con-boxed e-con e-parent\" data-id=\"4e90bb8\" data-element_type=\"container\" data-e-type=\"container\" data-settings=\"{&quot;background_background&quot;:&quot;classic&quot;}\">\n\t\t\t\t\t<div class=\"e-con-inner\">\n\t\t<div class=\"elementor-element elementor-element-cb6b0a7 e-con-full e-flex e-con e-child\" data-id=\"cb6b0a7\" data-element_type=\"container\" data-e-type=\"container\" data-settings=\"{&quot;background_background&quot;:&quot;classic&quot;}\">\n\t\t\t\t<div class=\"elementor-element elementor-element-2d2ea1f elementor-widget elementor-widget-heading\" data-id=\"2d2ea1f\" data-element_type=\"widget\" data-e-type=\"widget\" data-widget_type=\"heading.default\">\n\t\t\t\t<div class=\"elementor-widget-container\">\n\t\t\t\t\t<h2 class=\"elementor-heading-title elementor-size-default\">Le r\u00e9seau Pratham  <\/h2>\t\t\t\t<\/div>\n\t\t\t\t<\/div>\n\t\t\t\t<div class=\"elementor-element elementor-element-2a0b820 elementor-widget elementor-widget-text-editor\" data-id=\"2a0b820\" data-element_type=\"widget\" data-e-type=\"widget\" data-widget_type=\"text-editor.default\">\n\t\t\t\t<div class=\"elementor-widget-container\">\n\t\t\t\t\t\t\t\t\t<p>Depuis plus de 25 ans, les diff\u00e9rentes entit\u00e9s du r\u00e9seau Pratham sont unies par un objectif commun : susciter des changements positifs et avoir un impact durable gr\u00e2ce \u00e0 l&rsquo;\u00e9ducation.<\/p>\n<p>Chaque entit\u00e9 de notre r\u00e9seau apporte des exp\u00e9riences et des professionnels qui aident \u00e0 relever les d\u00e9fis mondiaux li\u00e9s \u00e0 l&rsquo;apprentissage et \u00e0 l&rsquo;am\u00e9lioration des communaut\u00e9s dans le besoin. Pratham Education Foundation et Pratham International sont nos principales organisations de prestation de services. Notre r\u00e9seau comprend \u00e9galement nos affili\u00e9s charg\u00e9s de la collecte de fonds aux \u00c9tats-Unis, au Royaume-Uni, en Su\u00e8de et en Australie.<\/p>\t\t\t\t\t\t\t\t<\/div>\n\t\t\t\t<\/div>\n\t\t\t\t<\/div>\n\t\t<div class=\"elementor-element elementor-element-56a998b e-con-full e-flex e-con e-child\" data-id=\"56a998b\" data-element_type=\"container\" data-e-type=\"container\" data-settings=\"{&quot;background_background&quot;:&quot;classic&quot;}\">\n\t\t\t\t<div class=\"elementor-element elementor-element-e71757b elementor-widget elementor-widget-image\" data-id=\"e71757b\" data-element_type=\"widget\" data-e-type=\"widget\" data-widget_type=\"image.default\">\n\t\t\t\t<div class=\"elementor-widget-container\">\n\t\t\t\t\t\t\t\t\t\t\t\t\t\t\t<img decoding=\"async\" width=\"575\" height=\"575\" src=\"https:\/\/prathaminternational.org\/wp-content\/uploads\/2024\/02\/Copy-of-Pratham-Education-Foundation-1-copy.png\" class=\"attachment-full size-full wp-image-2838\" alt=\"\" srcset=\"https:\/\/prathaminternational.org\/wp-content\/uploads\/2024\/02\/Copy-of-Pratham-Education-Foundation-1-copy.png 575w, https:\/\/prathaminternational.org\/wp-content\/uploads\/2024\/02\/Copy-of-Pratham-Education-Foundation-1-copy-300x300.png 300w, https:\/\/prathaminternational.org\/wp-content\/uploads\/2024\/02\/Copy-of-Pratham-Education-Foundation-1-copy-150x150.png 150w\" sizes=\"(max-width: 575px) 100vw, 575px\" \/>\t\t\t\t\t\t\t\t\t\t\t\t\t\t\t<\/div>\n\t\t\t\t<\/div>\n\t\t\t\t<\/div>\n\t\t\t\t\t<\/div>\n\t\t\t\t<\/div>\n\t\t<div class=\"elementor-element elementor-element-96e800d e-flex e-con-boxed e-con e-parent\" data-id=\"96e800d\" data-element_type=\"container\" data-e-type=\"container\" data-settings=\"{&quot;background_background&quot;:&quot;classic&quot;}\">\n\t\t\t\t\t<div class=\"e-con-inner\">\n\t\t<div class=\"elementor-element elementor-element-a62d7aa bg_image e-flex e-con-boxed e-con e-child\" data-id=\"a62d7aa\" data-element_type=\"container\" data-e-type=\"container\" data-settings=\"{&quot;background_background&quot;:&quot;classic&quot;}\">\n\t\t\t\t\t<div class=\"e-con-inner\">\n\t\t\t\t<div class=\"elementor-element elementor-element-56dee6c elementor-widget__width-inherit about-join elementor-widget elementor-widget-text-editor\" data-id=\"56dee6c\" data-element_type=\"widget\" data-e-type=\"widget\" data-widget_type=\"text-editor.default\">\n\t\t\t\t<div class=\"elementor-widget-container\">\n\t\t\t\t\t\t\t\t\t<h2>D\u00e9couvrez le parcours du r\u00e9seau Pratham<\/h2><div><br><\/div>\n<ul>\n<li><a href=\"https:\/\/prathaminternational.org\/fr\/notre-parcours\/\">En savoir plus<\/a><\/li>\n<\/ul>\t\t\t\t\t\t\t\t<\/div>\n\t\t\t\t<\/div>\n\t\t\t\t\t<\/div>\n\t\t\t\t<\/div>\n\t\t\t\t\t<\/div>\n\t\t\t\t<\/div>\n\t\t\t\t<\/div>\n\t\t","protected":false},"excerpt":{"rendered":"<p>Objectif N\u00e9e avec la mission \u00ab\u00a0Chaque enfant \u00e0 l&rsquo;\u00e9cole et apprenant bien\u00a0\u00bb, la port\u00e9e du travail de Pratham s&rsquo;est \u00e9largie \u00e0 travers les domaines de programme et les segments d&rsquo;\u00e2ge dans l&rsquo;\u00e9ducation et les moyens de subsistance. \u00c0 propos de Pratham International Pratham International a \u00e9t\u00e9 cr\u00e9\u00e9 pour soutenir les efforts en faveur de l&rsquo;\u00e9ducation [&hellip;]<\/p>\n","protected":false},"author":1,"featured_media":0,"parent":0,"menu_order":0,"comment_status":"closed","ping_status":"closed","template":"builder-page.php","meta":{"_acf_changed":false,"inline_featured_image":false,"footnotes":""},"class_list":["post-3368","page","type-page","status-publish","hentry"],"acf":[],"_links":{"self":[{"href":"https:\/\/prathaminternational.org\/fr\/wp-json\/wp\/v2\/pages\/3368","targetHints":{"allow":["GET"]}}],"collection":[{"href":"https:\/\/prathaminternational.org\/fr\/wp-json\/wp\/v2\/pages"}],"about":[{"href":"https:\/\/prathaminternational.org\/fr\/wp-json\/wp\/v2\/types\/page"}],"author":[{"embeddable":true,"href":"https:\/\/prathaminternational.org\/fr\/wp-json\/wp\/v2\/users\/1"}],"replies":[{"embeddable":true,"href":"https:\/\/prathaminternational.org\/fr\/wp-json\/wp\/v2\/comments?post=3368"}],"version-history":[{"count":3,"href":"https:\/\/prathaminternational.org\/fr\/wp-json\/wp\/v2\/pages\/3368\/revisions"}],"predecessor-version":[{"id":3944,"href":"https:\/\/prathaminternational.org\/fr\/wp-json\/wp\/v2\/pages\/3368\/revisions\/3944"}],"wp:attachment":[{"href":"https:\/\/prathaminternational.org\/fr\/wp-json\/wp\/v2\/media?parent=3368"}],"curies":[{"name":"wp","href":"https:\/\/api.w.org\/{rel}","templated":true}]}}