{"id":3330,"date":"2024-04-06T12:35:39","date_gmt":"2024-04-06T12:35:39","guid":{"rendered":"https:\/\/prathaminternational.org\/ressources\/"},"modified":"2024-07-30T07:12:39","modified_gmt":"2024-07-30T07:12:39","slug":"ressources","status":"publish","type":"page","link":"https:\/\/prathaminternational.org\/fr\/ressources\/","title":{"rendered":"Ressources"},"content":{"rendered":"<div id=\"pl-3330\"  class=\"panel-layout\" ><div id=\"pg-3330-0\"  class=\"panel-grid panel-has-style\" ><div class=\"banner_section joinus_banner panel-row-style panel-row-style-for-3330-0\" ><div id=\"pgc-3330-0-0\"  class=\"panel-grid-cell\" ><div id=\"panel-3330-0-0-0\" class=\"so-panel widget widget_siteorigin-panels-builder panel-first-child panel-last-child\" data-index=\"0\" ><div class=\"container panel-widget-style panel-widget-style-for-3330-0-0-0\" ><div id=\"pl-w6611419b714ae\"  class=\"panel-layout\" ><div id=\"pg-w6611419b714ae-0\"  class=\"panel-grid panel-no-style\" ><div id=\"pgc-w6611419b714ae-0-0\"  class=\"panel-grid-cell\" ><div id=\"panel-w6611419b714ae-0-0-0\" class=\"so-panel widget widget_sow-editor panel-first-child panel-last-child\" data-index=\"0\" ><div class=\"banner_details panel-widget-style panel-widget-style-for-w6611419b714ae-0-0-0\" ><div\n\t\t\t\n\t\t\tclass=\"so-widget-sow-editor so-widget-sow-editor-base\"\n\t\t\t\n\t\t>\n<div class=\"siteorigin-widget-tinymce textwidget\">\n\t<h1>Ressources<\/h1>\n<p>  Explorez les ressources des entit\u00e9s du r\u00e9seau Pratham pour permettre \u00e0 chaque enfant et \u00e0 chaque jeune d'atteindre son plein potentiel.<\/p>\n<\/div>\n<\/div><\/div><\/div><\/div><\/div><\/div><\/div><\/div><\/div><\/div><\/div><\/div>","protected":false},"excerpt":{"rendered":"<p>Ressources Explorez les ressources des entit\u00e9s du r\u00e9seau Pratham pour permettre \u00e0 chaque enfant et \u00e0 chaque jeune d&rsquo;atteindre son plein potentiel.<\/p>\n","protected":false},"author":1,"featured_media":0,"parent":0,"menu_order":0,"comment_status":"closed","ping_status":"closed","template":"resources-page.php","meta":{"_acf_changed":false,"inline_featured_image":false,"footnotes":""},"class_list":["post-3330","page","type-page","status-publish","hentry"],"acf":[],"_links":{"self":[{"href":"https:\/\/prathaminternational.org\/fr\/wp-json\/wp\/v2\/pages\/3330","targetHints":{"allow":["GET"]}}],"collection":[{"href":"https:\/\/prathaminternational.org\/fr\/wp-json\/wp\/v2\/pages"}],"about":[{"href":"https:\/\/prathaminternational.org\/fr\/wp-json\/wp\/v2\/types\/page"}],"author":[{"embeddable":true,"href":"https:\/\/prathaminternational.org\/fr\/wp-json\/wp\/v2\/users\/1"}],"replies":[{"embeddable":true,"href":"https:\/\/prathaminternational.org\/fr\/wp-json\/wp\/v2\/comments?post=3330"}],"version-history":[{"count":1,"href":"https:\/\/prathaminternational.org\/fr\/wp-json\/wp\/v2\/pages\/3330\/revisions"}],"predecessor-version":[{"id":3331,"href":"https:\/\/prathaminternational.org\/fr\/wp-json\/wp\/v2\/pages\/3330\/revisions\/3331"}],"wp:attachment":[{"href":"https:\/\/prathaminternational.org\/fr\/wp-json\/wp\/v2\/media?parent=3330"}],"curies":[{"name":"wp","href":"https:\/\/api.w.org\/{rel}","templated":true}]}}