{"id":3328,"date":"2024-04-06T10:40:04","date_gmt":"2024-04-06T10:40:04","guid":{"rendered":"https:\/\/prathaminternational.org\/rapports-et-publications\/"},"modified":"2024-07-30T07:12:39","modified_gmt":"2024-07-30T07:12:39","slug":"rapports-et-publications","status":"publish","type":"page","link":"https:\/\/prathaminternational.org\/fr\/rapports-et-publications\/","title":{"rendered":"Rapports et publications"},"content":{"rendered":"<div id=\"pl-3328\"  class=\"panel-layout\" ><div id=\"pg-3328-0\"  class=\"panel-grid panel-has-style\" ><div class=\"banner_section joinus_banner panel-row-style panel-row-style-for-3328-0\" ><div id=\"pgc-3328-0-0\"  class=\"panel-grid-cell\" ><div id=\"panel-3328-0-0-0\" class=\"so-panel widget widget_siteorigin-panels-builder panel-first-child panel-last-child\" data-index=\"0\" ><div class=\"container panel-widget-style panel-widget-style-for-3328-0-0-0\" ><div id=\"pl-w664b37aadd464\"  class=\"panel-layout\" ><div id=\"pg-w664b37aadd464-0\"  class=\"panel-grid panel-no-style\" ><div id=\"pgc-w664b37aadd464-0-0\"  class=\"panel-grid-cell\" ><div id=\"panel-w664b37aadd464-0-0-0\" class=\"so-panel widget widget_sow-editor panel-first-child panel-last-child\" data-index=\"0\" ><div class=\"banner_details panel-widget-style panel-widget-style-for-w664b37aadd464-0-0-0\" ><div\n\t\t\t\n\t\t\tclass=\"so-widget-sow-editor so-widget-sow-editor-base\"\n\t\t\t\n\t\t>\n<div class=\"siteorigin-widget-tinymce textwidget\">\n\t<h1>Rapports et publications<\/h1>\n<p>  D\u00e9couvrez les recherches et les meilleures pratiques li\u00e9es aux innovations soutenues par le r\u00e9seau Pratham.<\/p>\n<\/div>\n<\/div><\/div><\/div><\/div><\/div><\/div><\/div><\/div><\/div><\/div><\/div><\/div>","protected":false},"excerpt":{"rendered":"<p>Rapports et publications D\u00e9couvrez les recherches et les meilleures pratiques li\u00e9es aux innovations soutenues par le r\u00e9seau Pratham.<\/p>\n","protected":false},"author":1,"featured_media":0,"parent":0,"menu_order":0,"comment_status":"closed","ping_status":"closed","template":"reports_publications-page.php","meta":{"_acf_changed":false,"inline_featured_image":false,"footnotes":""},"class_list":["post-3328","page","type-page","status-publish","hentry"],"acf":[],"_links":{"self":[{"href":"https:\/\/prathaminternational.org\/fr\/wp-json\/wp\/v2\/pages\/3328","targetHints":{"allow":["GET"]}}],"collection":[{"href":"https:\/\/prathaminternational.org\/fr\/wp-json\/wp\/v2\/pages"}],"about":[{"href":"https:\/\/prathaminternational.org\/fr\/wp-json\/wp\/v2\/types\/page"}],"author":[{"embeddable":true,"href":"https:\/\/prathaminternational.org\/fr\/wp-json\/wp\/v2\/users\/1"}],"replies":[{"embeddable":true,"href":"https:\/\/prathaminternational.org\/fr\/wp-json\/wp\/v2\/comments?post=3328"}],"version-history":[{"count":1,"href":"https:\/\/prathaminternational.org\/fr\/wp-json\/wp\/v2\/pages\/3328\/revisions"}],"predecessor-version":[{"id":3329,"href":"https:\/\/prathaminternational.org\/fr\/wp-json\/wp\/v2\/pages\/3328\/revisions\/3329"}],"wp:attachment":[{"href":"https:\/\/prathaminternational.org\/fr\/wp-json\/wp\/v2\/media?parent=3328"}],"curies":[{"name":"wp","href":"https:\/\/api.w.org\/{rel}","templated":true}]}}