{"id":3316,"date":"2024-04-06T12:18:04","date_gmt":"2024-04-06T12:18:04","guid":{"rendered":"https:\/\/prathaminternational.org\/collaborations\/"},"modified":"2024-07-30T07:12:37","modified_gmt":"2024-07-30T07:12:37","slug":"collaborations","status":"publish","type":"page","link":"https:\/\/prathaminternational.org\/fr\/collaborations\/","title":{"rendered":"Collaborations"},"content":{"rendered":"<div id=\"pl-3316\"  class=\"panel-layout\" ><div id=\"pg-3316-0\"  class=\"panel-grid panel-has-style\" ><div class=\"banner_section joinus_banner panel-row-style panel-row-style-for-3316-0\" ><div id=\"pgc-3316-0-0\"  class=\"panel-grid-cell\" ><div id=\"panel-3316-0-0-0\" class=\"so-panel widget widget_siteorigin-panels-builder panel-first-child panel-last-child\" data-index=\"0\" ><div class=\"container panel-widget-style panel-widget-style-for-3316-0-0-0\" ><div id=\"pl-w6628f931a7ede\"  class=\"panel-layout\" ><div id=\"pg-w6628f931a7ede-0\"  class=\"panel-grid panel-no-style\" ><div id=\"pgc-w6628f931a7ede-0-0\"  class=\"panel-grid-cell\" ><div id=\"panel-w6628f931a7ede-0-0-0\" class=\"so-panel widget widget_sow-editor panel-first-child panel-last-child\" data-index=\"0\" ><div class=\"banner_details panel-widget-style panel-widget-style-for-w6628f931a7ede-0-0-0\" ><div\n\t\t\t\n\t\t\tclass=\"so-widget-sow-editor so-widget-sow-editor-base\"\n\t\t\t\n\t\t>\n<div class=\"siteorigin-widget-tinymce textwidget\">\n\t<h1>Collaborations<\/h1>\n<p>  Nous travaillons en partenariat avec des acteurs du monde entier pour aider les enfants et les jeunes \u00e0 apprendre \u00e0 l'\u00e9cole, au travail et dans la vie.<br \/>\nLisez les \u00e9tudes de cas par pays de nos innovations. <\/p>\n<\/div>\n<\/div><\/div><\/div><\/div><\/div><\/div><\/div><\/div><\/div><\/div><\/div><\/div>","protected":false},"excerpt":{"rendered":"<p>Collaborations Nous travaillons en partenariat avec des acteurs du monde entier pour aider les enfants et les jeunes \u00e0 apprendre \u00e0 l&rsquo;\u00e9cole, au travail et dans la vie. Lisez les \u00e9tudes de cas par pays de nos innovations.<\/p>\n","protected":false},"author":1,"featured_media":0,"parent":0,"menu_order":0,"comment_status":"closed","ping_status":"closed","template":"collaborations-page.php","meta":{"_acf_changed":false,"inline_featured_image":false,"footnotes":""},"class_list":["post-3316","page","type-page","status-publish","hentry"],"acf":[],"_links":{"self":[{"href":"https:\/\/prathaminternational.org\/fr\/wp-json\/wp\/v2\/pages\/3316","targetHints":{"allow":["GET"]}}],"collection":[{"href":"https:\/\/prathaminternational.org\/fr\/wp-json\/wp\/v2\/pages"}],"about":[{"href":"https:\/\/prathaminternational.org\/fr\/wp-json\/wp\/v2\/types\/page"}],"author":[{"embeddable":true,"href":"https:\/\/prathaminternational.org\/fr\/wp-json\/wp\/v2\/users\/1"}],"replies":[{"embeddable":true,"href":"https:\/\/prathaminternational.org\/fr\/wp-json\/wp\/v2\/comments?post=3316"}],"version-history":[{"count":1,"href":"https:\/\/prathaminternational.org\/fr\/wp-json\/wp\/v2\/pages\/3316\/revisions"}],"predecessor-version":[{"id":3317,"href":"https:\/\/prathaminternational.org\/fr\/wp-json\/wp\/v2\/pages\/3316\/revisions\/3317"}],"wp:attachment":[{"href":"https:\/\/prathaminternational.org\/fr\/wp-json\/wp\/v2\/media?parent=3316"}],"curies":[{"name":"wp","href":"https:\/\/api.w.org\/{rel}","templated":true}]}}