{"id":3311,"date":"2024-04-16T06:32:27","date_gmt":"2024-04-16T06:32:27","guid":{"rendered":"https:\/\/prathaminternational.org\/apercus\/"},"modified":"2024-08-31T08:02:34","modified_gmt":"2024-08-31T08:02:34","slug":"apercus","status":"publish","type":"page","link":"https:\/\/prathaminternational.org\/fr\/apercus\/","title":{"rendered":"Aper\u00e7us"},"content":{"rendered":"\t\t<div data-elementor-type=\"wp-page\" data-elementor-id=\"3311\" class=\"elementor elementor-3311 elementor-1733\" data-elementor-post-type=\"page\">\n\t\t\t\t<div class=\"elementor-element elementor-element-cc2f35c e-con-full e-flex e-con e-parent\" data-id=\"cc2f35c\" data-element_type=\"container\" data-e-type=\"container\" data-settings=\"{&quot;background_background&quot;:&quot;classic&quot;}\">\n\t\t\t\t<div class=\"elementor-element elementor-element-78411c9 elementor-widget__width-initial elementor-absolute elementor-widget elementor-widget-text-editor\" data-id=\"78411c9\" data-element_type=\"widget\" data-e-type=\"widget\" data-settings=\"{&quot;_position&quot;:&quot;absolute&quot;}\" data-widget_type=\"text-editor.default\">\n\t\t\t\t<div class=\"elementor-widget-container\">\n\t\t\t\t\t\t\t\t\t<h1><strong>Aper\u00e7us<\/strong><\/h1>\n<p><span style=\"font-weight: 400;\">D\u00e9couvrez les derni\u00e8res mises \u00e0 jour des programmes de Pratham International \u00e0 travers des blogs, des \u00e9tudes de cas, des publications et plus encore.<\/span><\/p>\n\t\t\t\t\t\t\t\t<\/div>\n\t\t\t\t<\/div>\n\t\t\t\t<\/div>\n\t\t<div class=\"elementor-element elementor-element-18c271c e-con-full e-flex e-con e-parent\" data-id=\"18c271c\" data-element_type=\"container\" data-e-type=\"container\">\n\t\t\t\t<div class=\"elementor-element elementor-element-5c821ee elementor-widget elementor-widget-text-editor\" data-id=\"5c821ee\" data-element_type=\"widget\" data-e-type=\"widget\" data-widget_type=\"text-editor.default\">\n\t\t\t\t<div class=\"elementor-widget-container\">\n\t\t\t\t\t\t\t\t\t<p><span style=\"font-weight: 400;\">Interagissez avec un contenu diversifi\u00e9 comprenant des histoires int\u00e9ressantes, des blogs perspicaces et des mises \u00e0 jour opportunes qui \u00e9clairent les programmes de Pratham International et un \u00e9ventail de sujets pertinents.<\/span><\/p>\n\t\t\t\t\t\t\t\t<\/div>\n\t\t\t\t<\/div>\n\t\t\t\t<\/div>\n\t\t<div class=\"elementor-element elementor-element-0d98818 e-con-full e-flex e-con e-parent\" data-id=\"0d98818\" data-element_type=\"container\" data-e-type=\"container\">\n\t\t<div class=\"elementor-element elementor-element-a5e7855 e-con-full e-flex e-con e-child\" data-id=\"a5e7855\" data-element_type=\"container\" data-e-type=\"container\">\n\t\t\t\t<div class=\"elementor-element elementor-element-6bbf302 elementor-widget elementor-widget-image\" data-id=\"6bbf302\" data-element_type=\"widget\" data-e-type=\"widget\" data-widget_type=\"image.default\">\n\t\t\t\t<div class=\"elementor-widget-container\">\n\t\t\t\t\t\t\t\t\t\t\t\t\t\t\t<img fetchpriority=\"high\" decoding=\"async\" width=\"803\" height=\"410\" src=\"https:\/\/prathaminternational.org\/wp-content\/uploads\/2024\/04\/stories.png\" class=\"attachment-full size-full wp-image-3009\" alt=\"\" srcset=\"https:\/\/prathaminternational.org\/wp-content\/uploads\/2024\/04\/stories.png 803w, https:\/\/prathaminternational.org\/wp-content\/uploads\/2024\/04\/stories-300x153.png 300w, https:\/\/prathaminternational.org\/wp-content\/uploads\/2024\/04\/stories-768x392.png 768w\" sizes=\"(max-width: 803px) 100vw, 803px\" \/>\t\t\t\t\t\t\t\t\t\t\t\t\t\t\t<\/div>\n\t\t\t\t<\/div>\n\t\t\t\t<div class=\"elementor-element elementor-element-743c3d5 elementor-widget__width-initial elementor-absolute elementor-widget elementor-widget-heading\" data-id=\"743c3d5\" data-element_type=\"widget\" data-e-type=\"widget\" data-settings=\"{&quot;_position&quot;:&quot;absolute&quot;}\" data-widget_type=\"heading.default\">\n\t\t\t\t<div class=\"elementor-widget-container\">\n\t\t\t\t\t<h3 class=\"elementor-heading-title elementor-size-default\">Histoires<\/h3>\t\t\t\t<\/div>\n\t\t\t\t<\/div>\n\t\t\t\t<div class=\"elementor-element elementor-element-ae9ae4a sc-read elementor-widget elementor-widget-text-editor\" data-id=\"ae9ae4a\" data-element_type=\"widget\" data-e-type=\"widget\" data-widget_type=\"text-editor.default\">\n\t\t\t\t<div class=\"elementor-widget-container\">\n\t\t\t\t\t\t\t\t\t<p><span style=\"font-weight: 400;\">Nos histoires, r\u00e9dig\u00e9es sous forme de blogs, de r\u00e9flexions et autres, offrent un aper\u00e7u unique de l&rsquo;impact transformateur de nos innovations dans divers contextes.<\/span><\/p>\n<p><strong><a href=\"https:\/\/prathaminternational.org\/fr\/histoires\/\">Lire la suite<\/a><\/strong><\/p>\n\t\t\t\t\t\t\t\t<\/div>\n\t\t\t\t<\/div>\n\t\t\t\t<\/div>\n\t\t<div class=\"elementor-element elementor-element-feac9ea e-con-full e-flex e-con e-child\" data-id=\"feac9ea\" data-element_type=\"container\" data-e-type=\"container\">\n\t\t\t\t<div class=\"elementor-element elementor-element-b46f6b1 elementor-widget elementor-widget-image\" data-id=\"b46f6b1\" data-element_type=\"widget\" data-e-type=\"widget\" data-widget_type=\"image.default\">\n\t\t\t\t<div class=\"elementor-widget-container\">\n\t\t\t\t\t\t\t\t\t\t\t\t\t\t\t<img decoding=\"async\" width=\"803\" height=\"410\" src=\"https:\/\/prathaminternational.org\/wp-content\/uploads\/2024\/05\/collab.jpg\" class=\"attachment-full size-full wp-image-3081\" alt=\"\" srcset=\"https:\/\/prathaminternational.org\/wp-content\/uploads\/2024\/05\/collab.jpg 803w, https:\/\/prathaminternational.org\/wp-content\/uploads\/2024\/05\/collab-300x153.jpg 300w, https:\/\/prathaminternational.org\/wp-content\/uploads\/2024\/05\/collab-768x392.jpg 768w\" sizes=\"(max-width: 803px) 100vw, 803px\" \/>\t\t\t\t\t\t\t\t\t\t\t\t\t\t\t<\/div>\n\t\t\t\t<\/div>\n\t\t\t\t<div class=\"elementor-element elementor-element-67bd393 elementor-widget__width-initial elementor-absolute elementor-widget elementor-widget-heading\" data-id=\"67bd393\" data-element_type=\"widget\" data-e-type=\"widget\" data-settings=\"{&quot;_position&quot;:&quot;absolute&quot;}\" data-widget_type=\"heading.default\">\n\t\t\t\t<div class=\"elementor-widget-container\">\n\t\t\t\t\t<h3 class=\"elementor-heading-title elementor-size-default\">Collaborations<\/h3>\t\t\t\t<\/div>\n\t\t\t\t<\/div>\n\t\t\t\t<div class=\"elementor-element elementor-element-0766777 sc-read elementor-widget elementor-widget-text-editor\" data-id=\"0766777\" data-element_type=\"widget\" data-e-type=\"widget\" data-widget_type=\"text-editor.default\">\n\t\t\t\t<div class=\"elementor-widget-container\">\n\t\t\t\t\t\t\t\t\t<p><span style=\"font-weight: 400;\">Nos \u00e9tudes de cas par pays vous aideront \u00e0 d\u00e9couvrir comment nos innovations soutiennent les enfants et les jeunes dans les pays du Sud.<\/span><\/p>\n<p><strong><a href=\"https:\/\/prathaminternational.org\/fr\/collaborations\/\">Lire la suite<\/a><\/strong><\/p>\n\t\t\t\t\t\t\t\t<\/div>\n\t\t\t\t<\/div>\n\t\t\t\t<\/div>\n\t\t\t\t<\/div>\n\t\t<div class=\"elementor-element elementor-element-160c0fc e-con-full e-flex e-con e-parent\" data-id=\"160c0fc\" data-element_type=\"container\" data-e-type=\"container\">\n\t\t<div class=\"elementor-element elementor-element-de9b49d e-con-full e-flex e-con e-child\" data-id=\"de9b49d\" data-element_type=\"container\" data-e-type=\"container\">\n\t\t\t\t<div class=\"elementor-element elementor-element-6c8dd34 elementor-widget elementor-widget-image\" data-id=\"6c8dd34\" data-element_type=\"widget\" data-e-type=\"widget\" data-widget_type=\"image.default\">\n\t\t\t\t<div class=\"elementor-widget-container\">\n\t\t\t\t\t\t\t\t\t\t\t\t\t\t\t<img decoding=\"async\" width=\"803\" height=\"410\" src=\"https:\/\/prathaminternational.org\/wp-content\/uploads\/2024\/05\/rp.jpg\" class=\"attachment-full size-full wp-image-3078\" alt=\"\" srcset=\"https:\/\/prathaminternational.org\/wp-content\/uploads\/2024\/05\/rp.jpg 803w, https:\/\/prathaminternational.org\/wp-content\/uploads\/2024\/05\/rp-300x153.jpg 300w, https:\/\/prathaminternational.org\/wp-content\/uploads\/2024\/05\/rp-768x392.jpg 768w\" sizes=\"(max-width: 803px) 100vw, 803px\" \/>\t\t\t\t\t\t\t\t\t\t\t\t\t\t\t<\/div>\n\t\t\t\t<\/div>\n\t\t\t\t<div class=\"elementor-element elementor-element-bde70a1 elementor-widget__width-initial elementor-absolute elementor-widget elementor-widget-heading\" data-id=\"bde70a1\" data-element_type=\"widget\" data-e-type=\"widget\" data-settings=\"{&quot;_position&quot;:&quot;absolute&quot;}\" data-widget_type=\"heading.default\">\n\t\t\t\t<div class=\"elementor-widget-container\">\n\t\t\t\t\t<h3 class=\"elementor-heading-title elementor-size-default\">Rapports et publications<\/h3>\t\t\t\t<\/div>\n\t\t\t\t<\/div>\n\t\t\t\t<div class=\"elementor-element elementor-element-71389b4 sc-read elementor-widget elementor-widget-text-editor\" data-id=\"71389b4\" data-element_type=\"widget\" data-e-type=\"widget\" data-widget_type=\"text-editor.default\">\n\t\t\t\t<div class=\"elementor-widget-container\">\n\t\t\t\t\t\t\t\t\t<p><span style=\"font-weight: 400;\">Restez inform\u00e9 des recherches et des meilleures pratiques li\u00e9es aux innovations soutenues par le r\u00e9seau Pratham.<br \/>\nPour acc\u00e9der \u00e0 nos rapports et publications <\/span><\/p>\n<p><strong><a href=\"https:\/\/prathaminternational.org\/fr\/rapports-et-publications\/\">Cliquez ici<\/a><\/strong><\/p>\n\t\t\t\t\t\t\t\t<\/div>\n\t\t\t\t<\/div>\n\t\t\t\t<\/div>\n\t\t<div class=\"elementor-element elementor-element-fbfa4c6 e-con-full e-flex e-con e-child\" data-id=\"fbfa4c6\" data-element_type=\"container\" data-e-type=\"container\">\n\t\t\t\t<\/div>\n\t\t\t\t<\/div>\n\t\t\t\t<\/div>\n\t\t","protected":false},"excerpt":{"rendered":"<p>Aper\u00e7us D\u00e9couvrez les derni\u00e8res mises \u00e0 jour des programmes de Pratham International \u00e0 travers des blogs, des \u00e9tudes de cas, des publications et plus encore. Interagissez avec un contenu diversifi\u00e9 comprenant des histoires int\u00e9ressantes, des blogs perspicaces et des mises \u00e0 jour opportunes qui \u00e9clairent les programmes de Pratham International et un \u00e9ventail de sujets [&hellip;]<\/p>\n","protected":false},"author":1,"featured_media":0,"parent":0,"menu_order":0,"comment_status":"closed","ping_status":"closed","template":"builder-page.php","meta":{"_acf_changed":false,"inline_featured_image":false,"footnotes":""},"class_list":["post-3311","page","type-page","status-publish","hentry"],"acf":[],"_links":{"self":[{"href":"https:\/\/prathaminternational.org\/fr\/wp-json\/wp\/v2\/pages\/3311","targetHints":{"allow":["GET"]}}],"collection":[{"href":"https:\/\/prathaminternational.org\/fr\/wp-json\/wp\/v2\/pages"}],"about":[{"href":"https:\/\/prathaminternational.org\/fr\/wp-json\/wp\/v2\/types\/page"}],"author":[{"embeddable":true,"href":"https:\/\/prathaminternational.org\/fr\/wp-json\/wp\/v2\/users\/1"}],"replies":[{"embeddable":true,"href":"https:\/\/prathaminternational.org\/fr\/wp-json\/wp\/v2\/comments?post=3311"}],"version-history":[{"count":6,"href":"https:\/\/prathaminternational.org\/fr\/wp-json\/wp\/v2\/pages\/3311\/revisions"}],"predecessor-version":[{"id":3843,"href":"https:\/\/prathaminternational.org\/fr\/wp-json\/wp\/v2\/pages\/3311\/revisions\/3843"}],"wp:attachment":[{"href":"https:\/\/prathaminternational.org\/fr\/wp-json\/wp\/v2\/media?parent=3311"}],"curies":[{"name":"wp","href":"https:\/\/api.w.org\/{rel}","templated":true}]}}