{"id":3297,"date":"2024-05-14T10:59:14","date_gmt":"2024-05-14T10:59:14","guid":{"rendered":"https:\/\/prathaminternational.org\/politique-de-confidentialite\/"},"modified":"2024-07-30T07:12:34","modified_gmt":"2024-07-30T07:12:34","slug":"politique-de-confidentialite","status":"publish","type":"page","link":"https:\/\/prathaminternational.org\/fr\/politique-de-confidentialite\/","title":{"rendered":"Politique de confidentialit\u00e9"},"content":{"rendered":"\t\t<div data-elementor-type=\"wp-page\" data-elementor-id=\"3297\" class=\"elementor elementor-3297 elementor-1994\" data-elementor-post-type=\"page\">\n\t\t\t\t<div class=\"elementor-element elementor-element-c6d2ca7 e-flex e-con-boxed e-con e-parent\" data-id=\"c6d2ca7\" data-element_type=\"container\" data-e-type=\"container\" data-settings=\"{&quot;background_background&quot;:&quot;classic&quot;}\">\n\t\t\t\t\t<div class=\"e-con-inner\">\n\t\t\t\t<div class=\"elementor-element elementor-element-a86b36b elementor-widget__width-initial elementor-absolute elementor-widget elementor-widget-text-editor\" data-id=\"a86b36b\" data-element_type=\"widget\" data-e-type=\"widget\" data-settings=\"{&quot;_position&quot;:&quot;absolute&quot;}\" data-widget_type=\"text-editor.default\">\n\t\t\t\t<div class=\"elementor-widget-container\">\n\t\t\t\t\t\t\t\t\t<h1><b>Politique de confidentialit\u00e9<\/b><\/h1>\n<p><span style=\"font-weight: 400;\">Vous trouverez ci-dessous les pratiques de Pratham International en mati\u00e8re de collecte et de diffusion d&rsquo;informations.<\/span><\/p>\n\t\t\t\t\t\t\t\t<\/div>\n\t\t\t\t<\/div>\n\t\t\t\t\t<\/div>\n\t\t\t\t<\/div>\n\t\t<div class=\"elementor-element elementor-element-4c8278c e-con-full .container e-flex e-con e-parent\" data-id=\"4c8278c\" data-element_type=\"container\" data-e-type=\"container\">\n\t\t\t\t<div class=\"elementor-element elementor-element-fb0b125 elementor-widget elementor-widget-text-editor\" data-id=\"fb0b125\" data-element_type=\"widget\" data-e-type=\"widget\" data-widget_type=\"text-editor.default\">\n\t\t\t\t<div class=\"elementor-widget-container\">\n\t\t\t\t\t\t\t\t\t<p><b>Prot\u00e9ger vos informations personnelles<\/b><\/p>\n<p><span style=\"font-weight: 400;\">Pratham International a cr\u00e9\u00e9 cette politique de confidentialit\u00e9 pour expliquer pourquoi nous recueillons des informations particuli\u00e8res et comment nous prot\u00e9gerons votre vie priv\u00e9e lorsque vous visitez notre site web ou faites un don en ligne ou hors ligne.<\/span><\/p>\n<p><span style=\"font-weight: 400;\">Vous trouverez ci-dessous les pratiques de Pratham International en mati\u00e8re de collecte et de diffusion d&rsquo;informations.<\/span><\/p>\n<p><span style=\"font-weight: 400;\">Pratham International se r\u00e9serve le droit, \u00e0 tout moment et sans pr\u00e9avis, de modifier la pr\u00e9sente politique de confidentialit\u00e9 en publiant simplement ces modifications sur le site Prathaminternational.org (le Site).<br \/>\nCes modifications entreront en vigueur d\u00e8s leur publication. <\/span><\/p>\n<p><span style=\"font-weight: 400;\">Parce que nous voulons d\u00e9montrer notre engagement en faveur de votre vie priv\u00e9e, la pr\u00e9sente politique de protection de la vie priv\u00e9e vous informe de ce qui suit :<\/span><\/p>\n<ol>\n<li style=\"font-weight: 400;\" aria-level=\"1\"><span style=\"font-weight: 400;\">Quelles informations personnelles identifiables vous concernant sont collect\u00e9es par le biais du site et quand les dons sont collect\u00e9s en ligne et hors ligne.<\/span><\/li>\n<li style=\"font-weight: 400;\" aria-level=\"1\"><span style=\"font-weight: 400;\">Qui collecte ces informations.<\/span><\/li>\n<li style=\"font-weight: 400;\" aria-level=\"1\"><span style=\"font-weight: 400;\">Comment ces informations sont-elles utilis\u00e9es ?<\/span><\/li>\n<li style=\"font-weight: 400;\" aria-level=\"1\"><span style=\"font-weight: 400;\">Avec qui vos informations peuvent \u00eatre partag\u00e9es.<\/span><\/li>\n<li style=\"font-weight: 400;\" aria-level=\"1\"><span style=\"font-weight: 400;\">les choix qui s&rsquo;offrent \u00e0 vous en ce qui concerne la collecte, l&rsquo;utilisation et la diffusion de vos informations.<\/span><\/li>\n<li style=\"font-weight: 400;\" aria-level=\"1\"><span style=\"font-weight: 400;\">Quelles sont les proc\u00e9dures de s\u00e9curit\u00e9 mises en place pour prot\u00e9ger la perte, l&rsquo;utilisation abusive ou l&rsquo;alt\u00e9ration des informations sous notre contr\u00f4le.<\/span><\/li>\n<li style=\"font-weight: 400;\" aria-level=\"1\"><span style=\"font-weight: 400;\">Comment vous pouvez corriger toute inexactitude dans vos informations.<\/span><\/li>\n<\/ol>\n<p><span style=\"font-weight: 400;\"> <\/span><\/p>\n<p><b>LES INFORMATIONS QUE NOUS RECUEILLONS ET LA MANI\u00c8RE DONT NOUS LES UTILISONS<\/b><\/p>\n<p><span style=\"font-weight: 400;\">Nos formulaires d&rsquo;inscription et de don en ligne et hors ligne demandent aux utilisateurs de nous fournir des informations de contact qui peuvent inclure le nom, l&rsquo;adresse \u00e9lectronique, le format pr\u00e9f\u00e9r\u00e9 (HTML ou texte), l&rsquo;adresse, le num\u00e9ro de t\u00e9l\u00e9phone, les centres d&rsquo;int\u00e9r\u00eat et d&rsquo;autres informations similaires.<br \/>\nNous ne vendrons, n&rsquo;\u00e9changerons, ne louerons ni ne divulguerons ces informations \u00e0 des tiers, ni ne vous enverrons de courriers au nom d&rsquo;autres organisations.<br \/>\nLes informations personnellement identifiables sont stock\u00e9es dans notre base de donn\u00e9es prot\u00e9g\u00e9e par un mot de passe et ne sont pas accessibles au public.<br \/>\nEn outre, les informations personnellement identifiables ne sont accessibles qu&rsquo;au personnel ayant besoin de les conna\u00eetre.<br \/>\nPratham International ne demande pas et ne conserve pas d&rsquo;informations sensibles, telles que les num\u00e9ros de carte de cr\u00e9dit ou de s\u00e9curit\u00e9 sociale.    <\/span><\/p>\n<p><b>ADRESSE DE PROTOCOLE INTERNET<\/b><\/p>\n<p><span style=\"font-weight: 400;\">Nous recueillons l&rsquo;adresse IP de tous les visiteurs de notre site. Une adresse IP est un num\u00e9ro qui est automatiquement attribu\u00e9 \u00e0 votre ordinateur lorsque vous utilisez l&rsquo;internet. Nous utilisons les adresses IP pour diagnostiquer les probl\u00e8mes de notre serveur, administrer notre site, analyser les tendances, suivre les mouvements des utilisateurs, recueillir des informations d\u00e9mographiques g\u00e9n\u00e9rales pour une utilisation globale afin d&rsquo;am\u00e9liorer le site et de fournir un contenu adapt\u00e9 et personnalis\u00e9. Les adresses IP ne sont pas li\u00e9es \u00e0 des informations personnellement identifiables.<\/span><\/p>\n<p><b>L&rsquo;UTILISATION DE \u00ab\u00a0COOKIES\u00a0\u00bb<\/b><\/p>\n<p><span style=\"font-weight: 400;\">Notre site peut utiliser des cookies pour am\u00e9liorer votre exp\u00e9rience lors de l&rsquo;utilisation de notre site. Les cookies sont des \u00e9l\u00e9ments d&rsquo;information que certains sites web transf\u00e8rent \u00e0 l&rsquo;ordinateur qui navigue sur ce site web et qui sont utilis\u00e9s \u00e0 des fins d&rsquo;archivage. L&rsquo;utilisation de cookies facilite la navigation sur le web en remplissant certaines fonctions telles que l&rsquo;enregistrement de vos mots de passe et de vos pr\u00e9f\u00e9rences personnelles concernant votre utilisation d&rsquo;un site web particulier, afin de s&rsquo;assurer que vous ne voyez pas la m\u00eame publicit\u00e9 \u00e0 plusieurs reprises. Nombreux sont ceux qui consid\u00e8rent l&rsquo;utilisation de cookies comme une norme industrielle.<\/span><\/p>\n<p><span style=\"font-weight: 400;\">Votre navigateur est probablement configur\u00e9 pour accepter les cookies. Toutefois, si vous pr\u00e9f\u00e9rez ne pas recevoir de cookies, vous pouvez modifier la configuration de votre navigateur pour refuser les cookies. Si vous choisissez de refuser les cookies dans votre navigateur, il est possible que certaines parties de notre site ne fonctionnent pas correctement lorsque vous les consultez.<\/span><\/p>\n<p><b>S\u00c9CURIT\u00c9<\/b><\/p>\n<p><span style=\"font-weight: 400;\">Toutes les informations fournies \u00e0 Pratham International sont transmises \u00e0 l&rsquo;aide d&rsquo;un cryptage SSL (Secure Socket Layer). SSL est un syst\u00e8me de codage \u00e9prouv\u00e9 qui permet \u00e0 votre navigateur de crypter ou de brouiller automatiquement les donn\u00e9es avant de nous les envoyer. Nous prot\u00e9geons \u00e9galement les informations relatives \u00e0 votre compte en les pla\u00e7ant dans une partie s\u00e9curis\u00e9e de notre site qui n&rsquo;est accessible qu&rsquo;\u00e0 certains employ\u00e9s qualifi\u00e9s de Pratham International. Cependant, aucune transmission de donn\u00e9es sur l&rsquo;internet n&rsquo;est s\u00fbre \u00e0 100 %. Bien que nous nous efforcions de prot\u00e9ger vos informations, nous ne pouvons pas assurer ou garantir la s\u00e9curit\u00e9 de ces informations.<\/span><\/p>\n<p><b>DONS EN LIGNE\/HORS LIGNE<\/b><\/p>\n<p><span style=\"font-weight: 400;\">Lorsque vous fournissez \u00e0 Pratham des informations sur vous-m\u00eame et\/ou votre organisation en vous inscrivant \u00e0 un \u00e9v\u00e9nement, en faisant un don (en ligne et hors ligne) ou en postulant \u00e0 un emploi, ces informations ne sont pas utilis\u00e9es \u00e0 d&rsquo;autres fins que celles de r\u00e9pondre \u00e0 votre demande, et elles ne sont pas partag\u00e9es avec des tiers. Toutefois, les donateurs et les visiteurs doivent savoir que les informations collect\u00e9es en ligne ou hors ligne peuvent faire l&rsquo;objet d&rsquo;un examen et d&rsquo;une inspection si ces informations sont publiques ou si elles ne sont pas autrement prot\u00e9g\u00e9es contre la divulgation.<\/span><\/p>\n<p><b>PARLEZ-EN \u00c0 VOS AMIS<\/b><\/p>\n<p><span style=\"font-weight: 400;\">Si un utilisateur choisit d&rsquo;utiliser notre service de recommandation pour informer un ami de notre organisation, nous lui demandons le nom et l&rsquo;adresse \u00e9lectronique de cet ami. Pratham International enverra automatiquement \u00e0 l&rsquo;ami un e-mail unique l&rsquo;invitant \u00e0 visiter le site web. Pratham International conserve ces informations dans le seul but d&rsquo;envoyer ce courriel unique.<\/span><\/p>\n<p><b>AUTRES SITES WEB<\/b><\/p>\n<p><span style=\"font-weight: 400;\">Notre site contient des liens vers d&rsquo;autres sites web. Veuillez noter que lorsque vous cliquez sur l&rsquo;un de ces liens, vous acc\u00e9dez \u00e0 un autre site web pour lequel Pratham International n&rsquo;a aucune responsabilit\u00e9. Nous vous encourageons \u00e0 lire les d\u00e9clarations de confidentialit\u00e9 de tous ces sites, car leurs politiques peuvent \u00eatre diff\u00e9rentes des n\u00f4tres.<\/span><\/p>\n<p><b>OPT-OUT<\/b><\/p>\n<p><span style=\"font-weight: 400;\">Si vous vous \u00eates inscrit pour recevoir des communications de notre part et que vous changez d&rsquo;avis par la suite, vous pouvez nous contacter pour que votre nom et vos coordonn\u00e9es soient retir\u00e9s de nos listes de distribution. Vous pouvez nous envoyer un courriel ou un courrier \u00e0 l&rsquo;adresse de contact indiqu\u00e9e ci-dessous.<\/span><\/p>\n<p><b>NOUS CONTACTER<\/b><\/p>\n<p><span style=\"font-weight: 400;\">Si vous avez des questions concernant cette politique de confidentialit\u00e9, vous pouvez nous contacter \u00e0 l&rsquo;adresse suivante :<\/span><\/p>\n<p><span style=\"font-weight: 400;\">Pratham International<\/span><span style=\"font-weight: 400;\"><br \/><\/span><span style=\"font-weight: 400;\">1150 Walnut Street, 2e \u00e9tage<\/span><span style=\"font-weight: 400;\"><br \/><\/span><span style=\"font-weight: 400;\">Newton, MA 02461 <\/span> <\/p>\n<p><a href=\"mailto:info@prathaminternational.org\"><b>info@prathaminternational.org<\/b><\/a><\/p>\n\t\t\t\t\t\t\t\t<\/div>\n\t\t\t\t<\/div>\n\t\t\t\t<\/div>\n\t\t\t\t<\/div>\n\t\t","protected":false},"excerpt":{"rendered":"<p>Politique de confidentialit\u00e9 Vous trouverez ci-dessous les pratiques de Pratham International en mati\u00e8re de collecte et de diffusion d&rsquo;informations. Prot\u00e9ger vos informations personnelles Pratham International a cr\u00e9\u00e9 cette politique de confidentialit\u00e9 pour expliquer pourquoi nous recueillons des informations particuli\u00e8res et comment nous prot\u00e9gerons votre vie priv\u00e9e lorsque vous visitez notre site web ou faites un [&hellip;]<\/p>\n","protected":false},"author":1,"featured_media":0,"parent":0,"menu_order":0,"comment_status":"closed","ping_status":"closed","template":"elementor_header_footer","meta":{"_acf_changed":false,"inline_featured_image":false,"footnotes":""},"class_list":["post-3297","page","type-page","status-publish","hentry"],"acf":[],"_links":{"self":[{"href":"https:\/\/prathaminternational.org\/fr\/wp-json\/wp\/v2\/pages\/3297","targetHints":{"allow":["GET"]}}],"collection":[{"href":"https:\/\/prathaminternational.org\/fr\/wp-json\/wp\/v2\/pages"}],"about":[{"href":"https:\/\/prathaminternational.org\/fr\/wp-json\/wp\/v2\/types\/page"}],"author":[{"embeddable":true,"href":"https:\/\/prathaminternational.org\/fr\/wp-json\/wp\/v2\/users\/1"}],"replies":[{"embeddable":true,"href":"https:\/\/prathaminternational.org\/fr\/wp-json\/wp\/v2\/comments?post=3297"}],"version-history":[{"count":2,"href":"https:\/\/prathaminternational.org\/fr\/wp-json\/wp\/v2\/pages\/3297\/revisions"}],"predecessor-version":[{"id":3300,"href":"https:\/\/prathaminternational.org\/fr\/wp-json\/wp\/v2\/pages\/3297\/revisions\/3300"}],"wp:attachment":[{"href":"https:\/\/prathaminternational.org\/fr\/wp-json\/wp\/v2\/media?parent=3297"}],"curies":[{"name":"wp","href":"https:\/\/api.w.org\/{rel}","templated":true}]}}