{"id":3195,"date":"2023-11-27T05:36:20","date_gmt":"2023-11-27T05:36:20","guid":{"rendered":"https:\/\/prathaminternational.org\/lequipe\/"},"modified":"2024-07-30T07:09:32","modified_gmt":"2024-07-30T07:09:32","slug":"lequipe","status":"publish","type":"page","link":"https:\/\/prathaminternational.org\/fr\/lequipe\/","title":{"rendered":"L&rsquo;\u00e9quipe"},"content":{"rendered":"\t\t<div data-elementor-type=\"wp-page\" data-elementor-id=\"3195\" class=\"elementor elementor-3195 elementor-120\" data-elementor-post-type=\"page\">\n\t\t\t\t<div class=\"elementor-element elementor-element-52e36f92 dd e-flex e-con-boxed e-con e-parent\" data-id=\"52e36f92\" data-element_type=\"container\" data-e-type=\"container\" data-settings=\"{&quot;background_background&quot;:&quot;classic&quot;}\">\n\t\t\t\t\t<div class=\"e-con-inner\">\n\t\t\t\t<div class=\"elementor-element elementor-element-b26d7de elementor-widget__width-initial elementor-absolute elementor-widget elementor-widget-text-editor\" data-id=\"b26d7de\" data-element_type=\"widget\" data-e-type=\"widget\" data-settings=\"{&quot;_position&quot;:&quot;absolute&quot;}\" data-widget_type=\"text-editor.default\">\n\t\t\t\t<div class=\"elementor-widget-container\">\n\t\t\t\t\t\t\t\t\t<h1><strong>Rencontrez l&rsquo;\u00e9quipe<\/strong><\/h1>\n<p>L&rsquo;\u00e9quipe de Pratham International est compos\u00e9e de v\u00e9t\u00e9rans exp\u00e9riment\u00e9s de Pratham, de professionnels du secteur du d\u00e9veloppement et de jeunes talents unis par un engagement commun \u00e0 fournir un soutien de haute qualit\u00e9 aux programmes et aux partenaires dans le monde entier.<\/p>\n\t\t\t\t\t\t\t\t<\/div>\n\t\t\t\t<\/div>\n\t\t\t\t\t<\/div>\n\t\t\t\t<\/div>\n\t\t\t\t<\/div>\n\t\t","protected":false},"excerpt":{"rendered":"<p>Rencontrez l&rsquo;\u00e9quipe L&rsquo;\u00e9quipe de Pratham International est compos\u00e9e de v\u00e9t\u00e9rans exp\u00e9riment\u00e9s de Pratham, de professionnels du secteur du d\u00e9veloppement et de jeunes talents unis par un engagement commun \u00e0 fournir un soutien de haute qualit\u00e9 aux programmes et aux partenaires dans le monde entier.<\/p>\n","protected":false},"author":1,"featured_media":0,"parent":0,"menu_order":0,"comment_status":"closed","ping_status":"closed","template":"team-page.php","meta":{"_acf_changed":false,"inline_featured_image":false,"footnotes":""},"class_list":["post-3195","page","type-page","status-publish","hentry"],"acf":[],"_links":{"self":[{"href":"https:\/\/prathaminternational.org\/fr\/wp-json\/wp\/v2\/pages\/3195","targetHints":{"allow":["GET"]}}],"collection":[{"href":"https:\/\/prathaminternational.org\/fr\/wp-json\/wp\/v2\/pages"}],"about":[{"href":"https:\/\/prathaminternational.org\/fr\/wp-json\/wp\/v2\/types\/page"}],"author":[{"embeddable":true,"href":"https:\/\/prathaminternational.org\/fr\/wp-json\/wp\/v2\/users\/1"}],"replies":[{"embeddable":true,"href":"https:\/\/prathaminternational.org\/fr\/wp-json\/wp\/v2\/comments?post=3195"}],"version-history":[{"count":2,"href":"https:\/\/prathaminternational.org\/fr\/wp-json\/wp\/v2\/pages\/3195\/revisions"}],"predecessor-version":[{"id":3198,"href":"https:\/\/prathaminternational.org\/fr\/wp-json\/wp\/v2\/pages\/3195\/revisions\/3198"}],"wp:attachment":[{"href":"https:\/\/prathaminternational.org\/fr\/wp-json\/wp\/v2\/media?parent=3195"}],"curies":[{"name":"wp","href":"https:\/\/api.w.org\/{rel}","templated":true}]}}