{"id":3375,"date":"2024-03-21T06:43:55","date_gmt":"2024-03-21T06:43:55","guid":{"rendered":"https:\/\/prathaminternational.org\/proposito\/"},"modified":"2024-09-03T08:36:29","modified_gmt":"2024-09-03T08:36:29","slug":"proposito","status":"publish","type":"page","link":"https:\/\/prathaminternational.org\/es\/proposito\/","title":{"rendered":"Prop\u00f3sito"},"content":{"rendered":"\t\t<div data-elementor-type=\"wp-page\" data-elementor-id=\"3375\" class=\"elementor elementor-3375 elementor-1368\" data-elementor-post-type=\"page\">\n\t\t\t\t<div class=\"elementor-element elementor-element-8420909 e-flex e-con-boxed e-con e-parent\" data-id=\"8420909\" data-element_type=\"container\" data-e-type=\"container\" data-settings=\"{&quot;background_background&quot;:&quot;classic&quot;}\">\n\t\t\t\t\t<div class=\"e-con-inner\">\n\t\t\t\t<div class=\"elementor-element elementor-element-ef5050c elementor-widget__width-initial elementor-absolute elementor-widget elementor-widget-text-editor\" data-id=\"ef5050c\" data-element_type=\"widget\" data-e-type=\"widget\" data-settings=\"{&quot;_position&quot;:&quot;absolute&quot;}\" data-widget_type=\"text-editor.default\">\n\t\t\t\t<div class=\"elementor-widget-container\">\n\t\t\t\t\t\t\t\t\t<h1>Prop\u00f3sito<\/h1>\n<p>Nacida con la misi\u00f3n \u00abTodos los ni\u00f1os en la escuela y aprendiendo bien\u00bb, el alcance del trabajo de Pratham se ha ampliado a trav\u00e9s de \u00e1reas de programa y segmentos de edad en educaci\u00f3n y medios de subsistencia.<\/p>\n\t\t\t\t\t\t\t\t<\/div>\n\t\t\t\t<\/div>\n\t\t\t\t\t<\/div>\n\t\t\t\t<\/div>\n\t\t<div class=\"elementor-element elementor-element-cd0de57 e-flex e-con-boxed e-con e-parent\" data-id=\"cd0de57\" data-element_type=\"container\" data-e-type=\"container\" data-settings=\"{&quot;background_background&quot;:&quot;classic&quot;}\">\n\t\t\t\t\t<div class=\"e-con-inner\">\n\t\t<div class=\"elementor-element elementor-element-b25ecf3 e-con-full e-flex e-con e-child\" data-id=\"b25ecf3\" data-element_type=\"container\" data-e-type=\"container\" data-settings=\"{&quot;background_background&quot;:&quot;classic&quot;}\">\n\t\t\t\t<div class=\"elementor-element elementor-element-5162282 elementor-widget elementor-widget-heading\" data-id=\"5162282\" data-element_type=\"widget\" data-e-type=\"widget\" data-widget_type=\"heading.default\">\n\t\t\t\t<div class=\"elementor-widget-container\">\n\t\t\t\t\t<h3 class=\"elementor-heading-title elementor-size-default\">Acerca de Pratham Internacional<\/h3>\t\t\t\t<\/div>\n\t\t\t\t<\/div>\n\t\t\t\t<div class=\"elementor-element elementor-element-2c7c11a elementor-widget elementor-widget-text-editor\" data-id=\"2c7c11a\" data-element_type=\"widget\" data-e-type=\"widget\" data-widget_type=\"text-editor.default\">\n\t\t\t\t<div class=\"elementor-widget-container\">\n\t\t\t\t\t\t\t\t\t<p>Pratham International se ha creado para apoyar los esfuerzos de educaci\u00f3n y formaci\u00f3n de ni\u00f1os y j\u00f3venes en contextos de todo el mundo. Nuestra misi\u00f3n se ve impulsada por la cruda realidad de que muchas sociedades se enfrentan a una crisis de aprendizaje, por la que 7 de cada 10 ni\u00f1os de pa\u00edses de renta baja y media no son capaces de leer un texto sencillo a los 10 a\u00f1os.<\/p>\n\t\t\t\t\t\t\t\t<\/div>\n\t\t\t\t<\/div>\n\t\t\t\t<div class=\"elementor-element elementor-element-9916d4f elementor-widget elementor-widget-text-editor\" data-id=\"9916d4f\" data-element_type=\"widget\" data-e-type=\"widget\" data-widget_type=\"text-editor.default\">\n\t\t\t\t<div class=\"elementor-widget-container\">\n\t\t\t\t\t\t\t\t\t<p>\u00c9ste no es todo el problema de la educaci\u00f3n, pero cuantifica que el <strong>sistema no funciona para al menos 7 de cada 10 ni\u00f1os<\/strong>. Entendemos que, sin habilidades fundacionales, es improbable que estos ni\u00f1os prosperen en sociedades complejas, y sin intervenciones contextualizadas, los j\u00f3venes que se quedan atr\u00e1s pueden no alcanzar todo su potencial al incorporarse al mundo laboral.<\/p>\n\t\t\t\t\t\t\t\t<\/div>\n\t\t\t\t<\/div>\n\t\t\t\t<div class=\"elementor-element elementor-element-5dce063 elementor-widget elementor-widget-text-editor\" data-id=\"5dce063\" data-element_type=\"widget\" data-e-type=\"widget\" data-widget_type=\"text-editor.default\">\n\t\t\t\t<div class=\"elementor-widget-container\">\n\t\t\t\t\t\t\t\t\t<p>Para abordar estos retos globales, Pratham International permite la adaptaci\u00f3n y difusi\u00f3n de soluciones probadas y ampliables, de las que es pionera la Fundaci\u00f3n Pratham para la Educaci\u00f3n en la India, en m\u00e1s de 20 pa\u00edses de renta baja y media de todo el mundo. Lo hacemos mediante una programaci\u00f3n y una asistencia t\u00e9cnica adaptadas a los contextos locales. Entre las innovaciones defendidas por nuestro equipo se encuentran la Ense\u00f1anza en el Nivel Adecuado (TaRL), basada en pruebas, y el Informe Anual sobre el Estado de la Educaci\u00f3n (ASER). Tambi\u00e9n estamos explorando adaptaciones de intervenciones en educaci\u00f3n infantil, iniciativas digitales, formaci\u00f3n de j\u00f3venes y otros \u00e1mbitos para apoyar el aprendizaje en contextos fuera de la India.<\/p>\n\t\t\t\t\t\t\t\t<\/div>\n\t\t\t\t<\/div>\n\t\t\t\t<\/div>\n\t\t<div class=\"elementor-element elementor-element-056814f e-con-full e-flex e-con e-child\" data-id=\"056814f\" data-element_type=\"container\" data-e-type=\"container\">\n\t\t\t\t<div class=\"elementor-element elementor-element-ae279b3 elementor-widget__width-inherit elementor-widget elementor-widget-image\" data-id=\"ae279b3\" data-element_type=\"widget\" data-e-type=\"widget\" data-widget_type=\"image.default\">\n\t\t\t\t<div class=\"elementor-widget-container\">\n\t\t\t\t\t\t\t\t\t\t\t\t<figure class=\"wp-caption\">\n\t\t\t\t\t\t\t\t\t\t<img fetchpriority=\"high\" decoding=\"async\" width=\"640\" height=\"759\" src=\"https:\/\/prathaminternational.org\/wp-content\/uploads\/2024\/03\/2-1.png\" class=\"attachment-large size-large wp-image-2906\" alt=\"\" srcset=\"https:\/\/prathaminternational.org\/wp-content\/uploads\/2024\/03\/2-1.png 857w, https:\/\/prathaminternational.org\/wp-content\/uploads\/2024\/03\/2-1-253x300.png 253w, https:\/\/prathaminternational.org\/wp-content\/uploads\/2024\/03\/2-1-768x911.png 768w\" sizes=\"(max-width: 640px) 100vw, 640px\" \/>\t\t\t\t\t\t\t\t\t\t\t<figcaption class=\"widget-image-caption wp-caption-text\">Credits : TaRL Africa<\/figcaption>\n\t\t\t\t\t\t\t\t\t\t<\/figure>\n\t\t\t\t\t\t\t\t\t<\/div>\n\t\t\t\t<\/div>\n\t\t\t\t<\/div>\n\t\t\t\t\t<\/div>\n\t\t\t\t<\/div>\n\t\t<div class=\"elementor-element elementor-element-0fae60d e-flex e-con-boxed e-con e-parent\" data-id=\"0fae60d\" data-element_type=\"container\" data-e-type=\"container\" data-settings=\"{&quot;background_background&quot;:&quot;classic&quot;}\">\n\t\t\t\t\t<div class=\"e-con-inner\">\n\t\t\t\t<div class=\"elementor-element elementor-element-0bd7bae elementor-widget-mobile__width-initial elementor-widget__width-initial elementor-widget elementor-widget-heading\" data-id=\"0bd7bae\" data-element_type=\"widget\" data-e-type=\"widget\" data-widget_type=\"heading.default\">\n\t\t\t\t<div class=\"elementor-widget-container\">\n\t\t\t\t\t<h3 class=\"elementor-heading-title elementor-size-default\">Red Pratham<\/h3>\t\t\t\t<\/div>\n\t\t\t\t<\/div>\n\t\t\t\t\t<\/div>\n\t\t\t\t<\/div>\n\t\t<div class=\"elementor-element elementor-element-4e90bb8 e-flex e-con-boxed e-con e-parent\" data-id=\"4e90bb8\" data-element_type=\"container\" data-e-type=\"container\" data-settings=\"{&quot;background_background&quot;:&quot;classic&quot;}\">\n\t\t\t\t\t<div class=\"e-con-inner\">\n\t\t<div class=\"elementor-element elementor-element-cb6b0a7 e-con-full e-flex e-con e-child\" data-id=\"cb6b0a7\" data-element_type=\"container\" data-e-type=\"container\" data-settings=\"{&quot;background_background&quot;:&quot;classic&quot;}\">\n\t\t\t\t<div class=\"elementor-element elementor-element-2d2ea1f elementor-widget elementor-widget-heading\" data-id=\"2d2ea1f\" data-element_type=\"widget\" data-e-type=\"widget\" data-widget_type=\"heading.default\">\n\t\t\t\t<div class=\"elementor-widget-container\">\n\t\t\t\t\t<h2 class=\"elementor-heading-title elementor-size-default\">La Red Pratham  <\/h2>\t\t\t\t<\/div>\n\t\t\t\t<\/div>\n\t\t\t\t<div class=\"elementor-element elementor-element-2a0b820 elementor-widget elementor-widget-text-editor\" data-id=\"2a0b820\" data-element_type=\"widget\" data-e-type=\"widget\" data-widget_type=\"text-editor.default\">\n\t\t\t\t<div class=\"elementor-widget-container\">\n\t\t\t\t\t\t\t\t\t<p>Durante m\u00e1s de 25 a\u00f1os, las distintas entidades de la red Pratham han estado unidas por un prop\u00f3sito com\u00fan: impulsar un cambio positivo y lograr un impacto duradero a trav\u00e9s de la educaci\u00f3n.<\/p>\n<p>Cada entidad de nuestra red aporta experiencias y profesionales que ayudan a abordar los retos globales relacionados con el aprendizaje y la elevaci\u00f3n de las comunidades necesitadas. Con Pratham Education Foundation y Pratham International como nuestras principales organizaciones de prestaci\u00f3n de servicios, nuestra red tambi\u00e9n incluye nuestras filiales de recaudaci\u00f3n de fondos en Estados Unidos, Reino Unido, Suecia y Australia.<\/p>\t\t\t\t\t\t\t\t<\/div>\n\t\t\t\t<\/div>\n\t\t\t\t<\/div>\n\t\t<div class=\"elementor-element elementor-element-56a998b e-con-full e-flex e-con e-child\" data-id=\"56a998b\" data-element_type=\"container\" data-e-type=\"container\" data-settings=\"{&quot;background_background&quot;:&quot;classic&quot;}\">\n\t\t\t\t<div class=\"elementor-element elementor-element-e71757b elementor-widget elementor-widget-image\" data-id=\"e71757b\" data-element_type=\"widget\" data-e-type=\"widget\" data-widget_type=\"image.default\">\n\t\t\t\t<div class=\"elementor-widget-container\">\n\t\t\t\t\t\t\t\t\t\t\t\t\t\t\t<img decoding=\"async\" width=\"575\" height=\"575\" src=\"https:\/\/prathaminternational.org\/wp-content\/uploads\/2024\/02\/Copy-of-Pratham-Education-Foundation-1-copy.png\" class=\"attachment-full size-full wp-image-2840\" alt=\"\" srcset=\"https:\/\/prathaminternational.org\/wp-content\/uploads\/2024\/02\/Copy-of-Pratham-Education-Foundation-1-copy.png 575w, https:\/\/prathaminternational.org\/wp-content\/uploads\/2024\/02\/Copy-of-Pratham-Education-Foundation-1-copy-300x300.png 300w, https:\/\/prathaminternational.org\/wp-content\/uploads\/2024\/02\/Copy-of-Pratham-Education-Foundation-1-copy-150x150.png 150w\" sizes=\"(max-width: 575px) 100vw, 575px\" \/>\t\t\t\t\t\t\t\t\t\t\t\t\t\t\t<\/div>\n\t\t\t\t<\/div>\n\t\t\t\t<\/div>\n\t\t\t\t\t<\/div>\n\t\t\t\t<\/div>\n\t\t<div class=\"elementor-element elementor-element-96e800d e-flex e-con-boxed e-con e-parent\" data-id=\"96e800d\" data-element_type=\"container\" data-e-type=\"container\" data-settings=\"{&quot;background_background&quot;:&quot;classic&quot;}\">\n\t\t\t\t\t<div class=\"e-con-inner\">\n\t\t<div class=\"elementor-element elementor-element-a62d7aa bg_image e-flex e-con-boxed e-con e-child\" data-id=\"a62d7aa\" data-element_type=\"container\" data-e-type=\"container\" data-settings=\"{&quot;background_background&quot;:&quot;classic&quot;}\">\n\t\t\t\t\t<div class=\"e-con-inner\">\n\t\t\t\t<div class=\"elementor-element elementor-element-56dee6c elementor-widget__width-inherit about-join elementor-widget elementor-widget-text-editor\" data-id=\"56dee6c\" data-element_type=\"widget\" data-e-type=\"widget\" data-widget_type=\"text-editor.default\">\n\t\t\t\t<div class=\"elementor-widget-container\">\n\t\t\t\t\t\t\t\t\t<h2>Recorre el camino de la Red Pratham<\/h2><div><br><\/div>\n<ul>\n<li><a href=\"https:\/\/prathaminternational.org\/es\/nuestro-viaje\/\">Saber m\u00e1s<\/a><\/li>\n<\/ul>\t\t\t\t\t\t\t\t<\/div>\n\t\t\t\t<\/div>\n\t\t\t\t\t<\/div>\n\t\t\t\t<\/div>\n\t\t\t\t\t<\/div>\n\t\t\t\t<\/div>\n\t\t\t\t<\/div>\n\t\t","protected":false},"excerpt":{"rendered":"<p>Prop\u00f3sito Nacida con la misi\u00f3n \u00abTodos los ni\u00f1os en la escuela y aprendiendo bien\u00bb, el alcance del trabajo de Pratham se ha ampliado a trav\u00e9s de \u00e1reas de programa y segmentos de edad en educaci\u00f3n y medios de subsistencia. Acerca de Pratham Internacional Pratham International se ha creado para apoyar los esfuerzos de educaci\u00f3n y [&hellip;]<\/p>\n","protected":false},"author":1,"featured_media":0,"parent":0,"menu_order":0,"comment_status":"closed","ping_status":"closed","template":"builder-page.php","meta":{"_acf_changed":false,"inline_featured_image":false,"footnotes":""},"class_list":["post-3375","page","type-page","status-publish","hentry"],"acf":[],"_links":{"self":[{"href":"https:\/\/prathaminternational.org\/es\/wp-json\/wp\/v2\/pages\/3375","targetHints":{"allow":["GET"]}}],"collection":[{"href":"https:\/\/prathaminternational.org\/es\/wp-json\/wp\/v2\/pages"}],"about":[{"href":"https:\/\/prathaminternational.org\/es\/wp-json\/wp\/v2\/types\/page"}],"author":[{"embeddable":true,"href":"https:\/\/prathaminternational.org\/es\/wp-json\/wp\/v2\/users\/1"}],"replies":[{"embeddable":true,"href":"https:\/\/prathaminternational.org\/es\/wp-json\/wp\/v2\/comments?post=3375"}],"version-history":[{"count":3,"href":"https:\/\/prathaminternational.org\/es\/wp-json\/wp\/v2\/pages\/3375\/revisions"}],"predecessor-version":[{"id":3946,"href":"https:\/\/prathaminternational.org\/es\/wp-json\/wp\/v2\/pages\/3375\/revisions\/3946"}],"wp:attachment":[{"href":"https:\/\/prathaminternational.org\/es\/wp-json\/wp\/v2\/media?parent=3375"}],"curies":[{"name":"wp","href":"https:\/\/api.w.org\/{rel}","templated":true}]}}