{"id":3362,"date":"2024-03-06T08:02:51","date_gmt":"2024-03-06T08:02:51","guid":{"rendered":"https:\/\/prathaminternational.org\/innovaciones\/"},"modified":"2024-07-30T07:12:56","modified_gmt":"2024-07-30T07:12:56","slug":"innovaciones","status":"publish","type":"page","link":"https:\/\/prathaminternational.org\/es\/innovaciones\/","title":{"rendered":"Innovaciones"},"content":{"rendered":"\t\t<div data-elementor-type=\"wp-page\" data-elementor-id=\"3362\" class=\"elementor elementor-3362 elementor-1264\" data-elementor-post-type=\"page\">\n\t\t\t\t<div class=\"elementor-element elementor-element-cc2f35c e-con-full e-flex e-con e-parent\" data-id=\"cc2f35c\" data-element_type=\"container\" data-e-type=\"container\" data-settings=\"{&quot;background_background&quot;:&quot;classic&quot;}\">\n\t\t\t\t<div class=\"elementor-element elementor-element-78411c9 elementor-widget__width-initial elementor-absolute elementor-widget elementor-widget-text-editor\" data-id=\"78411c9\" data-element_type=\"widget\" data-e-type=\"widget\" data-settings=\"{&quot;_position&quot;:&quot;absolute&quot;}\" data-widget_type=\"text-editor.default\">\n\t\t\t\t<div class=\"elementor-widget-container\">\n\t\t\t\t\t\t\t\t\t<h1><strong>Innovaciones<\/strong><\/h1>\n<p>Apoyar la adaptaci\u00f3n y expansi\u00f3n global <br \/>de las innovaciones de Pratham.<\/p>\n\t\t\t\t\t\t\t\t<\/div>\n\t\t\t\t<\/div>\n\t\t\t\t<\/div>\n\t\t<div class=\"elementor-element elementor-element-18c271c e-con-full e-flex e-con e-parent\" data-id=\"18c271c\" data-element_type=\"container\" data-e-type=\"container\">\n\t\t\t\t<div class=\"elementor-element elementor-element-5c821ee elementor-widget elementor-widget-text-editor\" data-id=\"5c821ee\" data-element_type=\"widget\" data-e-type=\"widget\" data-widget_type=\"text-editor.default\">\n\t\t\t\t<div class=\"elementor-widget-container\">\n\t\t\t\t\t\t\t\t\t<p>Nuestra experiencia abarca varias \u00e1reas de programas dedicados a abordar los retos de la educaci\u00f3n y los medios de subsistencia mediante adaptaciones contextualizadas, rentables y ampliables de las innovaciones de Pratham, pioneras en la India, a contextos de todo el Sur Global.<\/p>\n\t\t\t\t\t\t\t\t<\/div>\n\t\t\t\t<\/div>\n\t\t\t\t<\/div>\n\t\t<div class=\"elementor-element elementor-element-a530425 e-con-full e-flex e-con e-parent\" data-id=\"a530425\" data-element_type=\"container\" data-e-type=\"container\">\n\t\t\t\t<div class=\"elementor-element elementor-element-0e21110 elementor-grid-2 elementor-grid-tablet-2 elementor-grid-mobile-1 elementor-widget elementor-widget-loop-grid\" data-id=\"0e21110\" data-element_type=\"widget\" data-e-type=\"widget\" data-settings=\"{&quot;template_id&quot;:3242,&quot;columns&quot;:2,&quot;_skin&quot;:&quot;post&quot;,&quot;columns_tablet&quot;:&quot;2&quot;,&quot;columns_mobile&quot;:&quot;1&quot;,&quot;edit_handle_selector&quot;:&quot;[data-elementor-type=\\&quot;loop-item\\&quot;]&quot;,&quot;row_gap&quot;:{&quot;unit&quot;:&quot;px&quot;,&quot;size&quot;:&quot;&quot;,&quot;sizes&quot;:[]},&quot;row_gap_tablet&quot;:{&quot;unit&quot;:&quot;px&quot;,&quot;size&quot;:&quot;&quot;,&quot;sizes&quot;:[]},&quot;row_gap_mobile&quot;:{&quot;unit&quot;:&quot;px&quot;,&quot;size&quot;:&quot;&quot;,&quot;sizes&quot;:[]}}\" data-widget_type=\"loop-grid.post\">\n\t\t\t\t<div class=\"elementor-widget-container\">\n\t\t\t\t\t\t\t<div class=\"elementor-loop-container elementor-grid\" role=\"list\">\n\t\t<style id=\"loop-3242\">.elementor-3242 .elementor-element.elementor-element-48cd821{--display:flex;box-shadow:5px 7px 10px 1px rgba(161.5, 161.5, 161.5, 0.5);--padding-top:0px;--padding-bottom:0px;--padding-left:0px;--padding-right:0px;}.elementor-widget-theme-post-featured-image .widget-image-caption{color:var( --e-global-color-text );font-family:var( --e-global-typography-text-font-family ), Sans-serif;font-weight:var( --e-global-typography-text-font-weight );}.elementor-3242 .elementor-element.elementor-element-6336e81{text-align:center;}.elementor-3242 .elementor-element.elementor-element-6336e81 img{width:100%;}.elementor-widget-theme-post-title .elementor-heading-title{font-family:var( --e-global-typography-primary-font-family ), Sans-serif;font-weight:var( --e-global-typography-primary-font-weight );color:var( --e-global-color-primary );}.elementor-3242 .elementor-element.elementor-element-9f65df6 .elementor-heading-title{color:#000000;}.elementor-3242 .elementor-element.elementor-element-9f65df6 > .elementor-widget-container{margin:-84px 0px 0px 0px;padding:20px 30px 20px 30px;background-color:#FBBD18;}.elementor-3242 .elementor-element.elementor-element-9f65df6{width:var( --container-widget-width, 72% );max-width:72%;--container-widget-width:72%;--container-widget-flex-grow:0;}.elementor-widget-theme-post-excerpt .elementor-widget-container{font-family:var( --e-global-typography-text-font-family ), Sans-serif;font-weight:var( --e-global-typography-text-font-weight );color:var( --e-global-color-text );}.elementor-3242 .elementor-element.elementor-element-0d668c1 .elementor-widget-container{text-align:start;}.elementor-3242 .elementor-element.elementor-element-0d668c1 > .elementor-widget-container{padding:0px 40px 0px 40px;}.elementor-widget-text-editor{font-family:var( --e-global-typography-text-font-family ), Sans-serif;font-weight:var( --e-global-typography-text-font-weight );color:var( --e-global-color-text );}.elementor-widget-text-editor.elementor-drop-cap-view-stacked .elementor-drop-cap{background-color:var( --e-global-color-primary );}.elementor-widget-text-editor.elementor-drop-cap-view-framed .elementor-drop-cap, .elementor-widget-text-editor.elementor-drop-cap-view-default .elementor-drop-cap{color:var( --e-global-color-primary );border-color:var( --e-global-color-primary );}.elementor-3242 .elementor-element.elementor-element-3a2b543{font-family:\"DM Sans\", Sans-serif;font-size:20px;font-weight:700;font-style:italic;color:#EB195C;}.elementor-3242 .elementor-element.elementor-element-3a2b543 > .elementor-widget-container{padding:0px 40px 20px 40px;}@media(max-width:767px){.elementor-3242 .elementor-element.elementor-element-9f65df6 > .elementor-widget-container{margin:-74px 0px 0px 0px;}.elementor-3242 .elementor-element.elementor-element-9f65df6{--container-widget-width:100%;--container-widget-flex-grow:0;width:var( --container-widget-width, 100% );max-width:100%;}.elementor-3242 .elementor-element.elementor-element-0d668c1 > .elementor-widget-container{padding:15px 15px 15px 15px;}.elementor-3242 .elementor-element.elementor-element-3a2b543{font-size:16px;}.elementor-3242 .elementor-element.elementor-element-3a2b543 > .elementor-widget-container{padding:15px 15px 15px 15px;}}@media(min-width:768px){.elementor-3242 .elementor-element.elementor-element-48cd821{--width:100%;}}<\/style>\t\t<div data-elementor-type=\"loop-item\" data-elementor-id=\"3242\" class=\"elementor elementor-3242 elementor-1270 e-loop-item e-loop-item-28 post-28 innovations type-innovations status-publish has-post-thumbnail hentry\" data-elementor-post-type=\"elementor_library\" data-custom-edit-handle=\"1\">\n\t\t\t<div class=\"elementor-element elementor-element-48cd821 e-con-full e-flex e-con e-parent\" data-id=\"48cd821\" data-element_type=\"container\" data-e-type=\"container\">\n\t\t\t\t<div class=\"elementor-element elementor-element-6336e81 elementor-widget elementor-widget-theme-post-featured-image elementor-widget-image\" data-id=\"6336e81\" data-element_type=\"widget\" data-e-type=\"widget\" data-widget_type=\"theme-post-featured-image.default\">\n\t\t\t\t<div class=\"elementor-widget-container\">\n\t\t\t\t\t\t\t\t\t\t\t\t<figure class=\"wp-caption\">\n\t\t\t\t\t\t\t\t\t\t<img fetchpriority=\"high\" decoding=\"async\" width=\"640\" height=\"327\" src=\"https:\/\/prathaminternational.org\/wp-content\/uploads\/2023\/11\/aa.png\" class=\"attachment-large size-large wp-image-1965\" alt=\"\" srcset=\"https:\/\/prathaminternational.org\/wp-content\/uploads\/2023\/11\/aa.png 822w, https:\/\/prathaminternational.org\/wp-content\/uploads\/2023\/11\/aa-300x153.png 300w, https:\/\/prathaminternational.org\/wp-content\/uploads\/2023\/11\/aa-768x392.png 768w\" sizes=\"(max-width: 640px) 100vw, 640px\" \/>\t\t\t\t\t\t\t\t\t\t\t<figcaption class=\"widget-image-caption wp-caption-text\">Credits: FAAQ<\/figcaption>\n\t\t\t\t\t\t\t\t\t\t<\/figure>\n\t\t\t\t\t\t\t\t\t<\/div>\n\t\t\t\t<\/div>\n\t\t\t\t<div class=\"elementor-element elementor-element-9f65df6 elementor-widget__width-initial elementor-widget elementor-widget-theme-post-title elementor-page-title elementor-widget-heading\" data-id=\"9f65df6\" data-element_type=\"widget\" data-e-type=\"widget\" data-widget_type=\"theme-post-title.default\">\n\t\t\t\t<div class=\"elementor-widget-container\">\n\t\t\t\t\t<h3 class=\"elementor-heading-title elementor-size-default\">Assessments for Action<\/h3>\t\t\t\t<\/div>\n\t\t\t\t<\/div>\n\t\t\t\t<div class=\"elementor-element elementor-element-0d668c1 min-height-sc elementor-widget elementor-widget-theme-post-excerpt\" data-id=\"0d668c1\" data-element_type=\"widget\" data-e-type=\"widget\" data-widget_type=\"theme-post-excerpt.default\">\n\t\t\t\t<div class=\"elementor-widget-container\">\n\t\t\t\t\tOur ASER-type assessments and program measurement systems have been developed over the years to suit the needs of education systems and actors focused on understanding the impact and driving change.\t\t\t\t<\/div>\n\t\t\t\t<\/div>\n\t\t\t\t<div class=\"elementor-element elementor-element-3a2b543 elementor-widget elementor-widget-text-editor\" data-id=\"3a2b543\" data-element_type=\"widget\" data-e-type=\"widget\" data-widget_type=\"text-editor.default\">\n\t\t\t\t<div class=\"elementor-widget-container\">\n\t\t\t\t\t\t\t\t\t<p>PR\u00d3XIMAMENTE<\/p>\n\t\t\t\t\t\t\t\t<\/div>\n\t\t\t\t<\/div>\n\t\t\t\t<\/div>\n\t\t\t\t<\/div>\n\t\t\t\t<div data-elementor-type=\"loop-item\" data-elementor-id=\"3242\" class=\"elementor elementor-3242 elementor-1270 e-loop-item e-loop-item-30 post-30 innovations type-innovations status-publish has-post-thumbnail hentry\" data-elementor-post-type=\"elementor_library\" data-custom-edit-handle=\"1\">\n\t\t\t<div class=\"elementor-element elementor-element-48cd821 e-con-full e-flex e-con e-parent\" data-id=\"48cd821\" data-element_type=\"container\" data-e-type=\"container\">\n\t\t\t\t<div class=\"elementor-element elementor-element-6336e81 elementor-widget elementor-widget-theme-post-featured-image elementor-widget-image\" data-id=\"6336e81\" data-element_type=\"widget\" data-e-type=\"widget\" data-widget_type=\"theme-post-featured-image.default\">\n\t\t\t\t<div class=\"elementor-widget-container\">\n\t\t\t\t\t\t\t\t\t\t\t\t<figure class=\"wp-caption\">\n\t\t\t\t\t\t\t\t\t\t<img decoding=\"async\" width=\"640\" height=\"327\" src=\"https:\/\/prathaminternational.org\/wp-content\/uploads\/2023\/11\/ee.png\" class=\"attachment-large size-large wp-image-1966\" alt=\"\" srcset=\"https:\/\/prathaminternational.org\/wp-content\/uploads\/2023\/11\/ee.png 822w, https:\/\/prathaminternational.org\/wp-content\/uploads\/2023\/11\/ee-300x153.png 300w, https:\/\/prathaminternational.org\/wp-content\/uploads\/2023\/11\/ee-768x392.png 768w\" sizes=\"(max-width: 640px) 100vw, 640px\" \/>\t\t\t\t\t\t\t\t\t\t\t<figcaption class=\"widget-image-caption wp-caption-text\">Credits: Motriz<\/figcaption>\n\t\t\t\t\t\t\t\t\t\t<\/figure>\n\t\t\t\t\t\t\t\t\t<\/div>\n\t\t\t\t<\/div>\n\t\t\t\t<div class=\"elementor-element elementor-element-9f65df6 elementor-widget__width-initial elementor-widget elementor-widget-theme-post-title elementor-page-title elementor-widget-heading\" data-id=\"9f65df6\" data-element_type=\"widget\" data-e-type=\"widget\" data-widget_type=\"theme-post-title.default\">\n\t\t\t\t<div class=\"elementor-widget-container\">\n\t\t\t\t\t<h3 class=\"elementor-heading-title elementor-size-default\">Early Years Education<\/h3>\t\t\t\t<\/div>\n\t\t\t\t<\/div>\n\t\t\t\t<div class=\"elementor-element elementor-element-0d668c1 min-height-sc elementor-widget elementor-widget-theme-post-excerpt\" data-id=\"0d668c1\" data-element_type=\"widget\" data-e-type=\"widget\" data-widget_type=\"theme-post-excerpt.default\">\n\t\t\t\t<div class=\"elementor-widget-container\">\n\t\t\t\t\tFocusing on holistic child development (ages 3-8), our programs in Early Childhood Education blend classroom teaching and community engagement. \t\t\t\t<\/div>\n\t\t\t\t<\/div>\n\t\t\t\t<div class=\"elementor-element elementor-element-3a2b543 elementor-widget elementor-widget-text-editor\" data-id=\"3a2b543\" data-element_type=\"widget\" data-e-type=\"widget\" data-widget_type=\"text-editor.default\">\n\t\t\t\t<div class=\"elementor-widget-container\">\n\t\t\t\t\t\t\t\t\t<p>PR\u00d3XIMAMENTE<\/p>\n\t\t\t\t\t\t\t\t<\/div>\n\t\t\t\t<\/div>\n\t\t\t\t<\/div>\n\t\t\t\t<\/div>\n\t\t\t\t<div data-elementor-type=\"loop-item\" data-elementor-id=\"3242\" class=\"elementor elementor-3242 elementor-1270 e-loop-item e-loop-item-32 post-32 innovations type-innovations status-publish has-post-thumbnail hentry\" data-elementor-post-type=\"elementor_library\" data-custom-edit-handle=\"1\">\n\t\t\t<div class=\"elementor-element elementor-element-48cd821 e-con-full e-flex e-con e-parent\" data-id=\"48cd821\" data-element_type=\"container\" data-e-type=\"container\">\n\t\t\t\t<div class=\"elementor-element elementor-element-6336e81 elementor-widget elementor-widget-theme-post-featured-image elementor-widget-image\" data-id=\"6336e81\" data-element_type=\"widget\" data-e-type=\"widget\" data-widget_type=\"theme-post-featured-image.default\">\n\t\t\t\t<div class=\"elementor-widget-container\">\n\t\t\t\t\t\t\t\t\t\t\t\t<figure class=\"wp-caption\">\n\t\t\t\t\t\t\t\t\t\t<img decoding=\"async\" width=\"640\" height=\"327\" src=\"https:\/\/prathaminternational.org\/wp-content\/uploads\/2023\/11\/Chem05-1-2.png\" class=\"attachment-large size-large wp-image-1300\" alt=\"\" srcset=\"https:\/\/prathaminternational.org\/wp-content\/uploads\/2023\/11\/Chem05-1-2.png 822w, https:\/\/prathaminternational.org\/wp-content\/uploads\/2023\/11\/Chem05-1-2-300x153.png 300w, https:\/\/prathaminternational.org\/wp-content\/uploads\/2023\/11\/Chem05-1-2-768x392.png 768w\" sizes=\"(max-width: 640px) 100vw, 640px\" \/>\t\t\t\t\t\t\t\t\t\t\t<figcaption class=\"widget-image-caption wp-caption-text\">Credits : TaRL Africa<\/figcaption>\n\t\t\t\t\t\t\t\t\t\t<\/figure>\n\t\t\t\t\t\t\t\t\t<\/div>\n\t\t\t\t<\/div>\n\t\t\t\t<div class=\"elementor-element elementor-element-9f65df6 elementor-widget__width-initial elementor-widget elementor-widget-theme-post-title elementor-page-title elementor-widget-heading\" data-id=\"9f65df6\" data-element_type=\"widget\" data-e-type=\"widget\" data-widget_type=\"theme-post-title.default\">\n\t\t\t\t<div class=\"elementor-widget-container\">\n\t\t\t\t\t<h3 class=\"elementor-heading-title elementor-size-default\">Teaching at the Right Level<\/h3>\t\t\t\t<\/div>\n\t\t\t\t<\/div>\n\t\t\t\t<div class=\"elementor-element elementor-element-0d668c1 min-height-sc elementor-widget elementor-widget-theme-post-excerpt\" data-id=\"0d668c1\" data-element_type=\"widget\" data-e-type=\"widget\" data-widget_type=\"theme-post-excerpt.default\">\n\t\t\t\t<div class=\"elementor-widget-container\">\n\t\t\t\t\tTaRL, an evidence-based approach pioneered by Pratham in India, accelerates learning by grouping children based on their learning levels, rather than by age or grade. Pratham International provides technical and operational assistance for TaRL implementation across the global south. \t\t\t\t<\/div>\n\t\t\t\t<\/div>\n\t\t\t\t<div class=\"elementor-element elementor-element-3a2b543 elementor-widget elementor-widget-text-editor\" data-id=\"3a2b543\" data-element_type=\"widget\" data-e-type=\"widget\" data-widget_type=\"text-editor.default\">\n\t\t\t\t<div class=\"elementor-widget-container\">\n\t\t\t\t\t\t\t\t\t<p>PR\u00d3XIMAMENTE<\/p>\n\t\t\t\t\t\t\t\t<\/div>\n\t\t\t\t<\/div>\n\t\t\t\t<\/div>\n\t\t\t\t<\/div>\n\t\t\t\t<div data-elementor-type=\"loop-item\" data-elementor-id=\"3242\" class=\"elementor elementor-3242 elementor-1270 e-loop-item e-loop-item-36 post-36 innovations type-innovations status-publish has-post-thumbnail hentry\" data-elementor-post-type=\"elementor_library\" data-custom-edit-handle=\"1\">\n\t\t\t<div class=\"elementor-element elementor-element-48cd821 e-con-full e-flex e-con e-parent\" data-id=\"48cd821\" data-element_type=\"container\" data-e-type=\"container\">\n\t\t\t\t<div class=\"elementor-element elementor-element-6336e81 elementor-widget elementor-widget-theme-post-featured-image elementor-widget-image\" data-id=\"6336e81\" data-element_type=\"widget\" data-e-type=\"widget\" data-widget_type=\"theme-post-featured-image.default\">\n\t\t\t\t<div class=\"elementor-widget-container\">\n\t\t\t\t\t\t\t\t\t\t\t\t<figure class=\"wp-caption\">\n\t\t\t\t\t\t\t\t\t\t<img loading=\"lazy\" decoding=\"async\" width=\"640\" height=\"327\" src=\"https:\/\/prathaminternational.org\/wp-content\/uploads\/2023\/11\/di.png\" class=\"attachment-large size-large wp-image-1967\" alt=\"\" srcset=\"https:\/\/prathaminternational.org\/wp-content\/uploads\/2023\/11\/di.png 822w, https:\/\/prathaminternational.org\/wp-content\/uploads\/2023\/11\/di-300x153.png 300w, https:\/\/prathaminternational.org\/wp-content\/uploads\/2023\/11\/di-768x392.png 768w\" sizes=\"(max-width: 640px) 100vw, 640px\" \/>\t\t\t\t\t\t\t\t\t\t\t<figcaption class=\"widget-image-caption wp-caption-text\">Credits: PEF<\/figcaption>\n\t\t\t\t\t\t\t\t\t\t<\/figure>\n\t\t\t\t\t\t\t\t\t<\/div>\n\t\t\t\t<\/div>\n\t\t\t\t<div class=\"elementor-element elementor-element-9f65df6 elementor-widget__width-initial elementor-widget elementor-widget-theme-post-title elementor-page-title elementor-widget-heading\" data-id=\"9f65df6\" data-element_type=\"widget\" data-e-type=\"widget\" data-widget_type=\"theme-post-title.default\">\n\t\t\t\t<div class=\"elementor-widget-container\">\n\t\t\t\t\t<h3 class=\"elementor-heading-title elementor-size-default\">Digital Initiatives<\/h3>\t\t\t\t<\/div>\n\t\t\t\t<\/div>\n\t\t\t\t<div class=\"elementor-element elementor-element-0d668c1 min-height-sc elementor-widget elementor-widget-theme-post-excerpt\" data-id=\"0d668c1\" data-element_type=\"widget\" data-e-type=\"widget\" data-widget_type=\"theme-post-excerpt.default\">\n\t\t\t\t<div class=\"elementor-widget-container\">\n\t\t\t\t\tWe harness Artificial Intelligence and Machine Learning for cutting-edge solutions in assessment, learner support, and digital content management. Our expertise also extends to technology tools in low-resource settings. \t\t\t\t<\/div>\n\t\t\t\t<\/div>\n\t\t\t\t<div class=\"elementor-element elementor-element-3a2b543 elementor-widget elementor-widget-text-editor\" data-id=\"3a2b543\" data-element_type=\"widget\" data-e-type=\"widget\" data-widget_type=\"text-editor.default\">\n\t\t\t\t<div class=\"elementor-widget-container\">\n\t\t\t\t\t\t\t\t\t<p>PR\u00d3XIMAMENTE<\/p>\n\t\t\t\t\t\t\t\t<\/div>\n\t\t\t\t<\/div>\n\t\t\t\t<\/div>\n\t\t\t\t<\/div>\n\t\t\t\t<div data-elementor-type=\"loop-item\" data-elementor-id=\"3242\" class=\"elementor elementor-3242 elementor-1270 e-loop-item e-loop-item-34 post-34 innovations type-innovations status-publish has-post-thumbnail hentry\" data-elementor-post-type=\"elementor_library\" data-custom-edit-handle=\"1\">\n\t\t\t<div class=\"elementor-element elementor-element-48cd821 e-con-full e-flex e-con e-parent\" data-id=\"48cd821\" data-element_type=\"container\" data-e-type=\"container\">\n\t\t\t\t<div class=\"elementor-element elementor-element-6336e81 elementor-widget elementor-widget-theme-post-featured-image elementor-widget-image\" data-id=\"6336e81\" data-element_type=\"widget\" data-e-type=\"widget\" data-widget_type=\"theme-post-featured-image.default\">\n\t\t\t\t<div class=\"elementor-widget-container\">\n\t\t\t\t\t\t\t\t\t\t\t\t<figure class=\"wp-caption\">\n\t\t\t\t\t\t\t\t\t\t<img loading=\"lazy\" decoding=\"async\" width=\"640\" height=\"327\" src=\"https:\/\/prathaminternational.org\/wp-content\/uploads\/2023\/11\/yt.png\" class=\"attachment-large size-large wp-image-1968\" alt=\"\" srcset=\"https:\/\/prathaminternational.org\/wp-content\/uploads\/2023\/11\/yt.png 822w, https:\/\/prathaminternational.org\/wp-content\/uploads\/2023\/11\/yt-300x153.png 300w, https:\/\/prathaminternational.org\/wp-content\/uploads\/2023\/11\/yt-768x392.png 768w\" sizes=\"(max-width: 640px) 100vw, 640px\" \/>\t\t\t\t\t\t\t\t\t\t\t<figcaption class=\"widget-image-caption wp-caption-text\">Credits: Pratham International<\/figcaption>\n\t\t\t\t\t\t\t\t\t\t<\/figure>\n\t\t\t\t\t\t\t\t\t<\/div>\n\t\t\t\t<\/div>\n\t\t\t\t<div class=\"elementor-element elementor-element-9f65df6 elementor-widget__width-initial elementor-widget elementor-widget-theme-post-title elementor-page-title elementor-widget-heading\" data-id=\"9f65df6\" data-element_type=\"widget\" data-e-type=\"widget\" data-widget_type=\"theme-post-title.default\">\n\t\t\t\t<div class=\"elementor-widget-container\">\n\t\t\t\t\t<h3 class=\"elementor-heading-title elementor-size-default\">Youth Training<\/h3>\t\t\t\t<\/div>\n\t\t\t\t<\/div>\n\t\t\t\t<div class=\"elementor-element elementor-element-0d668c1 min-height-sc elementor-widget elementor-widget-theme-post-excerpt\" data-id=\"0d668c1\" data-element_type=\"widget\" data-e-type=\"widget\" data-widget_type=\"theme-post-excerpt.default\">\n\t\t\t\t<div class=\"elementor-widget-container\">\n\t\t\t\t\tWe seek to partner with local institutions and governments to empower youth through skill-based interventions. \t\t\t\t<\/div>\n\t\t\t\t<\/div>\n\t\t\t\t<div class=\"elementor-element elementor-element-3a2b543 elementor-widget elementor-widget-text-editor\" data-id=\"3a2b543\" data-element_type=\"widget\" data-e-type=\"widget\" data-widget_type=\"text-editor.default\">\n\t\t\t\t<div class=\"elementor-widget-container\">\n\t\t\t\t\t\t\t\t\t<p>PR\u00d3XIMAMENTE<\/p>\n\t\t\t\t\t\t\t\t<\/div>\n\t\t\t\t<\/div>\n\t\t\t\t<\/div>\n\t\t\t\t<\/div>\n\t\t\t\t<\/div>\n\t\t\n\t\t\t\t\t\t<\/div>\n\t\t\t\t<\/div>\n\t\t\t\t<\/div>\n\t\t\t\t<\/div>\n\t\t","protected":false},"excerpt":{"rendered":"<p>Innovaciones Apoyar la adaptaci\u00f3n y expansi\u00f3n global de las innovaciones de Pratham. Nuestra experiencia abarca varias \u00e1reas de programas dedicados a abordar los retos de la educaci\u00f3n y los medios de subsistencia mediante adaptaciones contextualizadas, rentables y ampliables de las innovaciones de Pratham, pioneras en la India, a contextos de todo el Sur Global.<\/p>\n","protected":false},"author":1,"featured_media":0,"parent":0,"menu_order":0,"comment_status":"closed","ping_status":"closed","template":"builder-page.php","meta":{"_acf_changed":false,"inline_featured_image":false,"footnotes":""},"class_list":["post-3362","page","type-page","status-publish","hentry"],"acf":[],"_links":{"self":[{"href":"https:\/\/prathaminternational.org\/es\/wp-json\/wp\/v2\/pages\/3362","targetHints":{"allow":["GET"]}}],"collection":[{"href":"https:\/\/prathaminternational.org\/es\/wp-json\/wp\/v2\/pages"}],"about":[{"href":"https:\/\/prathaminternational.org\/es\/wp-json\/wp\/v2\/types\/page"}],"author":[{"embeddable":true,"href":"https:\/\/prathaminternational.org\/es\/wp-json\/wp\/v2\/users\/1"}],"replies":[{"embeddable":true,"href":"https:\/\/prathaminternational.org\/es\/wp-json\/wp\/v2\/comments?post=3362"}],"version-history":[{"count":2,"href":"https:\/\/prathaminternational.org\/es\/wp-json\/wp\/v2\/pages\/3362\/revisions"}],"predecessor-version":[{"id":3366,"href":"https:\/\/prathaminternational.org\/es\/wp-json\/wp\/v2\/pages\/3362\/revisions\/3366"}],"wp:attachment":[{"href":"https:\/\/prathaminternational.org\/es\/wp-json\/wp\/v2\/media?parent=3362"}],"curies":[{"name":"wp","href":"https:\/\/api.w.org\/{rel}","templated":true}]}}