{"id":3335,"date":"2024-04-06T10:40:04","date_gmt":"2024-04-06T10:40:04","guid":{"rendered":"https:\/\/prathaminternational.org\/informes-y-publicaciones\/"},"modified":"2024-07-30T07:12:42","modified_gmt":"2024-07-30T07:12:42","slug":"informes-y-publicaciones","status":"publish","type":"page","link":"https:\/\/prathaminternational.org\/es\/informes-y-publicaciones\/","title":{"rendered":"Informes y publicaciones"},"content":{"rendered":"<div id=\"pl-3335\"  class=\"panel-layout\" ><div id=\"pg-3335-0\"  class=\"panel-grid panel-has-style\" ><div class=\"banner_section joinus_banner panel-row-style panel-row-style-for-3335-0\" ><div id=\"pgc-3335-0-0\"  class=\"panel-grid-cell\" ><div id=\"panel-3335-0-0-0\" class=\"so-panel widget widget_siteorigin-panels-builder panel-first-child panel-last-child\" data-index=\"0\" ><div class=\"container panel-widget-style panel-widget-style-for-3335-0-0-0\" ><div id=\"pl-w664b37aadd464\"  class=\"panel-layout\" ><div id=\"pg-w664b37aadd464-0\"  class=\"panel-grid panel-no-style\" ><div id=\"pgc-w664b37aadd464-0-0\"  class=\"panel-grid-cell\" ><div id=\"panel-w664b37aadd464-0-0-0\" class=\"so-panel widget widget_sow-editor panel-first-child panel-last-child\" data-index=\"0\" ><div class=\"banner_details panel-widget-style panel-widget-style-for-w664b37aadd464-0-0-0\" ><div\n\t\t\t\n\t\t\tclass=\"so-widget-sow-editor so-widget-sow-editor-base\"\n\t\t\t\n\t\t>\n<div class=\"siteorigin-widget-tinymce textwidget\">\n\t<h1>Informes y publicaciones<\/h1>\n<p>  Inf\u00f3rmate sobre la investigaci\u00f3n y las mejores pr\u00e1cticas relacionadas con las innovaciones apoyadas por la Red Pratham.<\/p>\n<\/div>\n<\/div><\/div><\/div><\/div><\/div><\/div><\/div><\/div><\/div><\/div><\/div><\/div>","protected":false},"excerpt":{"rendered":"<p>Informes y publicaciones Inf\u00f3rmate sobre la investigaci\u00f3n y las mejores pr\u00e1cticas relacionadas con las innovaciones apoyadas por la Red Pratham.<\/p>\n","protected":false},"author":1,"featured_media":0,"parent":0,"menu_order":0,"comment_status":"closed","ping_status":"closed","template":"reports_publications-page.php","meta":{"_acf_changed":false,"inline_featured_image":false,"footnotes":""},"class_list":["post-3335","page","type-page","status-publish","hentry"],"acf":[],"_links":{"self":[{"href":"https:\/\/prathaminternational.org\/es\/wp-json\/wp\/v2\/pages\/3335","targetHints":{"allow":["GET"]}}],"collection":[{"href":"https:\/\/prathaminternational.org\/es\/wp-json\/wp\/v2\/pages"}],"about":[{"href":"https:\/\/prathaminternational.org\/es\/wp-json\/wp\/v2\/types\/page"}],"author":[{"embeddable":true,"href":"https:\/\/prathaminternational.org\/es\/wp-json\/wp\/v2\/users\/1"}],"replies":[{"embeddable":true,"href":"https:\/\/prathaminternational.org\/es\/wp-json\/wp\/v2\/comments?post=3335"}],"version-history":[{"count":1,"href":"https:\/\/prathaminternational.org\/es\/wp-json\/wp\/v2\/pages\/3335\/revisions"}],"predecessor-version":[{"id":3337,"href":"https:\/\/prathaminternational.org\/es\/wp-json\/wp\/v2\/pages\/3335\/revisions\/3337"}],"wp:attachment":[{"href":"https:\/\/prathaminternational.org\/es\/wp-json\/wp\/v2\/media?parent=3335"}],"curies":[{"name":"wp","href":"https:\/\/api.w.org\/{rel}","templated":true}]}}