{"id":3318,"date":"2024-04-16T06:32:27","date_gmt":"2024-04-16T06:32:27","guid":{"rendered":"https:\/\/prathaminternational.org\/vislumbres\/"},"modified":"2024-08-31T08:02:34","modified_gmt":"2024-08-31T08:02:34","slug":"vislumbres","status":"publish","type":"page","link":"https:\/\/prathaminternational.org\/es\/vislumbres\/","title":{"rendered":"Vislumbres"},"content":{"rendered":"\t\t<div data-elementor-type=\"wp-page\" data-elementor-id=\"3318\" class=\"elementor elementor-3318 elementor-1733\" data-elementor-post-type=\"page\">\n\t\t\t\t<div class=\"elementor-element elementor-element-cc2f35c e-con-full e-flex e-con e-parent\" data-id=\"cc2f35c\" data-element_type=\"container\" data-e-type=\"container\" data-settings=\"{&quot;background_background&quot;:&quot;classic&quot;}\">\n\t\t\t\t<div class=\"elementor-element elementor-element-78411c9 elementor-widget__width-initial elementor-absolute elementor-widget elementor-widget-text-editor\" data-id=\"78411c9\" data-element_type=\"widget\" data-e-type=\"widget\" data-settings=\"{&quot;_position&quot;:&quot;absolute&quot;}\" data-widget_type=\"text-editor.default\">\n\t\t\t\t<div class=\"elementor-widget-container\">\n\t\t\t\t\t\t\t\t\t<h1><strong>Vislumbres<\/strong><\/h1>\n<p><span style=\"font-weight: 400;\">Explora las \u00faltimas actualizaciones de los programas de Pratham International a trav\u00e9s de blogs, estudios de casos, publicaciones y mucho m\u00e1s<\/span><\/p>\n\t\t\t\t\t\t\t\t<\/div>\n\t\t\t\t<\/div>\n\t\t\t\t<\/div>\n\t\t<div class=\"elementor-element elementor-element-18c271c e-con-full e-flex e-con e-parent\" data-id=\"18c271c\" data-element_type=\"container\" data-e-type=\"container\">\n\t\t\t\t<div class=\"elementor-element elementor-element-5c821ee elementor-widget elementor-widget-text-editor\" data-id=\"5c821ee\" data-element_type=\"widget\" data-e-type=\"widget\" data-widget_type=\"text-editor.default\">\n\t\t\t\t<div class=\"elementor-widget-container\">\n\t\t\t\t\t\t\t\t\t<p><span style=\"font-weight: 400;\">Interact\u00faa con contenido diverso que incluya historias atractivas, blogs perspicaces y actualizaciones oportunas que iluminen los programas de Pratham International y un espectro de temas relevantes.<\/span><\/p>\n\t\t\t\t\t\t\t\t<\/div>\n\t\t\t\t<\/div>\n\t\t\t\t<\/div>\n\t\t<div class=\"elementor-element elementor-element-0d98818 e-con-full e-flex e-con e-parent\" data-id=\"0d98818\" data-element_type=\"container\" data-e-type=\"container\">\n\t\t<div class=\"elementor-element elementor-element-a5e7855 e-con-full e-flex e-con e-child\" data-id=\"a5e7855\" data-element_type=\"container\" data-e-type=\"container\">\n\t\t\t\t<div class=\"elementor-element elementor-element-6bbf302 elementor-widget elementor-widget-image\" data-id=\"6bbf302\" data-element_type=\"widget\" data-e-type=\"widget\" data-widget_type=\"image.default\">\n\t\t\t\t<div class=\"elementor-widget-container\">\n\t\t\t\t\t\t\t\t\t\t\t\t\t\t\t<img fetchpriority=\"high\" decoding=\"async\" width=\"803\" height=\"410\" src=\"https:\/\/prathaminternational.org\/wp-content\/uploads\/2024\/04\/stories.png\" class=\"attachment-full size-full wp-image-3011\" alt=\"\" srcset=\"https:\/\/prathaminternational.org\/wp-content\/uploads\/2024\/04\/stories.png 803w, https:\/\/prathaminternational.org\/wp-content\/uploads\/2024\/04\/stories-300x153.png 300w, https:\/\/prathaminternational.org\/wp-content\/uploads\/2024\/04\/stories-768x392.png 768w\" sizes=\"(max-width: 803px) 100vw, 803px\" \/>\t\t\t\t\t\t\t\t\t\t\t\t\t\t\t<\/div>\n\t\t\t\t<\/div>\n\t\t\t\t<div class=\"elementor-element elementor-element-743c3d5 elementor-widget__width-initial elementor-absolute elementor-widget elementor-widget-heading\" data-id=\"743c3d5\" data-element_type=\"widget\" data-e-type=\"widget\" data-settings=\"{&quot;_position&quot;:&quot;absolute&quot;}\" data-widget_type=\"heading.default\">\n\t\t\t\t<div class=\"elementor-widget-container\">\n\t\t\t\t\t<h3 class=\"elementor-heading-title elementor-size-default\">Historias<\/h3>\t\t\t\t<\/div>\n\t\t\t\t<\/div>\n\t\t\t\t<div class=\"elementor-element elementor-element-ae9ae4a sc-read elementor-widget elementor-widget-text-editor\" data-id=\"ae9ae4a\" data-element_type=\"widget\" data-e-type=\"widget\" data-widget_type=\"text-editor.default\">\n\t\t\t\t<div class=\"elementor-widget-container\">\n\t\t\t\t\t\t\t\t\t<p><span style=\"font-weight: 400;\">Nuestras historias, escritas en forma de blogs, reflexiones y dem\u00e1s, ofrecen una visi\u00f3n \u00fanica del impacto transformador de nuestras innovaciones en diversos contextos.<\/span><\/p>\n<p><strong><a href=\"https:\/\/prathaminternational.org\/es\/historias\/\">Sigue leyendo<\/a><\/strong><\/p>\n\t\t\t\t\t\t\t\t<\/div>\n\t\t\t\t<\/div>\n\t\t\t\t<\/div>\n\t\t<div class=\"elementor-element elementor-element-feac9ea e-con-full e-flex e-con e-child\" data-id=\"feac9ea\" data-element_type=\"container\" data-e-type=\"container\">\n\t\t\t\t<div class=\"elementor-element elementor-element-b46f6b1 elementor-widget elementor-widget-image\" data-id=\"b46f6b1\" data-element_type=\"widget\" data-e-type=\"widget\" data-widget_type=\"image.default\">\n\t\t\t\t<div class=\"elementor-widget-container\">\n\t\t\t\t\t\t\t\t\t\t\t\t\t\t\t<img decoding=\"async\" width=\"803\" height=\"410\" src=\"https:\/\/prathaminternational.org\/wp-content\/uploads\/2024\/05\/collab.jpg\" class=\"attachment-full size-full wp-image-3083\" alt=\"\" srcset=\"https:\/\/prathaminternational.org\/wp-content\/uploads\/2024\/05\/collab.jpg 803w, https:\/\/prathaminternational.org\/wp-content\/uploads\/2024\/05\/collab-300x153.jpg 300w, https:\/\/prathaminternational.org\/wp-content\/uploads\/2024\/05\/collab-768x392.jpg 768w\" sizes=\"(max-width: 803px) 100vw, 803px\" \/>\t\t\t\t\t\t\t\t\t\t\t\t\t\t\t<\/div>\n\t\t\t\t<\/div>\n\t\t\t\t<div class=\"elementor-element elementor-element-67bd393 elementor-widget__width-initial elementor-absolute elementor-widget elementor-widget-heading\" data-id=\"67bd393\" data-element_type=\"widget\" data-e-type=\"widget\" data-settings=\"{&quot;_position&quot;:&quot;absolute&quot;}\" data-widget_type=\"heading.default\">\n\t\t\t\t<div class=\"elementor-widget-container\">\n\t\t\t\t\t<h3 class=\"elementor-heading-title elementor-size-default\">Colaboraciones<\/h3>\t\t\t\t<\/div>\n\t\t\t\t<\/div>\n\t\t\t\t<div class=\"elementor-element elementor-element-0766777 sc-read elementor-widget elementor-widget-text-editor\" data-id=\"0766777\" data-element_type=\"widget\" data-e-type=\"widget\" data-widget_type=\"text-editor.default\">\n\t\t\t\t<div class=\"elementor-widget-container\">\n\t\t\t\t\t\t\t\t\t<p><span style=\"font-weight: 400;\">Nuestros estudios de casos de pa\u00edses te ayudan a descubrir c\u00f3mo nuestras innovaciones apoyan a los ni\u00f1os y j\u00f3venes del Sur Global.<\/span><\/p>\n<p><strong><a href=\"https:\/\/prathaminternational.org\/es\/colaboraciones\/\">Sigue leyendo<\/a><\/strong><\/p>\n\t\t\t\t\t\t\t\t<\/div>\n\t\t\t\t<\/div>\n\t\t\t\t<\/div>\n\t\t\t\t<\/div>\n\t\t<div class=\"elementor-element elementor-element-160c0fc e-con-full e-flex e-con e-parent\" data-id=\"160c0fc\" data-element_type=\"container\" data-e-type=\"container\">\n\t\t<div class=\"elementor-element elementor-element-de9b49d e-con-full e-flex e-con e-child\" data-id=\"de9b49d\" data-element_type=\"container\" data-e-type=\"container\">\n\t\t\t\t<div class=\"elementor-element elementor-element-6c8dd34 elementor-widget elementor-widget-image\" data-id=\"6c8dd34\" data-element_type=\"widget\" data-e-type=\"widget\" data-widget_type=\"image.default\">\n\t\t\t\t<div class=\"elementor-widget-container\">\n\t\t\t\t\t\t\t\t\t\t\t\t\t\t\t<img decoding=\"async\" width=\"803\" height=\"410\" src=\"https:\/\/prathaminternational.org\/wp-content\/uploads\/2024\/05\/rp.jpg\" class=\"attachment-full size-full wp-image-3080\" alt=\"\" srcset=\"https:\/\/prathaminternational.org\/wp-content\/uploads\/2024\/05\/rp.jpg 803w, https:\/\/prathaminternational.org\/wp-content\/uploads\/2024\/05\/rp-300x153.jpg 300w, https:\/\/prathaminternational.org\/wp-content\/uploads\/2024\/05\/rp-768x392.jpg 768w\" sizes=\"(max-width: 803px) 100vw, 803px\" \/>\t\t\t\t\t\t\t\t\t\t\t\t\t\t\t<\/div>\n\t\t\t\t<\/div>\n\t\t\t\t<div class=\"elementor-element elementor-element-bde70a1 elementor-widget__width-initial elementor-absolute elementor-widget elementor-widget-heading\" data-id=\"bde70a1\" data-element_type=\"widget\" data-e-type=\"widget\" data-settings=\"{&quot;_position&quot;:&quot;absolute&quot;}\" data-widget_type=\"heading.default\">\n\t\t\t\t<div class=\"elementor-widget-container\">\n\t\t\t\t\t<h3 class=\"elementor-heading-title elementor-size-default\">Informes y publicaciones<\/h3>\t\t\t\t<\/div>\n\t\t\t\t<\/div>\n\t\t\t\t<div class=\"elementor-element elementor-element-71389b4 sc-read elementor-widget elementor-widget-text-editor\" data-id=\"71389b4\" data-element_type=\"widget\" data-e-type=\"widget\" data-widget_type=\"text-editor.default\">\n\t\t\t\t<div class=\"elementor-widget-container\">\n\t\t\t\t\t\t\t\t\t<p><span style=\"font-weight: 400;\">Mantente informado sobre la investigaci\u00f3n y las mejores pr\u00e1cticas relacionadas con las innovaciones apoyadas por la Red Pratham.<br \/>\nPara acceder a nuestros informes y publicaciones <\/span><\/p>\n<p><strong><a href=\"https:\/\/prathaminternational.org\/es\/informes-y-publicaciones\/\">Haz clic aqu\u00ed<\/a><\/strong><\/p>\n\t\t\t\t\t\t\t\t<\/div>\n\t\t\t\t<\/div>\n\t\t\t\t<\/div>\n\t\t<div class=\"elementor-element elementor-element-fbfa4c6 e-con-full e-flex e-con e-child\" data-id=\"fbfa4c6\" data-element_type=\"container\" data-e-type=\"container\">\n\t\t\t\t<\/div>\n\t\t\t\t<\/div>\n\t\t\t\t<\/div>\n\t\t","protected":false},"excerpt":{"rendered":"<p>Vislumbres Explora las \u00faltimas actualizaciones de los programas de Pratham International a trav\u00e9s de blogs, estudios de casos, publicaciones y mucho m\u00e1s Interact\u00faa con contenido diverso que incluya historias atractivas, blogs perspicaces y actualizaciones oportunas que iluminen los programas de Pratham International y un espectro de temas relevantes. Historias Nuestras historias, escritas en forma de [&hellip;]<\/p>\n","protected":false},"author":1,"featured_media":0,"parent":0,"menu_order":0,"comment_status":"closed","ping_status":"closed","template":"builder-page.php","meta":{"_acf_changed":false,"inline_featured_image":false,"footnotes":""},"class_list":["post-3318","page","type-page","status-publish","hentry"],"acf":[],"_links":{"self":[{"href":"https:\/\/prathaminternational.org\/es\/wp-json\/wp\/v2\/pages\/3318","targetHints":{"allow":["GET"]}}],"collection":[{"href":"https:\/\/prathaminternational.org\/es\/wp-json\/wp\/v2\/pages"}],"about":[{"href":"https:\/\/prathaminternational.org\/es\/wp-json\/wp\/v2\/types\/page"}],"author":[{"embeddable":true,"href":"https:\/\/prathaminternational.org\/es\/wp-json\/wp\/v2\/users\/1"}],"replies":[{"embeddable":true,"href":"https:\/\/prathaminternational.org\/es\/wp-json\/wp\/v2\/comments?post=3318"}],"version-history":[{"count":5,"href":"https:\/\/prathaminternational.org\/es\/wp-json\/wp\/v2\/pages\/3318\/revisions"}],"predecessor-version":[{"id":3842,"href":"https:\/\/prathaminternational.org\/es\/wp-json\/wp\/v2\/pages\/3318\/revisions\/3842"}],"wp:attachment":[{"href":"https:\/\/prathaminternational.org\/es\/wp-json\/wp\/v2\/media?parent=3318"}],"curies":[{"name":"wp","href":"https:\/\/api.w.org\/{rel}","templated":true}]}}