{"id":3303,"date":"2024-05-14T10:59:14","date_gmt":"2024-05-14T10:59:14","guid":{"rendered":"https:\/\/prathaminternational.org\/politica-de-privacidad\/"},"modified":"2024-07-30T07:12:34","modified_gmt":"2024-07-30T07:12:34","slug":"politica-de-privacidad","status":"publish","type":"page","link":"https:\/\/prathaminternational.org\/es\/politica-de-privacidad\/","title":{"rendered":"Pol\u00edtica de privacidad"},"content":{"rendered":"\t\t<div data-elementor-type=\"wp-page\" data-elementor-id=\"3303\" class=\"elementor elementor-3303 elementor-1994\" data-elementor-post-type=\"page\">\n\t\t\t\t<div class=\"elementor-element elementor-element-c6d2ca7 e-flex e-con-boxed e-con e-parent\" data-id=\"c6d2ca7\" data-element_type=\"container\" data-e-type=\"container\" data-settings=\"{&quot;background_background&quot;:&quot;classic&quot;}\">\n\t\t\t\t\t<div class=\"e-con-inner\">\n\t\t\t\t<div class=\"elementor-element elementor-element-a86b36b elementor-widget__width-initial elementor-absolute elementor-widget elementor-widget-text-editor\" data-id=\"a86b36b\" data-element_type=\"widget\" data-e-type=\"widget\" data-settings=\"{&quot;_position&quot;:&quot;absolute&quot;}\" data-widget_type=\"text-editor.default\">\n\t\t\t\t<div class=\"elementor-widget-container\">\n\t\t\t\t\t\t\t\t\t<h1><b>Pol\u00edtica de privacidad<\/b><\/h1>\n<p><span style=\"font-weight: 400;\">A continuaci\u00f3n se describen nuestras pr\u00e1cticas de recopilaci\u00f3n y difusi\u00f3n de informaci\u00f3n en Pratham Internacional.<\/span><\/p>\n\t\t\t\t\t\t\t\t<\/div>\n\t\t\t\t<\/div>\n\t\t\t\t\t<\/div>\n\t\t\t\t<\/div>\n\t\t<div class=\"elementor-element elementor-element-4c8278c e-con-full .container e-flex e-con e-parent\" data-id=\"4c8278c\" data-element_type=\"container\" data-e-type=\"container\">\n\t\t\t\t<div class=\"elementor-element elementor-element-fb0b125 elementor-widget elementor-widget-text-editor\" data-id=\"fb0b125\" data-element_type=\"widget\" data-e-type=\"widget\" data-widget_type=\"text-editor.default\">\n\t\t\t\t<div class=\"elementor-widget-container\">\n\t\t\t\t\t\t\t\t\t<p><b>Proteger tus datos personales<\/b><\/p>\n<p><span style=\"font-weight: 400;\">Pratham International ha creado esta Pol\u00edtica de privacidad para explicar por qu\u00e9 recopilamos determinada informaci\u00f3n y c\u00f3mo protegeremos tu privacidad personal cuando visites nuestro sitio web o hagas una donaci\u00f3n en l\u00ednea o fuera de l\u00ednea.<\/span><\/p>\n<p><span style=\"font-weight: 400;\">A continuaci\u00f3n se describen nuestras pr\u00e1cticas de recopilaci\u00f3n y difusi\u00f3n de informaci\u00f3n en Pratham Internacional.<\/span><\/p>\n<p><span style=\"font-weight: 400;\">Pratham International se reserva el derecho a modificar, en cualquier momento y sin previo aviso, esta Pol\u00edtica de Privacidad, simplemente publicando dichos cambios en Prathaminternational.org (el Sitio).<br \/>\nCualquier cambio de este tipo entrar\u00e1 en vigor inmediatamente despu\u00e9s de su publicaci\u00f3n. <\/span><\/p>\n<p><span style=\"font-weight: 400;\">Porque queremos demostrar nuestro compromiso con tu privacidad, esta Pol\u00edtica de Privacidad te informa de:<\/span><\/p>\n<ol>\n<li style=\"font-weight: 400;\" aria-level=\"1\"><span style=\"font-weight: 400;\">Qu\u00e9 informaci\u00f3n personal identificable tuya se recoge a trav\u00e9s del Sitio, y cu\u00e1ndo se recogen donaciones online y offline.<\/span><\/li>\n<li style=\"font-weight: 400;\" aria-level=\"1\"><span style=\"font-weight: 400;\">Qui\u00e9n recoge dicha informaci\u00f3n.<\/span><\/li>\n<li style=\"font-weight: 400;\" aria-level=\"1\"><span style=\"font-weight: 400;\">C\u00f3mo se utiliza dicha informaci\u00f3n.<\/span><\/li>\n<li style=\"font-weight: 400;\" aria-level=\"1\"><span style=\"font-weight: 400;\">Con qui\u00e9n puede compartirse tu informaci\u00f3n.<\/span><\/li>\n<li style=\"font-weight: 400;\" aria-level=\"1\"><span style=\"font-weight: 400;\">Qu\u00e9 opciones tienes respecto a la recogida, uso y distribuci\u00f3n de tu informaci\u00f3n.<\/span><\/li>\n<li style=\"font-weight: 400;\" aria-level=\"1\"><span style=\"font-weight: 400;\">Qu\u00e9 tipo de procedimientos de seguridad existen para proteger la p\u00e9rdida, el uso indebido o la alteraci\u00f3n de la informaci\u00f3n bajo nuestro control.<\/span><\/li>\n<li style=\"font-weight: 400;\" aria-level=\"1\"><span style=\"font-weight: 400;\">C\u00f3mo puedes corregir cualquier inexactitud en tu informaci\u00f3n.<\/span><\/li>\n<\/ol>\n<p><span style=\"font-weight: 400;\"> <\/span><\/p>\n<p><b>QU\u00c9 INFORMACI\u00d3N RECOGEMOS Y C\u00d3MO LA UTILIZAMOS<\/b><\/p>\n<p><span style=\"font-weight: 400;\">Nuestros formularios de registro y donaci\u00f3n online y offline requieren que los usuarios nos faciliten informaci\u00f3n de contacto que puede incluir nombre, direcci\u00f3n de correo electr\u00f3nico, preferencia de formato (HTML vs. Texto), direcci\u00f3n, n\u00famero de tel\u00e9fono, intereses e informaci\u00f3n similar.<br \/>\nNo venderemos, intercambiaremos, alquilaremos ni revelaremos de ning\u00fan otro modo esta informaci\u00f3n a terceros, ni te enviaremos correos en nombre de otras organizaciones.<br \/>\nLa informaci\u00f3n de identificaci\u00f3n personal se almacena en nuestra base de datos protegida por contrase\u00f1a y no es de acceso p\u00fablico.<br \/>\nAdem\u00e1s, s\u00f3lo el personal tiene acceso a la informaci\u00f3n de identificaci\u00f3n personal en caso de \u00abnecesidad de saber\u00bb.<br \/>\nPratham International no solicita ni almacena informaci\u00f3n sensible, como n\u00fameros de tarjetas de cr\u00e9dito o de la seguridad social.    <\/span><\/p>\n<p><b>DIRECCI\u00d3N DE PROTOCOLO DE INTERNET<\/b><\/p>\n<p><span style=\"font-weight: 400;\">Recogemos una direcci\u00f3n IP de todos los visitantes de nuestro Sitio.<br \/>\nUna direcci\u00f3n IP es un n\u00famero que se asigna autom\u00e1ticamente a tu ordenador cuando utilizas Internet.<br \/>\nUtilizamos las direcciones IP para ayudar a diagnosticar problemas con nuestro servidor, administrar nuestro Sitio, analizar tendencias, rastrear el movimiento de los usuarios, recopilar informaci\u00f3n demogr\u00e1fica amplia para uso agregado con el fin de que podamos mejorar el sitio y ofrecer contenido personalizado a medida.<br \/>\nLas direcciones IP no est\u00e1n vinculadas a informaci\u00f3n personal identificable.   <\/span><\/p>\n<p><b>USO DE \u00abCOOKIES<\/b><\/p>\n<p><span style=\"font-weight: 400;\">Nuestro Sitio puede utilizar cookies para mejorar tu experiencia mientras lo utilizas.<br \/>\nLas cookies son fragmentos de informaci\u00f3n que algunos sitios web transfieren al ordenador que est\u00e1 navegando por ese sitio web y se utilizan con fines de mantenimiento de registros.<br \/>\nEl uso de cookies facilita la navegaci\u00f3n por la web al realizar determinadas funciones, como guardar tus contrase\u00f1as y tus preferencias personales sobre el uso de un sitio web concreto para asegurarse de que no ves el mismo anuncio repetidamente.<br \/>\nMuchos consideran que el uso de cookies es una norma del sector.   <\/span><\/p>\n<p><span style=\"font-weight: 400;\">Es probable que tu navegador est\u00e9 configurado para aceptar cookies.<br \/>\nSin embargo, si prefieres no recibir cookies, puedes modificar la configuraci\u00f3n de tu navegador para que las rechace.<br \/>\nSi decides que tu navegador rechace las cookies, es posible que algunas \u00e1reas de nuestro Sitio no funcionen correctamente cuando las veas.  <\/span><\/p>\n<p><b>SEGURIDAD<\/b><\/p>\n<p><span style=\"font-weight: 400;\">Toda la informaci\u00f3n facilitada a Pratham Internacional se transmite mediante encriptaci\u00f3n SSL (Secure Socket Layer).<br \/>\nSSL es un sistema de codificaci\u00f3n de eficacia probada que permite a tu navegador codificar o encriptar autom\u00e1ticamente los datos antes de envi\u00e1rnoslos.<br \/>\nTambi\u00e9n protegemos la informaci\u00f3n de la cuenta coloc\u00e1ndola en una parte segura de nuestro Sitio a la que s\u00f3lo pueden acceder determinados empleados cualificados de Pratham International.<br \/>\nSin embargo, ninguna transmisi\u00f3n de datos por Internet es 100% segura.<br \/>\nAunque nos esforzamos por proteger tu informaci\u00f3n, no podemos asegurar ni garantizar la seguridad de dicha informaci\u00f3n.    <\/span><\/p>\n<p><b>DONACIONES ONLINE\/OFFLINE<\/b><\/p>\n<p><span style=\"font-weight: 400;\">Cuando proporcionas a Pratham informaci\u00f3n sobre ti y\/o tu organizaci\u00f3n al inscribirte en un acto, hacer un donativo (online y offline) o solicitar un empleo, esta informaci\u00f3n no se utiliza para ning\u00fan otro fin que no sea satisfacer tu solicitud, y no se comparte con terceros.<br \/>\nSin embargo, los donantes y visitantes deben ser conscientes de que la informaci\u00f3n recopilada online u offline puede estar sujeta a examen e inspecci\u00f3n si dicha informaci\u00f3n es un registro p\u00fablico o no est\u00e1 protegida de otro modo contra la divulgaci\u00f3n. <\/span><\/p>\n<p><b>D\u00cdSELO A UN AMIGO<\/b><\/p>\n<p><span style=\"font-weight: 400;\">Si un usuario decide utilizar nuestro servicio de recomendaci\u00f3n para informar a un amigo sobre nuestra organizaci\u00f3n, le pedimos el nombre y la direcci\u00f3n de correo electr\u00f3nico de su amigo.<br \/>\nPratham International enviar\u00e1 autom\u00e1ticamente al amigo un \u00fanico correo electr\u00f3nico invit\u00e1ndole a visitar el sitio web.<br \/>\nPratham International almacena esta informaci\u00f3n con el \u00fanico fin de enviar este \u00fanico correo electr\u00f3nico.  <\/span><\/p>\n<p><b>OTROS SITIOS WEB<\/b><\/p>\n<p><span style=\"font-weight: 400;\">Nuestro Sitio contiene enlaces a otros sitios web.<br \/>\nTen en cuenta que cuando haces clic en uno de estos enlaces, entras en otro sitio web sobre el que Pratham International no tiene ninguna responsabilidad.<br \/>\nTe recomendamos que leas las declaraciones de privacidad de todos esos sitios, ya que sus pol\u00edticas pueden ser diferentes de las nuestras.  <\/span><\/p>\n<p><b>OPT-OUT<\/b><\/p>\n<p><span style=\"font-weight: 400;\">Si te has registrado para recibir comunicaciones nuestras y m\u00e1s tarde cambias de opini\u00f3n, puedes ponerte en contacto con nosotros para que eliminemos tu nombre e informaci\u00f3n de contacto de nuestras listas de distribuci\u00f3n.<br \/>\nPuedes enviarnos un correo electr\u00f3nico o escribirnos a la direcci\u00f3n de contacto que figura a continuaci\u00f3n. <\/span><\/p>\n<p><b>CONTACTAR CON NOSOTROS<\/b><\/p>\n<p><span style=\"font-weight: 400;\">Si tienes alguna pregunta sobre esta Pol\u00edtica de Privacidad, puedes ponerte en contacto con nosotros en<\/span><\/p>\n<p><span style=\"font-weight: 400;\">Pratham Internacional<\/span><span style=\"font-weight: 400;\"><br \/><\/span><span style=\"font-weight: 400;\">1150 Walnut Street, 2\u00aa planta<\/span><span style=\"font-weight: 400;\"><br \/><\/span><span style=\"font-weight: 400;\">Newton, MA 02461 <\/span> <\/p>\n<p><a href=\"mailto:info@prathaminternational.org\"><b>info@prathaminternational.org<\/b><\/a><\/p>\n\t\t\t\t\t\t\t\t<\/div>\n\t\t\t\t<\/div>\n\t\t\t\t<\/div>\n\t\t\t\t<\/div>\n\t\t","protected":false},"excerpt":{"rendered":"<p>Pol\u00edtica de privacidad A continuaci\u00f3n se describen nuestras pr\u00e1cticas de recopilaci\u00f3n y difusi\u00f3n de informaci\u00f3n en Pratham Internacional. Proteger tus datos personales Pratham International ha creado esta Pol\u00edtica de privacidad para explicar por qu\u00e9 recopilamos determinada informaci\u00f3n y c\u00f3mo protegeremos tu privacidad personal cuando visites nuestro sitio web o hagas una donaci\u00f3n en l\u00ednea o [&hellip;]<\/p>\n","protected":false},"author":1,"featured_media":0,"parent":0,"menu_order":0,"comment_status":"closed","ping_status":"closed","template":"elementor_header_footer","meta":{"_acf_changed":false,"inline_featured_image":false,"footnotes":""},"class_list":["post-3303","page","type-page","status-publish","hentry"],"acf":[],"_links":{"self":[{"href":"https:\/\/prathaminternational.org\/es\/wp-json\/wp\/v2\/pages\/3303","targetHints":{"allow":["GET"]}}],"collection":[{"href":"https:\/\/prathaminternational.org\/es\/wp-json\/wp\/v2\/pages"}],"about":[{"href":"https:\/\/prathaminternational.org\/es\/wp-json\/wp\/v2\/types\/page"}],"author":[{"embeddable":true,"href":"https:\/\/prathaminternational.org\/es\/wp-json\/wp\/v2\/users\/1"}],"replies":[{"embeddable":true,"href":"https:\/\/prathaminternational.org\/es\/wp-json\/wp\/v2\/comments?post=3303"}],"version-history":[{"count":2,"href":"https:\/\/prathaminternational.org\/es\/wp-json\/wp\/v2\/pages\/3303\/revisions"}],"predecessor-version":[{"id":3307,"href":"https:\/\/prathaminternational.org\/es\/wp-json\/wp\/v2\/pages\/3303\/revisions\/3307"}],"wp:attachment":[{"href":"https:\/\/prathaminternational.org\/es\/wp-json\/wp\/v2\/media?parent=3303"}],"curies":[{"name":"wp","href":"https:\/\/api.w.org\/{rel}","templated":true}]}}