{"id":3194,"date":"2023-11-27T06:51:45","date_gmt":"2023-11-27T06:51:45","guid":{"rendered":"https:\/\/prathaminternational.org\/unete-a-nosotros\/"},"modified":"2024-07-30T07:09:31","modified_gmt":"2024-07-30T07:09:31","slug":"unete-a-nosotros","status":"publish","type":"page","link":"https:\/\/prathaminternational.org\/es\/unete-a-nosotros\/","title":{"rendered":"\u00danete a nosotros"},"content":{"rendered":"<div id=\"pl-3194\"  class=\"panel-layout\" ><div id=\"pg-3194-0\"  class=\"panel-grid panel-has-style\" ><div class=\"banner_section joinus_banner panel-row-style panel-row-style-for-3194-0\" ><div id=\"pgc-3194-0-0\"  class=\"panel-grid-cell\" ><div id=\"panel-3194-0-0-0\" class=\"so-panel widget widget_siteorigin-panels-builder panel-first-child panel-last-child\" data-index=\"0\" ><div class=\"container panel-widget-style panel-widget-style-for-3194-0-0-0\" ><div id=\"pl-w65adddd4a1557\"  class=\"panel-layout\" ><div id=\"pg-w65adddd4a1557-0\"  class=\"panel-grid panel-no-style\" ><div id=\"pgc-w65adddd4a1557-0-0\"  class=\"panel-grid-cell\" ><div id=\"panel-w65adddd4a1557-0-0-0\" class=\"so-panel widget widget_sow-editor panel-first-child panel-last-child\" data-index=\"0\" ><div class=\"banner_details panel-widget-style panel-widget-style-for-w65adddd4a1557-0-0-0\" ><div\n\t\t\t\n\t\t\tclass=\"so-widget-sow-editor so-widget-sow-editor-base\"\n\t\t\t\n\t\t>\n<div class=\"siteorigin-widget-tinymce textwidget\">\n\t<h1>\u00danete a nosotros<\/h1>\n<p>  \u00danete a nuestro equipo de apasionados del cambio y forma parte de un movimiento mundial para transformar vidas a trav\u00e9s de la educaci\u00f3n.<\/p>\n<\/div>\n<\/div><\/div><\/div><\/div><\/div><\/div><\/div><\/div><\/div><\/div><\/div><\/div>","protected":false},"excerpt":{"rendered":"<p>\u00danete a nosotros \u00danete a nuestro equipo de apasionados del cambio y forma parte de un movimiento mundial para transformar vidas a trav\u00e9s de la educaci\u00f3n.<\/p>\n","protected":false},"author":1,"featured_media":0,"parent":0,"menu_order":0,"comment_status":"closed","ping_status":"closed","template":"innovation-page.php","meta":{"_acf_changed":false,"inline_featured_image":false,"footnotes":""},"class_list":["post-3194","page","type-page","status-publish","hentry"],"acf":[],"_links":{"self":[{"href":"https:\/\/prathaminternational.org\/es\/wp-json\/wp\/v2\/pages\/3194","targetHints":{"allow":["GET"]}}],"collection":[{"href":"https:\/\/prathaminternational.org\/es\/wp-json\/wp\/v2\/pages"}],"about":[{"href":"https:\/\/prathaminternational.org\/es\/wp-json\/wp\/v2\/types\/page"}],"author":[{"embeddable":true,"href":"https:\/\/prathaminternational.org\/es\/wp-json\/wp\/v2\/users\/1"}],"replies":[{"embeddable":true,"href":"https:\/\/prathaminternational.org\/es\/wp-json\/wp\/v2\/comments?post=3194"}],"version-history":[{"count":1,"href":"https:\/\/prathaminternational.org\/es\/wp-json\/wp\/v2\/pages\/3194\/revisions"}],"predecessor-version":[{"id":3196,"href":"https:\/\/prathaminternational.org\/es\/wp-json\/wp\/v2\/pages\/3194\/revisions\/3196"}],"wp:attachment":[{"href":"https:\/\/prathaminternational.org\/es\/wp-json\/wp\/v2\/media?parent=3194"}],"curies":[{"name":"wp","href":"https:\/\/api.w.org\/{rel}","templated":true}]}}